{"id":755777,"date":"2025-08-28T06:48:38","date_gmt":"2025-08-28T03:48:38","guid":{"rendered":"https:\/\/roveyayinevi.com.tr\/index.php\/urun\/kesisme-3\/"},"modified":"2026-04-16T03:08:52","modified_gmt":"2026-04-16T00:08:52","slug":"kesisme-3","status":"publish","type":"product","link":"https:\/\/roveyayinevi.com.tr\/index.php\/urun\/kesisme-3\/","title":{"rendered":"Kesi\u015fme"},"content":{"rendered":"<p>Anadolu\u2019da binlerce y\u0131ld\u0131r; dini, dili, \u0131rk\u0131 farkl\u0131 y\u00fczlerce farkl\u0131 toplum ya\u015fam\u0131\u015ft\u0131r. Fakat hepsinin kaderi neredeyse ayn\u0131 olmu\u015f, bir yerlerde kesi\u015fmi\u015ftir. Bu kitap, farkl\u0131 d\u00f6nemlerde ya\u015fayan Anadolu insan\u0131n\u0131n kesi\u015fen hayatlar\u0131n\u0131, ger\u00e7ek tarihsel olaylar ve ki\u015filer ile hayal \u00fcr\u00fcn\u00fc roman kahramanlar\u0131 \u0131\u015f\u0131\u011f\u0131nda g\u00f6zler \u00f6n\u00fcne seriyor: Pers k\u0131z\u0131 Tamara, Yunan genci Nikias; T\u00fcrk k\u0131z\u0131 Elif, Yunan genci Vasilis, Ufuk ve Defne\u2026 Daha nice kesi\u015fen hayatlar&#8230; Do\u00e7. Dr. Cenker Atila, Fo\u00e7a\u2019y\u0131 merkez alarak, bizi Antik \u00c7a\u011f\u2019dan g\u00fcn\u00fcm\u00fcze uzun ve zevkli bir tarih yolculu\u011funa \u00e7\u0131kar\u0131yor. <\/p>\n","protected":false},"excerpt":{"rendered":"<p>Anadolu\u2019da binlerce y\u0131ld\u0131r; dini, dili, \u0131rk\u0131 farkl\u0131 y\u00fczlerce farkl\u0131 toplum ya\u015fam\u0131\u015ft\u0131r. Fakat hepsinin kaderi neredeyse ayn\u0131 olmu\u015f, bir yerlerde kesi\u015fmi\u015ftir. Bu kitap, farkl\u0131 d\u00f6nemlerde ya\u015fayan Anadolu<span class=\"excerpt-hellip\"> [\u2026]<\/span><\/p>\n","protected":false},"featured_media":0,"template":"","meta":{"_monsterinsights_skip_tracking":false,"_monsterinsights_sitenote_active":false,"_monsterinsights_sitenote_note":"","_monsterinsights_sitenote_category":0},"product_brand":[],"product_cat":[12291,12711],"product_tag":[],"class_list":{"0":"post-755777","1":"product","2":"type-product","3":"status-publish","5":"product_cat-edebiyat","6":"product_cat-roman-oyku","7":"pa_cilt-ciltsiz","8":"pa_tur-kitap","9":"pa_yayinevi-myrina-yayinlari","10":"pa_yazar-cenker-atila","12":"first","13":"instock","14":"sale","15":"shipping-taxable","16":"purchasable","17":"product-type-simple"},"_links":{"self":[{"href":"https:\/\/roveyayinevi.com.tr\/index.php\/wp-json\/wp\/v2\/product\/755777","targetHints":{"allow":["GET"]}}],"collection":[{"href":"https:\/\/roveyayinevi.com.tr\/index.php\/wp-json\/wp\/v2\/product"}],"about":[{"href":"https:\/\/roveyayinevi.com.tr\/index.php\/wp-json\/wp\/v2\/types\/product"}],"wp:attachment":[{"href":"https:\/\/roveyayinevi.com.tr\/index.php\/wp-json\/wp\/v2\/media?parent=755777"}],"wp:term":[{"taxonomy":"product_brand","embeddable":true,"href":"https:\/\/roveyayinevi.com.tr\/index.php\/wp-json\/wp\/v2\/product_brand?post=755777"},{"taxonomy":"product_cat","embeddable":true,"href":"https:\/\/roveyayinevi.com.tr\/index.php\/wp-json\/wp\/v2\/product_cat?post=755777"},{"taxonomy":"product_tag","embeddable":true,"href":"https:\/\/roveyayinevi.com.tr\/index.php\/wp-json\/wp\/v2\/product_tag?post=755777"}],"curies":[{"name":"wp","href":"https:\/\/api.w.org\/{rel}","templated":true}]}}