{"id":755774,"date":"2025-08-28T06:48:34","date_gmt":"2025-08-28T03:48:34","guid":{"rendered":"https:\/\/roveyayinevi.com.tr\/index.php\/urun\/sihirli-anahtarlar\/"},"modified":"2026-04-16T03:08:52","modified_gmt":"2026-04-16T00:08:52","slug":"sihirli-anahtarlar","status":"publish","type":"product","link":"https:\/\/roveyayinevi.com.tr\/index.php\/urun\/sihirli-anahtarlar\/","title":{"rendered":"Sihirli Anahtarlar"},"content":{"rendered":"<p>Joseph Murphy hayat\u0131n gizli ger\u00e7e\u011fini a\u00e7\u0131\u011fa \u00e7\u0131kar\u0131yor. Sizve t\u00fcm d\u00fcnya fikirler taraf\u0131ndan y\u00f6netiliyorsunuz. Fikirlereh\u00e2kim olman\u0131n yollar\u0131n\u0131 ke\u015ffetti\u011finizde, kendinize ve\u00e7evrenizdeki her \u015feye h\u00e2kim olursunuz. Bilin\u00e7alt\u0131n\u0131n G\u00fcc\u00fckitab\u0131n\u0131n yazar\u0131 Joseph Murphy, sekiz ba\u015ftan \u00e7\u0131kar\u0131c\u0131ad\u0131mda size para, sa\u011fl\u0131k, ili\u015fkiler, endi\u015fe ve g\u00fcvenlik arzusuda dahil olmak \u00fczere ya\u015fam\u0131n her alan\u0131ndaki fikirlerinizinas\u0131l kullanaca\u011f\u0131n\u0131z\u0131 ve d\u00f6n\u00fc\u015ft\u00fcrece\u011finizi g\u00f6steriyor. Murphy, \u201cD\u00fc\u015f\u00fcnceleriniz sizin efendinizdir,\u201d der. Bunakat\u0131l\u0131yor musunuz? \u00d6z imgenize dair d\u00fc\u015f\u00fcnceleriniz,bunlara kar\u015f\u0131 koyan ezici bir g\u00fc\u00e7 olmad\u0131\u011f\u0131 m\u00fcddet\u00e7evarl\u0131\u011f\u0131n\u0131z\u0131 kesinlikle \u015fekillendirir. Buna kar\u015f\u0131n, yapay vetekrarlayan d\u00fc\u015f\u00fcnceler kolektif bak\u0131\u015f a\u00e7\u0131lar\u0131ndan,\u015fartlanmalardan ve kendi koydu\u011funuz s\u0131n\u0131rlardankaynaklan\u0131r. Ki\u015finin \u00f6zg\u00fcn d\u00fc\u015f\u00fcncelerinin kayna\u011f\u0131 iseko\u015fullanmam\u0131\u015f benli\u011fidir. Umuyorum Sihirli Anahtarlarsayesinde bu ger\u00e7e\u011fi ve anlam\u0131n\u0131 idrak ederek hayat\u0131n\u0131z\u0131sonsuz olas\u0131l\u0131klara a\u00e7abilirsiniz.-Mitch Horowitz<\/p>\n","protected":false},"excerpt":{"rendered":"<p>Joseph Murphy hayat\u0131n gizli ger\u00e7e\u011fini a\u00e7\u0131\u011fa \u00e7\u0131kar\u0131yor. Sizve t\u00fcm d\u00fcnya fikirler taraf\u0131ndan y\u00f6netiliyorsunuz. Fikirlereh\u00e2kim olman\u0131n yollar\u0131n\u0131 ke\u015ffetti\u011finizde, kendinize ve\u00e7evrenizdeki her \u015feye h\u00e2kim olursunuz. Bilin\u00e7alt\u0131n\u0131n G\u00fcc\u00fckitab\u0131n\u0131n yazar\u0131<span class=\"excerpt-hellip\"> [\u2026]<\/span><\/p>\n","protected":false},"featured_media":0,"template":"","meta":{"_monsterinsights_skip_tracking":false,"_monsterinsights_sitenote_active":false,"_monsterinsights_sitenote_note":"","_monsterinsights_sitenote_category":0},"product_brand":[],"product_cat":[12364,12376],"product_tag":[],"class_list":{"0":"post-755774","1":"product","2":"type-product","3":"status-publish","5":"product_cat-genel-konular","6":"product_cat-kisisel-gelisim","7":"pa_cilt-ciltsiz","8":"pa_tur-kitap","9":"pa_yayinevi-nemesis-kitap","10":"pa_yazar-joseph-murphy","12":"first","13":"instock","14":"sale","15":"shipping-taxable","16":"purchasable","17":"product-type-simple"},"_links":{"self":[{"href":"https:\/\/roveyayinevi.com.tr\/index.php\/wp-json\/wp\/v2\/product\/755774","targetHints":{"allow":["GET"]}}],"collection":[{"href":"https:\/\/roveyayinevi.com.tr\/index.php\/wp-json\/wp\/v2\/product"}],"about":[{"href":"https:\/\/roveyayinevi.com.tr\/index.php\/wp-json\/wp\/v2\/types\/product"}],"wp:attachment":[{"href":"https:\/\/roveyayinevi.com.tr\/index.php\/wp-json\/wp\/v2\/media?parent=755774"}],"wp:term":[{"taxonomy":"product_brand","embeddable":true,"href":"https:\/\/roveyayinevi.com.tr\/index.php\/wp-json\/wp\/v2\/product_brand?post=755774"},{"taxonomy":"product_cat","embeddable":true,"href":"https:\/\/roveyayinevi.com.tr\/index.php\/wp-json\/wp\/v2\/product_cat?post=755774"},{"taxonomy":"product_tag","embeddable":true,"href":"https:\/\/roveyayinevi.com.tr\/index.php\/wp-json\/wp\/v2\/product_tag?post=755774"}],"curies":[{"name":"wp","href":"https:\/\/api.w.org\/{rel}","templated":true}]}}