{"id":755771,"date":"2025-08-28T06:48:30","date_gmt":"2025-08-28T03:48:30","guid":{"rendered":"https:\/\/roveyayinevi.com.tr\/index.php\/urun\/isletmelerde-surdurulebilir-iletisim-ve-kurumsallasma\/"},"modified":"2026-04-16T03:08:52","modified_gmt":"2026-04-16T00:08:52","slug":"isletmelerde-surdurulebilir-iletisim-ve-kurumsallasma","status":"publish","type":"product","link":"https:\/\/roveyayinevi.com.tr\/index.php\/urun\/isletmelerde-surdurulebilir-iletisim-ve-kurumsallasma\/","title":{"rendered":"\u0130\u015fletmelerde S\u00fcrd\u00fcr\u00fclebilir \u0130leti\u015fim ve Kurumsalla\u015fma"},"content":{"rendered":"<p>Giri\u015fimciler taraf\u0131ndan \u00fcretime kazand\u0131r\u0131lan her i\u015fletme iktisadi b\u00fcy\u00fcmeyi y\u00f6nlendirmede, inovasyonu te\u015fvik ederek istihdam f\u0131rsatlar\u0131 sa\u011flamada d\u00fcnyada ve T\u00fcrkiye\u2019de kilit bir rol oynamaktad\u0131r. Bir giri\u015fimde ba\u015far\u0131 ve verimlilik ama\u00e7lan\u0131yorsa i\u015fletme i\u00e7i ileti\u015fim hayati \u00f6nemdedir. \u0130leti\u015fim i\u015fletmenin farkl\u0131 birimleri, \u00e7al\u0131\u015fanlar\u0131 ve y\u00f6neticileri aras\u0131nda bilgi, fikir, duygu ve beklenti payla\u015f\u0131m\u0131n\u0131 sa\u011flayan bir s\u00fcre\u00e7tir.   \u0130yi bir ileti\u015fim, o i\u015fletmenin vizyonu, misyonu, hedefleri ve de\u011ferleri do\u011frultusunda hem i\u00e7 hem de d\u0131\u015f payda\u015flar\u0131yla etkili bir \u015fekilde ili\u015fki kurmas\u0131n\u0131 gerektirir. Uyumlu bir ileti\u015fim motivasyonu, ba\u011fl\u0131l\u0131\u011f\u0131 ve performans\u0131 artt\u0131r\u0131rken i\u015fletmenin farkl\u0131 birimleri aras\u0131nda koordinasyonu ve i\u015f birli\u011fini kolayla\u015ft\u0131rarak sorunlar\u0131n \u00e7\u00f6z\u00fclmesini ve f\u0131rsatlar\u0131n de\u011ferlendirilmesini de sa\u011flayacakt\u0131r.   \u0130\u015fletmelerde S\u00fcrd\u00fcr\u00fclebilir \u0130leti\u015fim ve Kurumsalla\u015fma ba\u015fl\u0131kl\u0131 bu kitap bir i\u015fletmenin ba\u015far\u0131s\u0131 i\u00e7in hayati \u00f6nem ta\u015f\u0131yan d\u00f6rt temel birim olan pazarlama, finansal y\u00f6netim, muhasebe ve hukuk aras\u0131ndaki ileti\u015fimi ele al\u0131yor. Bu birimlerin birbirleriyle nas\u0131l etkile\u015fime girdi\u011fini, hangi ortak noktalar\u0131n ve farkl\u0131l\u0131klar\u0131n oldu\u011funu vurguluyor.   E\u011fer k\u00e2rl\u0131l\u0131k ve rekabet g\u00fcc\u00fcn\u00fcz\u00fc art\u0131rmak arzusundaysan\u0131z, bu birimler aras\u0131ndaki ileti\u015fimi geli\u015ftirmek i\u00e7in pratik ipu\u00e7lar\u0131n\u0131 bu kitapta bulacaks\u0131n\u0131z.   \u0130\u015fletme \u00f6\u011frencileri, stajyerler ile \u00e7al\u0131\u015fanlardan y\u00f6neticilere kadar yararl\u0131 bir kaynak niteli\u011finde olan kitab\u0131n etkilerini her zaman yan\u0131n\u0131zda hissedeceksiniz. <\/p>\n","protected":false},"excerpt":{"rendered":"<p>Giri\u015fimciler taraf\u0131ndan \u00fcretime kazand\u0131r\u0131lan her i\u015fletme iktisadi b\u00fcy\u00fcmeyi y\u00f6nlendirmede, inovasyonu te\u015fvik ederek istihdam f\u0131rsatlar\u0131 sa\u011flamada d\u00fcnyada ve T\u00fcrkiye\u2019de kilit bir rol oynamaktad\u0131r. Bir giri\u015fimde ba\u015far\u0131 ve<span class=\"excerpt-hellip\"> [\u2026]<\/span><\/p>\n","protected":false},"featured_media":0,"template":"","meta":{"_monsterinsights_skip_tracking":false,"_monsterinsights_sitenote_active":false,"_monsterinsights_sitenote_note":"","_monsterinsights_sitenote_category":0},"product_brand":[],"product_cat":[13043,14381],"product_tag":[],"class_list":{"0":"post-755771","1":"product","2":"type-product","3":"status-publish","5":"product_cat-ekonomi","6":"product_cat-isletme-muhasebe-maliye","7":"pa_cilt-ciltsiz","8":"pa_tur-kitap","9":"pa_yayinevi-liberte-yayinlari","10":"pa_yazar-mustafa-alpay","12":"first","13":"instock","14":"sale","15":"shipping-taxable","16":"purchasable","17":"product-type-simple"},"_links":{"self":[{"href":"https:\/\/roveyayinevi.com.tr\/index.php\/wp-json\/wp\/v2\/product\/755771","targetHints":{"allow":["GET"]}}],"collection":[{"href":"https:\/\/roveyayinevi.com.tr\/index.php\/wp-json\/wp\/v2\/product"}],"about":[{"href":"https:\/\/roveyayinevi.com.tr\/index.php\/wp-json\/wp\/v2\/types\/product"}],"wp:attachment":[{"href":"https:\/\/roveyayinevi.com.tr\/index.php\/wp-json\/wp\/v2\/media?parent=755771"}],"wp:term":[{"taxonomy":"product_brand","embeddable":true,"href":"https:\/\/roveyayinevi.com.tr\/index.php\/wp-json\/wp\/v2\/product_brand?post=755771"},{"taxonomy":"product_cat","embeddable":true,"href":"https:\/\/roveyayinevi.com.tr\/index.php\/wp-json\/wp\/v2\/product_cat?post=755771"},{"taxonomy":"product_tag","embeddable":true,"href":"https:\/\/roveyayinevi.com.tr\/index.php\/wp-json\/wp\/v2\/product_tag?post=755771"}],"curies":[{"name":"wp","href":"https:\/\/api.w.org\/{rel}","templated":true}]}}