{"id":755770,"date":"2025-08-28T06:48:29","date_gmt":"2025-08-28T03:48:29","guid":{"rendered":"https:\/\/roveyayinevi.com.tr\/index.php\/urun\/sifiri-gormek\/"},"modified":"2026-04-16T03:08:52","modified_gmt":"2026-04-16T00:08:52","slug":"sifiri-gormek","status":"publish","type":"product","link":"https:\/\/roveyayinevi.com.tr\/index.php\/urun\/sifiri-gormek\/","title":{"rendered":"S\u0131f\u0131r\u0131 G\u00f6rmek"},"content":{"rendered":"<p>Diyelim ki hayat\u0131n\u0131z boyunca \u00e7al\u0131\u015ft\u0131n\u0131z, didindiniz ve emeklili\u011finizin tad\u0131n\u0131 \u00e7\u0131karaca\u011f\u0131n\u0131z g\u00fcnlere ula\u015ft\u0131n\u0131z. Art\u0131k g\u00fcneydekiyazl\u0131\u011f\u0131n\u0131za \u00e7ekilebilir ve hobilerinize diledi\u011finizce zaman vepara ay\u0131rabilirsiniz. Sahip oldu\u011funuz iki ev ve bir zeytinlik deevlatlar\u0131n\u0131z i\u00e7in bir g\u00fcvence kap\u0131s\u0131 olarak orac\u0131kta duruyor. G\u00fczel bir hik\u00e2ye de\u011fil mi? Belki. Oysa bu hik\u00e2yeyi \u015f\u00f6yle anlatmak da m\u00fcmk\u00fcn: Hayattanen y\u00fcksek verimi alaca\u011f\u0131n\u0131z zamanlar\u0131n\u0131z\u0131 klostrofobik ofislerdege\u00e7irdiniz. Bedeninizin en sa\u011fl\u0131kl\u0131 ve din\u00e7 oldu\u011fu zamanlar\u0131b\u00fcro koltu\u011funuzda Excel tablolar\u0131na bakarak harcad\u0131n\u0131z. Sevdiklerinize ay\u0131raca\u011f\u0131n\u0131z onca zaman\u0131 senede iki hafta tatille takas ettiniz. \u015eimdi emekli oldunuz ve eskisi kadar esnek vesa\u011flam olmayan eklemleriniz \u00f6rg\u00fc \u00f6rmek yahut k\u00e2\u011f\u0131t oynamaktan daha fazla efor i\u00e7eren mesafeleri kald\u0131rm\u0131yor. O kadar dag\u00fczel bir d\u00fc\u015f de\u011filmi\u015f sanki?\u00d6yleyse ne yapmal\u0131? Yat\u0131r\u0131mc\u0131lar\u0131na 1 milyar dolardan fazla kazand\u0131rm\u0131\u015f, Wall Street&#8217;in&#8221;son kovboy&#8221;u lakapl\u0131 Bill Perkins&#8217;e g\u00f6re \u00fc\u00e7\u00fcnc\u00fc bir yolmevcut. S\u0131f\u0131r\u0131 G\u00f6rmek, her gelir seviyesinden insana paras\u0131n\u0131 vehayat\u0131n\u0131 en \u00fcst d\u00fczeyde optimize etme imk\u00e2n\u0131 sunan birteoriyle kap\u0131n\u0131z\u0131 \u00e7al\u0131yor. Birikimlerinizi &#8220;alt\u0131n y\u0131llar&#8221; i\u00e7in saklamakyerine, hayat\u0131n\u0131z\u0131n her an\u0131nda unutulmaz deneyimler ya\u015famaki\u00e7in kullanmada sizi y\u00fcreklendiriyor. \u00dcstelik bunu gelece\u011finiziriske atmadan yapabilece\u011finizi m\u00fcjdeliyor.<\/p>\n","protected":false},"excerpt":{"rendered":"<p>Diyelim ki hayat\u0131n\u0131z boyunca \u00e7al\u0131\u015ft\u0131n\u0131z, didindiniz ve emeklili\u011finizin tad\u0131n\u0131 \u00e7\u0131karaca\u011f\u0131n\u0131z g\u00fcnlere ula\u015ft\u0131n\u0131z. Art\u0131k g\u00fcneydekiyazl\u0131\u011f\u0131n\u0131za \u00e7ekilebilir ve hobilerinize diledi\u011finizce zaman vepara ay\u0131rabilirsiniz. Sahip oldu\u011funuz iki ev ve<span class=\"excerpt-hellip\"> [\u2026]<\/span><\/p>\n","protected":false},"featured_media":0,"template":"","meta":{"_monsterinsights_skip_tracking":false,"_monsterinsights_sitenote_active":false,"_monsterinsights_sitenote_note":"","_monsterinsights_sitenote_category":0},"product_brand":[],"product_cat":[12364,12376],"product_tag":[],"class_list":{"0":"post-755770","1":"product","2":"type-product","3":"status-publish","5":"product_cat-genel-konular","6":"product_cat-kisisel-gelisim","7":"pa_cilt-ciltsiz","8":"pa_tur-kitap","9":"pa_yayinevi-nemesis-kitap","10":"pa_yazar-bill-perkins","12":"first","13":"instock","14":"sale","15":"shipping-taxable","16":"purchasable","17":"product-type-simple"},"_links":{"self":[{"href":"https:\/\/roveyayinevi.com.tr\/index.php\/wp-json\/wp\/v2\/product\/755770","targetHints":{"allow":["GET"]}}],"collection":[{"href":"https:\/\/roveyayinevi.com.tr\/index.php\/wp-json\/wp\/v2\/product"}],"about":[{"href":"https:\/\/roveyayinevi.com.tr\/index.php\/wp-json\/wp\/v2\/types\/product"}],"wp:attachment":[{"href":"https:\/\/roveyayinevi.com.tr\/index.php\/wp-json\/wp\/v2\/media?parent=755770"}],"wp:term":[{"taxonomy":"product_brand","embeddable":true,"href":"https:\/\/roveyayinevi.com.tr\/index.php\/wp-json\/wp\/v2\/product_brand?post=755770"},{"taxonomy":"product_cat","embeddable":true,"href":"https:\/\/roveyayinevi.com.tr\/index.php\/wp-json\/wp\/v2\/product_cat?post=755770"},{"taxonomy":"product_tag","embeddable":true,"href":"https:\/\/roveyayinevi.com.tr\/index.php\/wp-json\/wp\/v2\/product_tag?post=755770"}],"curies":[{"name":"wp","href":"https:\/\/api.w.org\/{rel}","templated":true}]}}