{"id":755769,"date":"2025-08-28T06:48:27","date_gmt":"2025-08-28T03:48:27","guid":{"rendered":"https:\/\/roveyayinevi.com.tr\/index.php\/urun\/altin-oran\/"},"modified":"2026-04-16T03:08:52","modified_gmt":"2026-04-16T00:08:52","slug":"altin-oran","status":"publish","type":"product","link":"https:\/\/roveyayinevi.com.tr\/index.php\/urun\/altin-oran\/","title":{"rendered":"Alt\u0131n Oran"},"content":{"rendered":"<p>Sanat\u00e7\u0131lar ve \u015fairler taraf\u0131ndan s\u0131k\u00e7a kullan\u0131lan gizemli bir ifade ve ger\u00e7ek bir aritmetik nicelik olan alt\u0131n oran, baz\u0131lar\u0131n\u0131n inand\u0131\u011f\u0131 gibi bilginin anahtar\u0131n\u0131 m\u0131 ta\u015f\u0131yor? Bu kitab\u0131n amac\u0131, hem fiziksel (daha do\u011frusu astronomik) bir niceli\u011fi hem de baz\u0131 estetik \u00f6zelliklerin atfedildi\u011fi tamamen aritmetik bir niceli\u011fi belirtmek i\u00e7in kullan\u0131lan bu say\u0131n\u0131n matematiksel \u00f6zellikleriyle s\u0131n\u0131rl\u0131 kalmadan, alt\u0131n oran taraf\u0131ndan ba\u015ftan \u00e7\u0131kar\u0131lan veya ilgisini \u00e7eken herkese bir dizi olumlu ger\u00e7ek sunuyor. Bu \u201cilahi oran\u201d\u0131n icad\u0131n\u0131n ve matematik, sanat (resim, m\u00fczik, \u015fiir) ve mimarideki uygulamalar\u0131n\u0131n tarihi nedir? Hangi mistisizme ilham kayna\u011f\u0131 olmu\u015ftur? <\/p>\n","protected":false},"excerpt":{"rendered":"<p>Sanat\u00e7\u0131lar ve \u015fairler taraf\u0131ndan s\u0131k\u00e7a kullan\u0131lan gizemli bir ifade ve ger\u00e7ek bir aritmetik nicelik olan alt\u0131n oran, baz\u0131lar\u0131n\u0131n inand\u0131\u011f\u0131 gibi bilginin anahtar\u0131n\u0131 m\u0131 ta\u015f\u0131yor? Bu kitab\u0131n<span class=\"excerpt-hellip\"> [\u2026]<\/span><\/p>\n","protected":false},"featured_media":0,"template":"","meta":{"_monsterinsights_skip_tracking":false,"_monsterinsights_sitenote_active":false,"_monsterinsights_sitenote_note":"","_monsterinsights_sitenote_category":0},"product_brand":[],"product_cat":[13005],"product_tag":[],"class_list":{"0":"post-755769","1":"product","2":"type-product","3":"status-publish","5":"product_cat-bilim-muhendislik","6":"pa_cilt-ciltsiz","7":"pa_tur-kitap","8":"pa_yayinevi-dost-kitabevi-yayinlari","9":"pa_yazar-marius-cleyet-michaud","11":"first","12":"instock","13":"sale","14":"shipping-taxable","15":"purchasable","16":"product-type-simple"},"_links":{"self":[{"href":"https:\/\/roveyayinevi.com.tr\/index.php\/wp-json\/wp\/v2\/product\/755769","targetHints":{"allow":["GET"]}}],"collection":[{"href":"https:\/\/roveyayinevi.com.tr\/index.php\/wp-json\/wp\/v2\/product"}],"about":[{"href":"https:\/\/roveyayinevi.com.tr\/index.php\/wp-json\/wp\/v2\/types\/product"}],"wp:attachment":[{"href":"https:\/\/roveyayinevi.com.tr\/index.php\/wp-json\/wp\/v2\/media?parent=755769"}],"wp:term":[{"taxonomy":"product_brand","embeddable":true,"href":"https:\/\/roveyayinevi.com.tr\/index.php\/wp-json\/wp\/v2\/product_brand?post=755769"},{"taxonomy":"product_cat","embeddable":true,"href":"https:\/\/roveyayinevi.com.tr\/index.php\/wp-json\/wp\/v2\/product_cat?post=755769"},{"taxonomy":"product_tag","embeddable":true,"href":"https:\/\/roveyayinevi.com.tr\/index.php\/wp-json\/wp\/v2\/product_tag?post=755769"}],"curies":[{"name":"wp","href":"https:\/\/api.w.org\/{rel}","templated":true}]}}