{"id":755768,"date":"2025-08-28T06:48:26","date_gmt":"2025-08-28T03:48:26","guid":{"rendered":"https:\/\/roveyayinevi.com.tr\/index.php\/urun\/bilim-ve-laiklik\/"},"modified":"2026-04-16T03:08:52","modified_gmt":"2026-04-16T00:08:52","slug":"bilim-ve-laiklik","status":"publish","type":"product","link":"https:\/\/roveyayinevi.com.tr\/index.php\/urun\/bilim-ve-laiklik\/","title":{"rendered":"Bilim ve Laiklik"},"content":{"rendered":"<p>Paul Langevin, 20. y\u00fczy\u0131l\u0131n en \u00f6nemli bilim insanlar\u0131ndan birisi olmas\u0131na ra\u011fmen maalesef T\u00fcrkiye\u2019de \u00e7ok dar ve genelde bilim tarihine ilgi g\u00f6sterenlerle s\u0131n\u0131rl\u0131 bir kesimin ve onlar\u0131n da \u00e7ok genel hatlar\u0131yla tan\u0131d\u0131\u011f\u0131 bir fizik\u00e7idir. Bu kitap bu adaletsizli\u011fi k\u0131smen de olsa gidermeyi hedefliyor. Kafa ve y\u00fcre\u011fiyle insanl\u0131\u011f\u0131n \u00f6zg\u00fcr gelece\u011fine, ayd\u0131nlanm\u0131\u015f bireylerin oynayaca\u011f\u0131 belirleyici role inanan ve t\u00fcm bilimsel birikimiyle karanl\u0131\u011f\u0131 temsil eden b\u00fct\u00fcn ideolojilere kar\u015f\u0131 \u00f6mr\u00fc boyunca m\u00fccadele etmi\u015f bu b\u00fcy\u00fck bilim insan\u0131n\u0131n daha yak\u0131ndan tan\u0131nmas\u0131 hi\u00e7 ku\u015fkusuz \u00f6zg\u00fcrl\u00fck m\u00fccadelesine de katk\u0131 sunacakt\u0131r. <\/p>\n","protected":false},"excerpt":{"rendered":"<p>Paul Langevin, 20. y\u00fczy\u0131l\u0131n en \u00f6nemli bilim insanlar\u0131ndan birisi olmas\u0131na ra\u011fmen maalesef T\u00fcrkiye\u2019de \u00e7ok dar ve genelde bilim tarihine ilgi g\u00f6sterenlerle s\u0131n\u0131rl\u0131 bir kesimin ve onlar\u0131n<span class=\"excerpt-hellip\"> [\u2026]<\/span><\/p>\n","protected":false},"featured_media":0,"template":"","meta":{"_monsterinsights_skip_tracking":false,"_monsterinsights_sitenote_active":false,"_monsterinsights_sitenote_note":"","_monsterinsights_sitenote_category":0},"product_brand":[],"product_cat":[13005],"product_tag":[],"class_list":{"0":"post-755768","1":"product","2":"type-product","3":"status-publish","5":"product_cat-bilim-muhendislik","6":"pa_cilt-ciltsiz","7":"pa_tur-kitap","8":"pa_yayinevi-ginko-kitap","9":"pa_yazar-paul-langevin","11":"first","12":"instock","13":"sale","14":"shipping-taxable","15":"purchasable","16":"product-type-simple"},"_links":{"self":[{"href":"https:\/\/roveyayinevi.com.tr\/index.php\/wp-json\/wp\/v2\/product\/755768","targetHints":{"allow":["GET"]}}],"collection":[{"href":"https:\/\/roveyayinevi.com.tr\/index.php\/wp-json\/wp\/v2\/product"}],"about":[{"href":"https:\/\/roveyayinevi.com.tr\/index.php\/wp-json\/wp\/v2\/types\/product"}],"wp:attachment":[{"href":"https:\/\/roveyayinevi.com.tr\/index.php\/wp-json\/wp\/v2\/media?parent=755768"}],"wp:term":[{"taxonomy":"product_brand","embeddable":true,"href":"https:\/\/roveyayinevi.com.tr\/index.php\/wp-json\/wp\/v2\/product_brand?post=755768"},{"taxonomy":"product_cat","embeddable":true,"href":"https:\/\/roveyayinevi.com.tr\/index.php\/wp-json\/wp\/v2\/product_cat?post=755768"},{"taxonomy":"product_tag","embeddable":true,"href":"https:\/\/roveyayinevi.com.tr\/index.php\/wp-json\/wp\/v2\/product_tag?post=755768"}],"curies":[{"name":"wp","href":"https:\/\/api.w.org\/{rel}","templated":true}]}}