{"id":755763,"date":"2025-08-28T06:48:20","date_gmt":"2025-08-28T03:48:20","guid":{"rendered":"https:\/\/roveyayinevi.com.tr\/index.php\/urun\/alagozlum-senden-ayri-geceler\/"},"modified":"2026-04-16T03:08:52","modified_gmt":"2026-04-16T00:08:52","slug":"alagozlum-senden-ayri-geceler","status":"publish","type":"product","link":"https:\/\/roveyayinevi.com.tr\/index.php\/urun\/alagozlum-senden-ayri-geceler\/","title":{"rendered":"Alag\u00f6zl\u00fcm Senden Ayr\u0131 Geceler"},"content":{"rendered":"<p>Azerbaycanl\u0131 ayd\u0131nlar\u0131n k\u0131y\u0131ma u\u011frad\u0131\u011f\u0131 \u201cRepressiya D\u00f6nemi\u201dnin ac\u0131mas\u0131z y\u00fcz\u00fcn\u00fc a\u00e7\u0131\u011fa \u00e7\u0131karan bu eserin, T\u00fcrk\u2019\u00fcn g\u00f6rkemli sanat ve k\u00fclt\u00fcr\u00fcne de\u011fer katmas\u0131 temennisiyle yazarlar\u0131m\u0131z\u0131 kutluyorum.                                                                                                                        Azerin T\u00fcrk k\u00fclt\u00fcr d\u00fcnyas\u0131na katk\u0131 sa\u011flayacak bir \u00e7al\u0131\u015fma olmu\u015f. K\u00fclt\u00fcr, sanat ad\u0131na \u00f6\u011frenilecek \u00e7ok de\u011ferli bilgiler i\u00e7eriyor. Yazarlar\u0131m\u0131z\u0131 kutlar, ba\u015far\u0131lar dilerim.                                                                                                                       Esat KABAKLI K\u0131sa zamanda heyecan duyarak okudu\u011fum bu kitapta, Mikail M\u00fc\u015ffik\u2019in ac\u0131 dolu ya\u015fam\u0131, Ahmed Cevad\u2019\u0131n m\u00fccadelesi, Sara\u2019n\u0131n y\u00fcrekleri yaralayan kaderi, Resul R\u0131za ve Nigar Refibeyli\u2019nin dillere destan olan a\u015fk hikayesi etkileyici bir \u015fekilde anlat\u0131lm\u0131\u015f. Okuyucular\u0131n kalbinde derin bir iz b\u0131rakaca\u011f\u0131na inanc\u0131m tamd\u0131r.                                                                                                           Ulviyye HEMZEYEVA Bu kitap, t\u00fcrk\u00fclerle ba\u015flayan bir sevdan\u0131n nas\u0131l k\u00fclt\u00fcrel bir zenginli\u011fe d\u00f6n\u00fc\u015ft\u00fc\u011f\u00fcn\u00fcn destan\u0131 gibidir. Alag\u00f6zl\u00fcm diye ba\u015flayan na\u011fmeler, \u201cSar\u0131 Gelin\u201din s\u0131z\u0131s\u0131nda, \u201cOku Tar\u201d\u0131n ba\u015fkald\u0131r\u0131s\u0131nda, \u201c\u00c7\u0131rp\u0131n\u0131rd\u0131 Karadeniz\u201din co\u015fkusunda bir g\u00f6n\u00fcl co\u011frafyas\u0131n\u0131n da s\u0131n\u0131rlar\u0131n\u0131 belirlemektedir.                                                                                                                        Orhan ARAS D\u00fcnyan\u0131n bir\u00e7ok \u00fclkesinde b\u00fcy\u00fck sahnelerde Azerbaycan musikisini tan\u0131tan birisi olarak diyebilirim ki; bu kitap hakikaten Azerbaycan musikisinin tan\u0131t\u0131lmas\u0131na dair at\u0131lm\u0131\u015f takdire lay\u0131k ad\u0131mlardan biridir. Yazarlar\u0131m\u0131za u\u011furlar diliyorum.                                                                                                                        Sahip PA\u015eAZADE   Azerbaycan m\u00fczi\u011finin \u00f6nde gelen isimlerinin ve onlar\u0131n ortaya koydu\u011fu e\u015fsiz eserlerin bilinmeyen y\u00f6nlerine \u015fiirsel bir dille \u0131\u015f\u0131k tutan yazarlar\u0131m\u0131z\u0131 g\u00f6n\u00fclden tebrik ediyorum.                                                                                                                        Cavit TEBR\u0130ZL\u0130   <\/p>\n","protected":false},"excerpt":{"rendered":"<p>Azerbaycanl\u0131 ayd\u0131nlar\u0131n k\u0131y\u0131ma u\u011frad\u0131\u011f\u0131 \u201cRepressiya D\u00f6nemi\u201dnin ac\u0131mas\u0131z y\u00fcz\u00fcn\u00fc a\u00e7\u0131\u011fa \u00e7\u0131karan bu eserin, T\u00fcrk\u2019\u00fcn g\u00f6rkemli sanat ve k\u00fclt\u00fcr\u00fcne de\u011fer katmas\u0131 temennisiyle yazarlar\u0131m\u0131z\u0131 kutluyorum. Azerin T\u00fcrk k\u00fclt\u00fcr d\u00fcnyas\u0131na<span class=\"excerpt-hellip\"> [\u2026]<\/span><\/p>\n","protected":false},"featured_media":0,"template":"","meta":{"_monsterinsights_skip_tracking":false,"_monsterinsights_sitenote_active":false,"_monsterinsights_sitenote_note":"","_monsterinsights_sitenote_category":0},"product_brand":[],"product_cat":[13488],"product_tag":[],"class_list":{"0":"post-755763","1":"product","2":"type-product","3":"status-publish","5":"product_cat-toplum-ve-insan","6":"pa_cilt-ciltsiz","7":"pa_tur-kitap","8":"pa_yayinevi-net-kitaplik-yayincilik","9":"pa_yazar-tugsad-turkmen-ata-gunay-memmedova","11":"first","12":"instock","13":"sale","14":"shipping-taxable","15":"purchasable","16":"product-type-simple"},"_links":{"self":[{"href":"https:\/\/roveyayinevi.com.tr\/index.php\/wp-json\/wp\/v2\/product\/755763","targetHints":{"allow":["GET"]}}],"collection":[{"href":"https:\/\/roveyayinevi.com.tr\/index.php\/wp-json\/wp\/v2\/product"}],"about":[{"href":"https:\/\/roveyayinevi.com.tr\/index.php\/wp-json\/wp\/v2\/types\/product"}],"wp:attachment":[{"href":"https:\/\/roveyayinevi.com.tr\/index.php\/wp-json\/wp\/v2\/media?parent=755763"}],"wp:term":[{"taxonomy":"product_brand","embeddable":true,"href":"https:\/\/roveyayinevi.com.tr\/index.php\/wp-json\/wp\/v2\/product_brand?post=755763"},{"taxonomy":"product_cat","embeddable":true,"href":"https:\/\/roveyayinevi.com.tr\/index.php\/wp-json\/wp\/v2\/product_cat?post=755763"},{"taxonomy":"product_tag","embeddable":true,"href":"https:\/\/roveyayinevi.com.tr\/index.php\/wp-json\/wp\/v2\/product_tag?post=755763"}],"curies":[{"name":"wp","href":"https:\/\/api.w.org\/{rel}","templated":true}]}}