{"id":755762,"date":"2025-08-28T06:48:18","date_gmt":"2025-08-28T03:48:18","guid":{"rendered":"https:\/\/roveyayinevi.com.tr\/index.php\/urun\/cavit-orhan-tutengil\/"},"modified":"2026-04-16T03:08:52","modified_gmt":"2026-04-16T00:08:52","slug":"cavit-orhan-tutengil","status":"publish","type":"product","link":"https:\/\/roveyayinevi.com.tr\/index.php\/urun\/cavit-orhan-tutengil\/","title":{"rendered":"Cavit Orhan T\u00fctengil"},"content":{"rendered":"<p>\u201cT\u00fctengil, t\u00fcm ya\u015fam\u0131 boyunca, bilimin ku\u015fkuculu\u011funu ve nesnelli\u011fini, Atat\u00fcrk d\u00fc\u015f\u00fcncesi do\u011frultusundaki ya\u015fam g\u00f6r\u00fc\u015f\u00fc ile ba\u011fda\u015ft\u0131rma \u00e7abas\u0131n\u0131 tutarl\u0131 olarak s\u00fcrd\u00fcrebilmi\u015f bir d\u00fc\u015f\u00fcn\u00fcr ve yazard\u0131r. Yazd\u0131klar\u0131, yaln\u0131z bug\u00fcnk\u00fc de\u011fil, yar\u0131nki T\u00fcrkiye\u2019ye \u0131\u015f\u0131k tutacak niteliktedir. Bu \u00e7al\u0131\u015fma, okuyucuya T\u00fctengil\u2019i tan\u0131t\u0131rken, ayn\u0131 zamanda, bir \u00fclkenin toplumsal ve ekonomik ko\u015fullar\u0131n\u0131n cinayetler yoluyla de\u011fi\u015ftirilmesinin olanaks\u0131z oldu\u011fu konusundaki evrensel ger\u00e7e\u011fi de aktarabilirse, amac\u0131na varm\u0131\u015f say\u0131labilir.\u201d Prof. Dr. Emre Kongar\u2019\u0131n 1981 y\u0131l\u0131nda kaleme ald\u0131\u011f\u0131 Cavit Orhan T\u00fctengil biyografisi, yaln\u0131zca \u00f6ld\u00fcr\u00fclen bir bilim adam\u0131na sayg\u0131 duru\u015fu de\u011fildir; bedenler \u00f6lse de fikirlerin ya\u015fam\u0131n\u0131 s\u00fcrd\u00fcrece\u011fini ortaya koyan bir \u00e7al\u0131\u015fmad\u0131r. Hele ki bu fikirler bug\u00fcn\u00fc de anlamak a\u00e7\u0131s\u0131ndan rehber edinilebilecek nitelikteyse. <\/p>\n","protected":false},"excerpt":{"rendered":"<p>\u201cT\u00fctengil, t\u00fcm ya\u015fam\u0131 boyunca, bilimin ku\u015fkuculu\u011funu ve nesnelli\u011fini, Atat\u00fcrk d\u00fc\u015f\u00fcncesi do\u011frultusundaki ya\u015fam g\u00f6r\u00fc\u015f\u00fc ile ba\u011fda\u015ft\u0131rma \u00e7abas\u0131n\u0131 tutarl\u0131 olarak s\u00fcrd\u00fcrebilmi\u015f bir d\u00fc\u015f\u00fcn\u00fcr ve yazard\u0131r. Yazd\u0131klar\u0131, yaln\u0131z bug\u00fcnk\u00fc<span class=\"excerpt-hellip\"> [\u2026]<\/span><\/p>\n","protected":false},"featured_media":0,"template":"","meta":{"_monsterinsights_skip_tracking":false,"_monsterinsights_sitenote_active":false,"_monsterinsights_sitenote_note":"","_monsterinsights_sitenote_category":0},"product_brand":[],"product_cat":[12291,18202],"product_tag":[],"class_list":{"0":"post-755762","1":"product","2":"type-product","3":"status-publish","5":"product_cat-edebiyat","6":"product_cat-hikaye","7":"pa_cilt-ciltsiz","8":"pa_tur-kitap","9":"pa_yayinevi-cumhuriyet-kitaplari","10":"pa_yazar-emre-kongar","12":"first","13":"instock","14":"sale","15":"shipping-taxable","16":"purchasable","17":"product-type-simple"},"_links":{"self":[{"href":"https:\/\/roveyayinevi.com.tr\/index.php\/wp-json\/wp\/v2\/product\/755762","targetHints":{"allow":["GET"]}}],"collection":[{"href":"https:\/\/roveyayinevi.com.tr\/index.php\/wp-json\/wp\/v2\/product"}],"about":[{"href":"https:\/\/roveyayinevi.com.tr\/index.php\/wp-json\/wp\/v2\/types\/product"}],"wp:attachment":[{"href":"https:\/\/roveyayinevi.com.tr\/index.php\/wp-json\/wp\/v2\/media?parent=755762"}],"wp:term":[{"taxonomy":"product_brand","embeddable":true,"href":"https:\/\/roveyayinevi.com.tr\/index.php\/wp-json\/wp\/v2\/product_brand?post=755762"},{"taxonomy":"product_cat","embeddable":true,"href":"https:\/\/roveyayinevi.com.tr\/index.php\/wp-json\/wp\/v2\/product_cat?post=755762"},{"taxonomy":"product_tag","embeddable":true,"href":"https:\/\/roveyayinevi.com.tr\/index.php\/wp-json\/wp\/v2\/product_tag?post=755762"}],"curies":[{"name":"wp","href":"https:\/\/api.w.org\/{rel}","templated":true}]}}