{"id":755759,"date":"2025-08-28T06:48:13","date_gmt":"2025-08-28T03:48:13","guid":{"rendered":"https:\/\/roveyayinevi.com.tr\/index.php\/urun\/gulistani-okuma-kilavuzu-cafer-i-tayyar-rehber-i-gulistan\/"},"modified":"2026-04-16T03:08:52","modified_gmt":"2026-04-16T00:08:52","slug":"gulistani-okuma-kilavuzu-cafer-i-tayyar-rehber-i-gulistan","status":"publish","type":"product","link":"https:\/\/roveyayinevi.com.tr\/index.php\/urun\/gulistani-okuma-kilavuzu-cafer-i-tayyar-rehber-i-gulistan\/","title":{"rendered":"G\u00fclistan&#8217;\u0131 Okuma K\u0131lavuzu (Ca&#8217;fer-i Tayyar-Rehber-i G\u00fclistan)"},"content":{"rendered":"<p>Bu \u00e7al\u0131\u015fmada \u0130slami edebiyat\u0131n \u00f6nde gelen \u015fairlerinden Sa&#8217;d\u0131-i \u015e\u0131raz\u0131&#8217;ye ait Fars\u00e7a G\u00fclistan eserine yap\u0131lm\u0131\u015f son d\u00f6nem \u015ferhlerinden Ca&#8217;fer-i Tayyar&#8217;\u0131n Rehber-i G\u00fclistan adl\u0131 T\u00fcrk\u00e7e eseri, ilm\u0131 usullere ve klasik \u015fiirin kurallar\u0131na uygun bi\u00e7imde okunup yeni harflere aktar\u0131larak bilim d\u00fcnyas\u0131n\u0131n ve g\u00fcn\u00fcm\u00fcz okuyucusunun istifadesine sunulmu\u015ftur. \u00c7al\u0131\u015fmada ilk olarak Sa&#8217;d\u0131-i \u015e\u0131raz\u0131 ve eseri G\u00fclistan hakk\u0131nda bilgi verilmi\u015f; sonras\u0131nda Ca&#8217;fer-i Tayyar&#8217;\u0131n hayat\u0131 ve eserleri ele al\u0131nm\u0131\u015f; ard\u0131ndan Rehber-i G\u00fclistan&#8217;\u0131n \u015ferh usul\u00fc, kelime yap\u0131s\u0131, \u015ferhin kaynaklar\u0131 ve metnin okunma hususiyetleri ele al\u0131narak eserin incelemesi yap\u0131lm\u0131\u015ft\u0131r. Son k\u0131s\u0131mda ise eski harfli metnin yeni harflere \u00e7evirisi verilerek \u00e7al\u0131\u015fma sonucunda elde edilen bulgular de\u011ferlendirilmi\u015ftir. <\/p>\n","protected":false},"excerpt":{"rendered":"<p>Bu \u00e7al\u0131\u015fmada \u0130slami edebiyat\u0131n \u00f6nde gelen \u015fairlerinden Sa&#8217;d\u0131-i \u015e\u0131raz\u0131&#8217;ye ait Fars\u00e7a G\u00fclistan eserine yap\u0131lm\u0131\u015f son d\u00f6nem \u015ferhlerinden Ca&#8217;fer-i Tayyar&#8217;\u0131n Rehber-i G\u00fclistan adl\u0131 T\u00fcrk\u00e7e eseri, ilm\u0131 usullere<span class=\"excerpt-hellip\"> [\u2026]<\/span><\/p>\n","protected":false},"featured_media":0,"template":"","meta":{"_monsterinsights_skip_tracking":false,"_monsterinsights_sitenote_active":false,"_monsterinsights_sitenote_note":"","_monsterinsights_sitenote_category":0},"product_brand":[],"product_cat":[13072,12291],"product_tag":[],"class_list":{"0":"post-755759","1":"product","2":"type-product","3":"status-publish","5":"product_cat-arastirma-inceleme-referans","6":"product_cat-edebiyat","7":"pa_cilt-ciltsiz","8":"pa_tur-kitap","9":"pa_yayinevi-soncag-akademik-kitaplar","10":"pa_yazar-osman-senlik","12":"first","13":"instock","14":"sale","15":"shipping-taxable","16":"purchasable","17":"product-type-simple"},"_links":{"self":[{"href":"https:\/\/roveyayinevi.com.tr\/index.php\/wp-json\/wp\/v2\/product\/755759","targetHints":{"allow":["GET"]}}],"collection":[{"href":"https:\/\/roveyayinevi.com.tr\/index.php\/wp-json\/wp\/v2\/product"}],"about":[{"href":"https:\/\/roveyayinevi.com.tr\/index.php\/wp-json\/wp\/v2\/types\/product"}],"wp:attachment":[{"href":"https:\/\/roveyayinevi.com.tr\/index.php\/wp-json\/wp\/v2\/media?parent=755759"}],"wp:term":[{"taxonomy":"product_brand","embeddable":true,"href":"https:\/\/roveyayinevi.com.tr\/index.php\/wp-json\/wp\/v2\/product_brand?post=755759"},{"taxonomy":"product_cat","embeddable":true,"href":"https:\/\/roveyayinevi.com.tr\/index.php\/wp-json\/wp\/v2\/product_cat?post=755759"},{"taxonomy":"product_tag","embeddable":true,"href":"https:\/\/roveyayinevi.com.tr\/index.php\/wp-json\/wp\/v2\/product_tag?post=755759"}],"curies":[{"name":"wp","href":"https:\/\/api.w.org\/{rel}","templated":true}]}}