{"id":755758,"date":"2025-08-28T06:48:12","date_gmt":"2025-08-28T03:48:12","guid":{"rendered":"https:\/\/roveyayinevi.com.tr\/index.php\/urun\/klasik-gitar-icin-populer-dagarcik-3\/"},"modified":"2026-04-16T03:08:52","modified_gmt":"2026-04-16T00:08:52","slug":"klasik-gitar-icin-populer-dagarcik-3","status":"publish","type":"product","link":"https:\/\/roveyayinevi.com.tr\/index.php\/urun\/klasik-gitar-icin-populer-dagarcik-3\/","title":{"rendered":"Klasik Gitar \u0130\u00e7in Pop\u00fcler Da\u011farc\u0131k -3"},"content":{"rendered":"<p>Klasik Gitar i\u00e7in Pop\u00fcler Da\u011farc\u0131k serimizin \u00e7ok be\u011fenilen birinci ve ikinci kitaplar\u0131n\u0131n ard\u0131ndan bu kez de sizleri \u201cPiyanodan Gitara\u201d alt ba\u015fl\u0131kl\u0131 \u00fc\u00e7\u00fcnc\u00fc kitab\u0131m\u0131zda bulu\u015fturuyoruz. Bu kitapta gitarc\u0131lar\u0131n piyanoda dinleyip ke\u015fke ben de bunu \u00e7alabilseydim dedi\u011fi yerli ve yabanc\u0131 piyano literat\u00fcr\u00fcn\u00fcn en be\u011fenilen piyano par\u00e7alar\u0131n\u0131n gitar d\u00fczenlemeleri yer almaktad\u0131r. Bu d\u00fczenlemeler zorluk bak\u0131m\u0131ndan kolay ve orta d\u00fczeydedir.   Kitap iki b\u00f6l\u00fcmden olu\u015fmaktad\u0131r. Birinci b\u00f6l\u00fcmde T\u00fcrk bestecileri Ertu\u011frul Bayraktar, Erdal Tu\u011fcular, Ali Sevgi, \u0130lhan Baran, Ahmet Adnan Saygun, Necdet Levent, Ulvi Cemal Erkin, Muammer Sun ve Yakup K\u0131vrak\u2019\u0131n eserleri, ikinci b\u00f6l\u00fcmde ise tan\u0131nm\u0131\u015f yabanc\u0131 besteciler Bach, Haendel, Couperin, Daquin, L. Mozart, Haydn, Beethoven, Burgmuller, Schubert, Heller, Schumann, Chopin, \u00c7aykovski, Bartok, \u015eostakovi\u00e7, Ha\u00e7aturyan ve Satie\u2019nin eserleri yer almaktad\u0131r. Kitaptaki 44 eserin Do\u00e7. Dr. G\u00fcray Aly\u00f6r\u00fck taraf\u0131ndan seslendirilmi\u015f video kay\u0131tlar\u0131na &#8211; kitab\u0131n k\u00fcnyesindeki karekod vas\u0131tas\u0131yla &#8211; M\u00fczik E\u011fitimi Yay\u0131nlar\u0131 Youtube kanal\u0131ndan ula\u015fabilirsiniz. Piyanodan Gitara alb\u00fcm\u00fcm\u00fczdeki eserlerin sevilerek seslendirilmesi dile\u011fiyle\u2026 <\/p>\n","protected":false},"excerpt":{"rendered":"<p>Klasik Gitar i\u00e7in Pop\u00fcler Da\u011farc\u0131k serimizin \u00e7ok be\u011fenilen birinci ve ikinci kitaplar\u0131n\u0131n ard\u0131ndan bu kez de sizleri \u201cPiyanodan Gitara\u201d alt ba\u015fl\u0131kl\u0131 \u00fc\u00e7\u00fcnc\u00fc kitab\u0131m\u0131zda bulu\u015fturuyoruz. Bu kitapta<span class=\"excerpt-hellip\"> [\u2026]<\/span><\/p>\n","protected":false},"featured_media":0,"template":"","meta":{"_monsterinsights_skip_tracking":false,"_monsterinsights_sitenote_active":false,"_monsterinsights_sitenote_note":"","_monsterinsights_sitenote_category":0},"product_brand":[],"product_cat":[14556],"product_tag":[],"class_list":{"0":"post-755758","1":"product","2":"type-product","3":"status-publish","5":"product_cat-muzik","6":"pa_cilt-ciltsiz","7":"pa_tur-kitap","8":"pa_yayinevi-muzik-egitimi-yayinlari","9":"pa_yazar-yakup-kivrak","11":"first","12":"instock","13":"sale","14":"shipping-taxable","15":"purchasable","16":"product-type-simple"},"_links":{"self":[{"href":"https:\/\/roveyayinevi.com.tr\/index.php\/wp-json\/wp\/v2\/product\/755758","targetHints":{"allow":["GET"]}}],"collection":[{"href":"https:\/\/roveyayinevi.com.tr\/index.php\/wp-json\/wp\/v2\/product"}],"about":[{"href":"https:\/\/roveyayinevi.com.tr\/index.php\/wp-json\/wp\/v2\/types\/product"}],"wp:attachment":[{"href":"https:\/\/roveyayinevi.com.tr\/index.php\/wp-json\/wp\/v2\/media?parent=755758"}],"wp:term":[{"taxonomy":"product_brand","embeddable":true,"href":"https:\/\/roveyayinevi.com.tr\/index.php\/wp-json\/wp\/v2\/product_brand?post=755758"},{"taxonomy":"product_cat","embeddable":true,"href":"https:\/\/roveyayinevi.com.tr\/index.php\/wp-json\/wp\/v2\/product_cat?post=755758"},{"taxonomy":"product_tag","embeddable":true,"href":"https:\/\/roveyayinevi.com.tr\/index.php\/wp-json\/wp\/v2\/product_tag?post=755758"}],"curies":[{"name":"wp","href":"https:\/\/api.w.org\/{rel}","templated":true}]}}