{"id":755757,"date":"2025-08-28T06:48:10","date_gmt":"2025-08-28T03:48:10","guid":{"rendered":"https:\/\/roveyayinevi.com.tr\/index.php\/urun\/kurtlar-arasinda-ciplak-2\/"},"modified":"2026-04-16T03:08:52","modified_gmt":"2026-04-16T00:08:52","slug":"kurtlar-arasinda-ciplak-2","status":"publish","type":"product","link":"https:\/\/roveyayinevi.com.tr\/index.php\/urun\/kurtlar-arasinda-ciplak-2\/","title":{"rendered":"Kurtlar Aras\u0131nda \u00c7\u0131plak"},"content":{"rendered":"<p>Kurtlar Aras\u0131nda \u00c7\u0131plak, Buchenwald tutsaklar\u0131n\u0131n bu k\u00fc\u00e7\u00fck \u00e7ocu\u011fun bir anda hayatlar\u0131na dahil olmas\u0131yla ya\u015fad\u0131klar\u0131 \u00e7eli\u015fkileri, bu \u00e7eli\u015fkiler i\u00e7erisinde gri h\u00fccrelerine renk katan ayaklanma haz\u0131rl\u0131klar\u0131n\u0131 ve insanl\u0131k onurunu aya\u011fa kald\u0131rmak i\u00e7in ba\u015flatt\u0131klar\u0131 direni\u015f \u00f6yk\u00fcs\u00fcn\u00fc anlat\u0131yor. Bruno Apitz, \u0130kinci D\u00fcnya Sava\u015f\u0131\u2019n\u0131n son demlerinde ya\u015fanan Buchenwald \u0130syan\u0131 ve d\u00fcnyan\u0131n ba\u015f\u0131na musallat olan fa\u015fizmin karanl\u0131\u011f\u0131 unutulmas\u0131n diye yaz\u0131yor Kurtlar Aras\u0131nda \u00c7\u0131plak\u2019\u0131. En zor ko\u015fullarda t\u00fcm insani duygulara ra\u011fmen, bazen d\u00fc\u015ferek, bazen de yolda\u015f\u0131n\u0131n elinden tutup aya\u011fa kalkarak nas\u0131l da \u00f6zg\u00fcrl\u00fc\u011fe bir t\u00fcrk\u00fc yaz\u0131labilece\u011fini g\u00f6steriyor bize. Cesaretle yaz\u0131lm\u0131\u015f, diren\u00e7le yo\u011furulmu\u015f ve \u00f6zg\u00fcrl\u00fck a\u015fk\u0131yla i\u015flenmi\u015f bu incelikli destan, Kurtlar Aras\u0131nda \u00c7\u0131plak, \u201ckaranl\u0131ktan ayd\u0131nl\u0131\u011fa\u201d y\u00fcr\u00fcyenlerin t\u00fcrk\u00fcs\u00fc olmaya devam ediyor ve yeniden okurlar\u0131yla bulu\u015fuyor. <\/p>\n","protected":false},"excerpt":{"rendered":"<p>Kurtlar Aras\u0131nda \u00c7\u0131plak, Buchenwald tutsaklar\u0131n\u0131n bu k\u00fc\u00e7\u00fck \u00e7ocu\u011fun bir anda hayatlar\u0131na dahil olmas\u0131yla ya\u015fad\u0131klar\u0131 \u00e7eli\u015fkileri, bu \u00e7eli\u015fkiler i\u00e7erisinde gri h\u00fccrelerine renk katan ayaklanma haz\u0131rl\u0131klar\u0131n\u0131 ve insanl\u0131k<span class=\"excerpt-hellip\"> [\u2026]<\/span><\/p>\n","protected":false},"featured_media":0,"template":"","meta":{"_monsterinsights_skip_tracking":false,"_monsterinsights_sitenote_active":false,"_monsterinsights_sitenote_note":"","_monsterinsights_sitenote_category":0},"product_brand":[],"product_cat":[12291,12711],"product_tag":[],"class_list":{"0":"post-755757","1":"product","2":"type-product","3":"status-publish","5":"product_cat-edebiyat","6":"product_cat-roman-oyku","7":"pa_cilt-ciltsiz","8":"pa_tur-kitap","9":"pa_yayinevi-kor-kitap","10":"pa_yazar-bruno-apitz","12":"first","13":"instock","14":"sale","15":"shipping-taxable","16":"purchasable","17":"product-type-simple"},"_links":{"self":[{"href":"https:\/\/roveyayinevi.com.tr\/index.php\/wp-json\/wp\/v2\/product\/755757","targetHints":{"allow":["GET"]}}],"collection":[{"href":"https:\/\/roveyayinevi.com.tr\/index.php\/wp-json\/wp\/v2\/product"}],"about":[{"href":"https:\/\/roveyayinevi.com.tr\/index.php\/wp-json\/wp\/v2\/types\/product"}],"wp:attachment":[{"href":"https:\/\/roveyayinevi.com.tr\/index.php\/wp-json\/wp\/v2\/media?parent=755757"}],"wp:term":[{"taxonomy":"product_brand","embeddable":true,"href":"https:\/\/roveyayinevi.com.tr\/index.php\/wp-json\/wp\/v2\/product_brand?post=755757"},{"taxonomy":"product_cat","embeddable":true,"href":"https:\/\/roveyayinevi.com.tr\/index.php\/wp-json\/wp\/v2\/product_cat?post=755757"},{"taxonomy":"product_tag","embeddable":true,"href":"https:\/\/roveyayinevi.com.tr\/index.php\/wp-json\/wp\/v2\/product_tag?post=755757"}],"curies":[{"name":"wp","href":"https:\/\/api.w.org\/{rel}","templated":true}]}}