{"id":755754,"date":"2025-08-28T06:48:04","date_gmt":"2025-08-28T03:48:04","guid":{"rendered":"https:\/\/roveyayinevi.com.tr\/index.php\/urun\/cumhuriyete-dogru-52-hafta\/"},"modified":"2026-04-16T03:08:52","modified_gmt":"2026-04-16T00:08:52","slug":"cumhuriyete-dogru-52-hafta","status":"publish","type":"product","link":"https:\/\/roveyayinevi.com.tr\/index.php\/urun\/cumhuriyete-dogru-52-hafta\/","title":{"rendered":"Cumhuriyet\u2019e Do\u011fru 52 Hafta"},"content":{"rendered":"<p>\u0130stikl\u00e2l Sava\u015f\u0131\u2019n\u0131n ard\u0131ndan siyasal ba\u015far\u0131lar\u0131n \u00f6yk\u00fcs\u00fc&#8230; 1922\u2019nin son aylar\u0131ndan 29 Ekim 1923\u2019e kadarki elli iki hafta, T\u00fcrkiye\u2019nin gelece\u011findeki y\u00fcz y\u0131l\u0131n\u0131 \u015fekillendiren bir\u00e7ok olaya sahne oldu. Lozan Bar\u0131\u015f Konferans\u0131, saltanat\u0131n kald\u0131r\u0131lmas\u0131, \u0130stanbul ve Trakya\u2019da s\u00fcren i\u015fgal, Musul sorunu, TBMM se\u00e7imleri ve Cumhuriyet\u2019in ilan\u0131 bunlar\u0131n ba\u015fl\u0131calar\u0131yd\u0131. Bu tarihi d\u00f6neme\u00e7lerin \u00f6ncesi ve sonras\u0131ndaki tart\u0131\u015fmalar, yerli ve yabanc\u0131 bas\u0131na yans\u0131malar\u0131, ar\u015fivlerde kalm\u0131\u015f ayr\u0131nt\u0131lar ve d\u00f6neme tan\u0131kl\u0131k edenlerin an\u0131lar\u0131ndan derlenen bu kitap, ge\u00e7i\u015f d\u00f6nemine ayna tutarken yak\u0131n tarihimizin belki de en \u00f6nemli elli iki haftas\u0131n\u0131 g\u00fcn g\u00fcn, hafta hafta \u00f6zetliyor. Atat\u00fcrk\u2019\u00fcn evlenme karar\u0131n\u0131 a\u00e7\u0131klamas\u0131ndan Latife Han\u0131m\u2019\u0131n kad\u0131n haklar\u0131 g\u00f6r\u00fc\u015flerine, Ali \u015e\u00fckr\u00fc cinayetinden \u0130ngiliz bombard\u0131man\u0131na, Lozan yaz\u0131\u015fmalar\u0131ndan meclisteki muhalefete, \u015eehzade Abd\u00fclmecit\u2019in halifeli\u011fe atanmas\u0131ndan Cumhuriyet\u2019in ilan edilme karar\u0131na kadar bir y\u0131ll\u0131k s\u00fcre boyunca T\u00fcrkiye ve yak\u0131n \u00e7evresini etkileyen t\u00fcm geli\u015fmeleri bir araya getiren Cumhuriyet\u2019e Do\u011fru 52 Hafta, say\u0131s\u0131z kaynak taran\u0131p g\u00fcncel dile aktar\u0131larak haz\u0131rland\u0131.<\/p>\n","protected":false},"excerpt":{"rendered":"<p>\u0130stikl\u00e2l Sava\u015f\u0131\u2019n\u0131n ard\u0131ndan siyasal ba\u015far\u0131lar\u0131n \u00f6yk\u00fcs\u00fc&#8230; 1922\u2019nin son aylar\u0131ndan 29 Ekim 1923\u2019e kadarki elli iki hafta, T\u00fcrkiye\u2019nin gelece\u011findeki y\u00fcz y\u0131l\u0131n\u0131 \u015fekillendiren bir\u00e7ok olaya sahne oldu. Lozan<span class=\"excerpt-hellip\"> [\u2026]<\/span><\/p>\n","protected":false},"featured_media":0,"template":"","meta":{"_monsterinsights_skip_tracking":false,"_monsterinsights_sitenote_active":false,"_monsterinsights_sitenote_note":"","_monsterinsights_sitenote_category":0},"product_brand":[],"product_cat":[12304],"product_tag":[],"class_list":{"0":"post-755754","1":"product","2":"type-product","3":"status-publish","5":"product_cat-tarih","6":"pa_cilt-ciltsiz","7":"pa_tur-kitap","8":"pa_yayinevi-remzi-kitabevi","9":"pa_yazar-izzeddin-calislar","11":"first","12":"instock","13":"sale","14":"shipping-taxable","15":"purchasable","16":"product-type-simple"},"_links":{"self":[{"href":"https:\/\/roveyayinevi.com.tr\/index.php\/wp-json\/wp\/v2\/product\/755754","targetHints":{"allow":["GET"]}}],"collection":[{"href":"https:\/\/roveyayinevi.com.tr\/index.php\/wp-json\/wp\/v2\/product"}],"about":[{"href":"https:\/\/roveyayinevi.com.tr\/index.php\/wp-json\/wp\/v2\/types\/product"}],"wp:attachment":[{"href":"https:\/\/roveyayinevi.com.tr\/index.php\/wp-json\/wp\/v2\/media?parent=755754"}],"wp:term":[{"taxonomy":"product_brand","embeddable":true,"href":"https:\/\/roveyayinevi.com.tr\/index.php\/wp-json\/wp\/v2\/product_brand?post=755754"},{"taxonomy":"product_cat","embeddable":true,"href":"https:\/\/roveyayinevi.com.tr\/index.php\/wp-json\/wp\/v2\/product_cat?post=755754"},{"taxonomy":"product_tag","embeddable":true,"href":"https:\/\/roveyayinevi.com.tr\/index.php\/wp-json\/wp\/v2\/product_tag?post=755754"}],"curies":[{"name":"wp","href":"https:\/\/api.w.org\/{rel}","templated":true}]}}