{"id":755753,"date":"2025-08-28T06:48:03","date_gmt":"2025-08-28T03:48:03","guid":{"rendered":"https:\/\/roveyayinevi.com.tr\/index.php\/urun\/gecmisten-gunumuze-bebek\/"},"modified":"2026-04-16T03:08:52","modified_gmt":"2026-04-16T00:08:52","slug":"gecmisten-gunumuze-bebek","status":"publish","type":"product","link":"https:\/\/roveyayinevi.com.tr\/index.php\/urun\/gecmisten-gunumuze-bebek\/","title":{"rendered":"Ge\u00e7mi\u015ften G\u00fcn\u00fcm\u00fcze Bebek"},"content":{"rendered":"<p>Ge\u00e7mi\u015ften G\u00fcn\u00fcm\u00fcze Bebek \u2013 Sosyal Tarihimizden Sayfalar, kurulu\u015fundan bug\u00fcne bir semt monografisi. Asl\u0131nda semt monografisi tan\u0131m\u0131n\u0131n s\u0131n\u0131rlar\u0131n\u0131 geni\u015fleten, ilk b\u00f6l\u00fcmden son noktaya kadar \u201ctan\u0131klar\u201dla bir s\u00f6zl\u00fc tarih \u00e7al\u0131\u015fmas\u0131 ayn\u0131 zamanda. D\u00f6rd\u00fcnc\u00fc ku\u015fak Bebekli, \u015eair Nig\u00e2r\u2019\u0131n torunu Nig\u00e2r Nig\u00e2r Alemdar semtin en k\u00f6kl\u00fc ailelerinin fertlerinden en eski yap\u0131lar\u0131na, hat\u0131ralarda kalan semt esnaf\u0131ndan bug\u00fcn h\u00e2l\u00e2 hizmet veren m\u00fcesseselerine, sadece semtin de\u011fil \u015fehrin ve \u00fclkenin d\u00fcn\u00fcn\u00fc ve bug\u00fcn\u00fcn\u00fc ayd\u0131nlatm\u0131\u015f e\u011fitim kurumlar\u0131ndan semtin sakini olmu\u015f yabanc\u0131 konuklar\u0131na, foto\u011fraflarda kalan pastoral manzaras\u0131ndan de\u011fi\u015fen ve tuhaf bi\u00e7imde b\u00fcy\u00fcyen bir \u015fehrin etkisiyle k\u00fclt\u00fcr\u00fc, gelene\u011fi a\u015f\u0131nd\u0131r\u0131lan bug\u00fcn\u00fcn Bebek\u2019ine, d\u00fcnden bug\u00fcne ve A\u2019dan Z\u2019ye b\u00fct\u00fcn bir Bebek\u2019i, \u201cBebekli\u201dyi anlat\u0131yor. Sadece d\u00fcnden bug\u00fcne bir semtin de\u011fil, o g\u00fcnlerden bug\u00fcne de\u011fi\u015fen bir \u00fclkenin panoramas\u0131n\u0131 \u00e7iziyor. <\/p>\n","protected":false},"excerpt":{"rendered":"<p>Ge\u00e7mi\u015ften G\u00fcn\u00fcm\u00fcze Bebek \u2013 Sosyal Tarihimizden Sayfalar, kurulu\u015fundan bug\u00fcne bir semt monografisi. Asl\u0131nda semt monografisi tan\u0131m\u0131n\u0131n s\u0131n\u0131rlar\u0131n\u0131 geni\u015fleten, ilk b\u00f6l\u00fcmden son noktaya kadar \u201ctan\u0131klar\u201dla bir s\u00f6zl\u00fc<span class=\"excerpt-hellip\"> [\u2026]<\/span><\/p>\n","protected":false},"featured_media":0,"template":"","meta":{"_monsterinsights_skip_tracking":false,"_monsterinsights_sitenote_active":false,"_monsterinsights_sitenote_note":"","_monsterinsights_sitenote_category":0},"product_brand":[],"product_cat":[12304],"product_tag":[],"class_list":{"0":"post-755753","1":"product","2":"type-product","3":"status-publish","5":"product_cat-tarih","6":"pa_cilt-ciltsiz","7":"pa_tur-kitap","8":"pa_yayinevi-kirmizi-kedi-yayinevi","9":"pa_yazar-nigar-nigar-alemdar","11":"first","12":"instock","13":"sale","14":"shipping-taxable","15":"purchasable","16":"product-type-simple"},"_links":{"self":[{"href":"https:\/\/roveyayinevi.com.tr\/index.php\/wp-json\/wp\/v2\/product\/755753","targetHints":{"allow":["GET"]}}],"collection":[{"href":"https:\/\/roveyayinevi.com.tr\/index.php\/wp-json\/wp\/v2\/product"}],"about":[{"href":"https:\/\/roveyayinevi.com.tr\/index.php\/wp-json\/wp\/v2\/types\/product"}],"wp:attachment":[{"href":"https:\/\/roveyayinevi.com.tr\/index.php\/wp-json\/wp\/v2\/media?parent=755753"}],"wp:term":[{"taxonomy":"product_brand","embeddable":true,"href":"https:\/\/roveyayinevi.com.tr\/index.php\/wp-json\/wp\/v2\/product_brand?post=755753"},{"taxonomy":"product_cat","embeddable":true,"href":"https:\/\/roveyayinevi.com.tr\/index.php\/wp-json\/wp\/v2\/product_cat?post=755753"},{"taxonomy":"product_tag","embeddable":true,"href":"https:\/\/roveyayinevi.com.tr\/index.php\/wp-json\/wp\/v2\/product_tag?post=755753"}],"curies":[{"name":"wp","href":"https:\/\/api.w.org\/{rel}","templated":true}]}}