{"id":755750,"date":"2025-08-28T06:47:56","date_gmt":"2025-08-28T03:47:56","guid":{"rendered":"https:\/\/roveyayinevi.com.tr\/index.php\/urun\/itibar\/"},"modified":"2026-04-16T03:08:52","modified_gmt":"2026-04-16T00:08:52","slug":"itibar","status":"publish","type":"product","link":"https:\/\/roveyayinevi.com.tr\/index.php\/urun\/itibar\/","title":{"rendered":"\u0130tibar"},"content":{"rendered":"<p>Yaln\u0131zl\u0131ktan bunalan, kitap kurdu Georgiana Ellers, yaz\u0131 teyzesiyle eni\u015ftesinin \u0130ngiltere k\u0131rsal\u0131ndaki evlerinde ge\u00e7iriyordu. \u0130nsan\u0131 hayattan so\u011futan s\u0131k\u0131c\u0131 partilerden birinde, sosyetenin varl\u0131kl\u0131 \u00fcyelerinden, Frances Campbell ad\u0131nda gizemli bir gen\u00e7 k\u0131zla tan\u0131\u015ft\u0131. Yaln\u0131z ve savunmas\u0131z olan Georgiana, hemen Frances ile onun zengin, \u00e7\u0131lg\u0131n ve son derece uygunsuz arkada\u015flar\u0131n\u0131n b\u00fcy\u00fcs\u00fcne kap\u0131ld\u0131.   Bu yeni d\u00fcnyada \u00f6zellikle bir ki\u015fi di\u011ferlerinden ayr\u0131l\u0131yordu: Georgiana\u2019yla yollar\u0131 hep en utan\u00e7 verici anlarda kesi\u015fen Thomas Hawksley. K\u0131v\u0131lc\u0131mlar havada u\u00e7u\u015fsa da Thomas ondan etkilenmi\u015f g\u00f6r\u00fcnm\u00fcyordu. G\u00f6steri\u015fli partilerin verildi\u011fi, yak\u0131\u015f\u0131kl\u0131 adamlar\u0131n at s\u0131rt\u0131nda gezindi\u011fi ve itibar\u0131n her \u015fey oldu\u011fu bir d\u00f6nemde ge\u00e7en bu s\u0131ra d\u0131\u015f\u0131 ve e\u011flenceli romantik komedi, tan\u0131sa Austen\u2019\u0131n kendisinin de sevece\u011fi bir kahraman\u0131n g\u00f6z\u00fcnden seks, r\u0131za, aidiyet ve stat\u00fcy\u00fc konu alan keyifli bir hik\u00e2ye anlat\u0131yor.<\/p>\n","protected":false},"excerpt":{"rendered":"<p>Yaln\u0131zl\u0131ktan bunalan, kitap kurdu Georgiana Ellers, yaz\u0131 teyzesiyle eni\u015ftesinin \u0130ngiltere k\u0131rsal\u0131ndaki evlerinde ge\u00e7iriyordu. \u0130nsan\u0131 hayattan so\u011futan s\u0131k\u0131c\u0131 partilerden birinde, sosyetenin varl\u0131kl\u0131 \u00fcyelerinden, Frances Campbell ad\u0131nda gizemli<span class=\"excerpt-hellip\"> [\u2026]<\/span><\/p>\n","protected":false},"featured_media":0,"template":"","meta":{"_monsterinsights_skip_tracking":false,"_monsterinsights_sitenote_active":false,"_monsterinsights_sitenote_note":"","_monsterinsights_sitenote_category":0},"product_brand":[],"product_cat":[12291,12711],"product_tag":[],"class_list":{"0":"post-755750","1":"product","2":"type-product","3":"status-publish","5":"product_cat-edebiyat","6":"product_cat-roman-oyku","7":"pa_cilt-ciltsiz","8":"pa_tur-kitap","9":"pa_yayinevi-artemis-yayinlari","10":"pa_yazar-lex-croucher","12":"first","13":"instock","14":"sale","15":"shipping-taxable","16":"purchasable","17":"product-type-simple"},"_links":{"self":[{"href":"https:\/\/roveyayinevi.com.tr\/index.php\/wp-json\/wp\/v2\/product\/755750","targetHints":{"allow":["GET"]}}],"collection":[{"href":"https:\/\/roveyayinevi.com.tr\/index.php\/wp-json\/wp\/v2\/product"}],"about":[{"href":"https:\/\/roveyayinevi.com.tr\/index.php\/wp-json\/wp\/v2\/types\/product"}],"wp:attachment":[{"href":"https:\/\/roveyayinevi.com.tr\/index.php\/wp-json\/wp\/v2\/media?parent=755750"}],"wp:term":[{"taxonomy":"product_brand","embeddable":true,"href":"https:\/\/roveyayinevi.com.tr\/index.php\/wp-json\/wp\/v2\/product_brand?post=755750"},{"taxonomy":"product_cat","embeddable":true,"href":"https:\/\/roveyayinevi.com.tr\/index.php\/wp-json\/wp\/v2\/product_cat?post=755750"},{"taxonomy":"product_tag","embeddable":true,"href":"https:\/\/roveyayinevi.com.tr\/index.php\/wp-json\/wp\/v2\/product_tag?post=755750"}],"curies":[{"name":"wp","href":"https:\/\/api.w.org\/{rel}","templated":true}]}}