{"id":755749,"date":"2025-08-28T06:47:54","date_gmt":"2025-08-28T03:47:54","guid":{"rendered":"https:\/\/roveyayinevi.com.tr\/index.php\/urun\/firildak-mcgifty-ve-laklak-sam-yilbasi-hediyeleri\/"},"modified":"2026-04-16T03:08:52","modified_gmt":"2026-04-16T00:08:52","slug":"firildak-mcgifty-ve-laklak-sam-yilbasi-hediyeleri","status":"publish","type":"product","link":"https:\/\/roveyayinevi.com.tr\/index.php\/urun\/firildak-mcgifty-ve-laklak-sam-yilbasi-hediyeleri\/","title":{"rendered":"F\u0131r\u0131ldak Mcgifty ve Laklak Sam &#8211; Y\u0131lba\u015f\u0131 Hediyeleri"},"content":{"rendered":"<p>Tracey Corderoy ve Steven Lenton\u2019dan y\u00fcksek sesle okumal\u0131k, birbirinden komik \u00fc\u00e7 \u00f6yk\u00fc.   F\u0131r\u0131ldak McGifty ve Laklak Sam\u2019le tan\u0131\u015f\u0131n! Onlar, tuhaf gizemler \u00e7\u00f6zen iki cesur pastac\u0131 k\u00f6pek!   F\u0131r\u0131ldak ve Sam\u2019in i\u015fleri yine ba\u015flar\u0131ndan a\u015fk\u0131n! Bir HIRSIZ t\u00fcm YILBA\u015eI HED\u0130YELER\u0130N\u0130 \u00e7al\u0131yor! Bir DEN\u0130Z CANAVARININ ortaya \u00e7\u0131kmas\u0131yla, kumsaldaki FEST\u0130VAL iptal oluyor. LANETL\u0130 bir kedi y\u00fcz\u00fcnden Sam\u2019in ba\u015f\u0131na gelmeyen kalm\u0131yor! Herkes yerini als\u0131n; bu maceralar \u00e7ok pon\u00e7ik! <\/p>\n","protected":false},"excerpt":{"rendered":"<p>Tracey Corderoy ve Steven Lenton\u2019dan y\u00fcksek sesle okumal\u0131k, birbirinden komik \u00fc\u00e7 \u00f6yk\u00fc. F\u0131r\u0131ldak McGifty ve Laklak Sam\u2019le tan\u0131\u015f\u0131n! Onlar, tuhaf gizemler \u00e7\u00f6zen iki cesur pastac\u0131 k\u00f6pek!<span class=\"excerpt-hellip\"> [\u2026]<\/span><\/p>\n","protected":false},"featured_media":0,"template":"","meta":{"_monsterinsights_skip_tracking":false,"_monsterinsights_sitenote_active":false,"_monsterinsights_sitenote_note":"","_monsterinsights_sitenote_category":0},"product_brand":[],"product_cat":[12274,12284],"product_tag":[],"class_list":{"0":"post-755749","1":"product","2":"type-product","3":"status-publish","5":"product_cat-cocuk-ve-genclik-kitaplari","6":"product_cat-hikayeler","7":"pa_cilt-ciltsiz","8":"pa_tur-kitap","9":"pa_yayinevi-dogan-cocuk","10":"pa_yazar-tracey-corderoy","12":"first","13":"instock","14":"sale","15":"shipping-taxable","16":"purchasable","17":"product-type-simple"},"_links":{"self":[{"href":"https:\/\/roveyayinevi.com.tr\/index.php\/wp-json\/wp\/v2\/product\/755749","targetHints":{"allow":["GET"]}}],"collection":[{"href":"https:\/\/roveyayinevi.com.tr\/index.php\/wp-json\/wp\/v2\/product"}],"about":[{"href":"https:\/\/roveyayinevi.com.tr\/index.php\/wp-json\/wp\/v2\/types\/product"}],"wp:attachment":[{"href":"https:\/\/roveyayinevi.com.tr\/index.php\/wp-json\/wp\/v2\/media?parent=755749"}],"wp:term":[{"taxonomy":"product_brand","embeddable":true,"href":"https:\/\/roveyayinevi.com.tr\/index.php\/wp-json\/wp\/v2\/product_brand?post=755749"},{"taxonomy":"product_cat","embeddable":true,"href":"https:\/\/roveyayinevi.com.tr\/index.php\/wp-json\/wp\/v2\/product_cat?post=755749"},{"taxonomy":"product_tag","embeddable":true,"href":"https:\/\/roveyayinevi.com.tr\/index.php\/wp-json\/wp\/v2\/product_tag?post=755749"}],"curies":[{"name":"wp","href":"https:\/\/api.w.org\/{rel}","templated":true}]}}