{"id":755746,"date":"2025-08-28T06:47:49","date_gmt":"2025-08-28T03:47:49","guid":{"rendered":"https:\/\/roveyayinevi.com.tr\/index.php\/urun\/peppa-pig-100-cikartma-hediyeli-boyama-kitabi\/"},"modified":"2026-04-16T03:08:52","modified_gmt":"2026-04-16T00:08:52","slug":"peppa-pig-100-cikartma-hediyeli-boyama-kitabi","status":"publish","type":"product","link":"https:\/\/roveyayinevi.com.tr\/index.php\/urun\/peppa-pig-100-cikartma-hediyeli-boyama-kitabi\/","title":{"rendered":"Peppa Pig 100 \u00c7\u0131kartma Hediyeli Boyama Kitab\u0131"},"content":{"rendered":"<p>G\u00dcZEL ANILAR KUMBARASI   YAPILI\u015eI: 1. Bir yeti\u015fkinle par\u00e7alar\u0131 k\u0131rm\u0131z\u0131 \u00e7izgilerden keserek kitab\u0131ndan \u00e7\u0131kar. 2. Mavi \u015feridin kenarlar\u0131ndaki renkli \u00e7\u0131k\u0131nt\u0131lar\u0131 i\u00e7e do\u011fru katla. \u00c7\u0131k\u0131nt\u0131lar\u0131n dik durmas\u0131na dikkat et. 3. Mavi \u015feridi kavis olu\u015fturacak \u015fekilde e\u011f. \u00c7\u0131k\u0131nt\u0131lar a\u015fa\u011f\u0131 bakmal\u0131. 4. Kumbara g\u00f6vdesini d\u00fcz \u00e7izgilerden i\u00e7e do\u011fru katla. 5. Mavi \u015feridin \u00e7\u0131k\u0131nt\u0131lar\u0131na yap\u0131\u015ft\u0131r\u0131c\u0131 s\u00fcr ve kumbara g\u00f6vdesindeki yar\u0131klardan ge\u00e7irip yap\u0131\u015ft\u0131r. 6. Yap\u0131\u015ft\u0131r\u0131c\u0131 kuruduktan sonra kumbaran\u0131 kullanabilirsin! Bir yeti\u015fkinden yard\u0131m alarak, not k\u00e2\u011f\u0131tlar\u0131na en sevdi\u011fin an\u0131lar\u0131 yaz\u0131p katla ve kumbara deli\u011finden i\u00e7eri at\u0131p sakla! Gelecek y\u0131llarda kumbaran doldu\u011funda a\u00e7\u0131p g\u00fczel an\u0131lar\u0131n\u0131 okuyup hat\u0131rla! <\/p>\n","protected":false},"excerpt":{"rendered":"<p>G\u00dcZEL ANILAR KUMBARASI YAPILI\u015eI: 1. Bir yeti\u015fkinle par\u00e7alar\u0131 k\u0131rm\u0131z\u0131 \u00e7izgilerden keserek kitab\u0131ndan \u00e7\u0131kar. 2. Mavi \u015feridin kenarlar\u0131ndaki renkli \u00e7\u0131k\u0131nt\u0131lar\u0131 i\u00e7e do\u011fru katla. \u00c7\u0131k\u0131nt\u0131lar\u0131n dik durmas\u0131na dikkat<span class=\"excerpt-hellip\"> [\u2026]<\/span><\/p>\n","protected":false},"featured_media":0,"template":"","meta":{"_monsterinsights_skip_tracking":false,"_monsterinsights_sitenote_active":false,"_monsterinsights_sitenote_note":"","_monsterinsights_sitenote_category":0},"product_brand":[],"product_cat":[12644,12274],"product_tag":[],"class_list":{"0":"post-755746","1":"product","2":"type-product","3":"status-publish","5":"product_cat-boyama-kitaplari","6":"product_cat-cocuk-ve-genclik-kitaplari","7":"pa_cilt-ciltsiz","8":"pa_tur-kitap","9":"pa_yayinevi-dogan-cocuk","10":"pa_yazar-kolektif","12":"first","13":"instock","14":"sale","15":"shipping-taxable","16":"purchasable","17":"product-type-simple"},"_links":{"self":[{"href":"https:\/\/roveyayinevi.com.tr\/index.php\/wp-json\/wp\/v2\/product\/755746","targetHints":{"allow":["GET"]}}],"collection":[{"href":"https:\/\/roveyayinevi.com.tr\/index.php\/wp-json\/wp\/v2\/product"}],"about":[{"href":"https:\/\/roveyayinevi.com.tr\/index.php\/wp-json\/wp\/v2\/types\/product"}],"wp:attachment":[{"href":"https:\/\/roveyayinevi.com.tr\/index.php\/wp-json\/wp\/v2\/media?parent=755746"}],"wp:term":[{"taxonomy":"product_brand","embeddable":true,"href":"https:\/\/roveyayinevi.com.tr\/index.php\/wp-json\/wp\/v2\/product_brand?post=755746"},{"taxonomy":"product_cat","embeddable":true,"href":"https:\/\/roveyayinevi.com.tr\/index.php\/wp-json\/wp\/v2\/product_cat?post=755746"},{"taxonomy":"product_tag","embeddable":true,"href":"https:\/\/roveyayinevi.com.tr\/index.php\/wp-json\/wp\/v2\/product_tag?post=755746"}],"curies":[{"name":"wp","href":"https:\/\/api.w.org\/{rel}","templated":true}]}}