{"id":755744,"date":"2025-08-28T06:47:46","date_gmt":"2025-08-28T03:47:46","guid":{"rendered":"https:\/\/roveyayinevi.com.tr\/index.php\/urun\/bir-politikanin-seruveni-plastik-poset-vergisi-dunya-ve-turkiye-uygulamalari-sorunlar-ve-cozumler\/"},"modified":"2026-04-16T03:08:52","modified_gmt":"2026-04-16T00:08:52","slug":"bir-politikanin-seruveni-plastik-poset-vergisi-dunya-ve-turkiye-uygulamalari-sorunlar-ve-cozumler","status":"publish","type":"product","link":"https:\/\/roveyayinevi.com.tr\/index.php\/urun\/bir-politikanin-seruveni-plastik-poset-vergisi-dunya-ve-turkiye-uygulamalari-sorunlar-ve-cozumler\/","title":{"rendered":"Bir Politikan\u0131n Ser\u00fcveni Plastik Po\u015fet Vergisi D\u00fcnya Ve T\u00fcrkiye Uygulamalar\u0131: Sorunlar Ve \u00c7\u00f6z\u00fcmler"},"content":{"rendered":"<p>\u0130\u00e7indekiler     G\u0130R\u0130\u015e   1.      PLAST\u0130K PO\u015eETLER ve YOL A\u00c7TIKLARI \u00c7EVRE SORUNLARI 2.      PLAST\u0130K PO\u015eETLER\u0130N AZALTILMASINA Y\u00d6NEL\u0130K POL\u0130T\u0130KALAR ve D\u00dcNYA UYGULAMALARI 3.      T\u00dcRK\u0130YE\u2019DE PLAST\u0130K T\u00dcKET\u0130M\u0130 ve PLAST\u0130K PO\u015eET VERG\u0130S\u0130 UYGULAMASI 4.      L\u0130TERAT\u00dcR \u0130NCELEMES\u0130 5.      T\u00dcRK\u0130YE\u2019DEK\u0130 PLAST\u0130K PO\u015eET VERG\u0130S\u0130 UYGULAMASININ DE\u011eERLEND\u0130R\u0130LMES\u0130: ARA\u015eTIRMANIN METODOLOJ\u0130S\u0130 6.      T\u00dcRK\u0130YE\u2019DEK\u0130 PLAST\u0130K PO\u015eET VERG\u0130S\u0130 UYGULAMASININ DE\u011eERLEND\u0130R\u0130LMES\u0130: ARA\u015eTIRMA BULGULARININ RAPORLANMASI 7.      BULGULARIN, SINIRLAMALARIN VE POL\u0130T\u0130KA SONU\u00c7LARININ TARTI\u015eILMASI   KAYNAK\u00c7A   <\/p>\n","protected":false},"excerpt":{"rendered":"<p>\u0130\u00e7indekiler G\u0130R\u0130\u015e 1. PLAST\u0130K PO\u015eETLER ve YOL A\u00c7TIKLARI \u00c7EVRE SORUNLARI 2. PLAST\u0130K PO\u015eETLER\u0130N AZALTILMASINA Y\u00d6NEL\u0130K POL\u0130T\u0130KALAR ve D\u00dcNYA UYGULAMALARI 3. T\u00dcRK\u0130YE\u2019DE PLAST\u0130K T\u00dcKET\u0130M\u0130 ve PLAST\u0130K PO\u015eET<span class=\"excerpt-hellip\"> [\u2026]<\/span><\/p>\n","protected":false},"featured_media":0,"template":"","meta":{"_monsterinsights_skip_tracking":false,"_monsterinsights_sitenote_active":false,"_monsterinsights_sitenote_note":"","_monsterinsights_sitenote_category":0},"product_brand":[],"product_cat":[12573,12566],"product_tag":[],"class_list":{"0":"post-755744","1":"product","2":"type-product","3":"status-publish","5":"product_cat-akademik-kitaplar","6":"product_cat-egitim","7":"pa_cilt-ciltsiz","8":"pa_tur-kitap","9":"pa_yayinevi-gazi-kitabevi","10":"pa_yazar-ozlem-sahin-recep-yucedogru","12":"first","13":"instock","14":"sale","15":"shipping-taxable","16":"purchasable","17":"product-type-simple"},"_links":{"self":[{"href":"https:\/\/roveyayinevi.com.tr\/index.php\/wp-json\/wp\/v2\/product\/755744","targetHints":{"allow":["GET"]}}],"collection":[{"href":"https:\/\/roveyayinevi.com.tr\/index.php\/wp-json\/wp\/v2\/product"}],"about":[{"href":"https:\/\/roveyayinevi.com.tr\/index.php\/wp-json\/wp\/v2\/types\/product"}],"wp:attachment":[{"href":"https:\/\/roveyayinevi.com.tr\/index.php\/wp-json\/wp\/v2\/media?parent=755744"}],"wp:term":[{"taxonomy":"product_brand","embeddable":true,"href":"https:\/\/roveyayinevi.com.tr\/index.php\/wp-json\/wp\/v2\/product_brand?post=755744"},{"taxonomy":"product_cat","embeddable":true,"href":"https:\/\/roveyayinevi.com.tr\/index.php\/wp-json\/wp\/v2\/product_cat?post=755744"},{"taxonomy":"product_tag","embeddable":true,"href":"https:\/\/roveyayinevi.com.tr\/index.php\/wp-json\/wp\/v2\/product_tag?post=755744"}],"curies":[{"name":"wp","href":"https:\/\/api.w.org\/{rel}","templated":true}]}}