{"id":755743,"date":"2025-08-28T06:47:45","date_gmt":"2025-08-28T03:47:45","guid":{"rendered":"https:\/\/roveyayinevi.com.tr\/index.php\/urun\/kapsayici-orgutler\/"},"modified":"2026-04-16T03:08:52","modified_gmt":"2026-04-16T00:08:52","slug":"kapsayici-orgutler","status":"publish","type":"product","link":"https:\/\/roveyayinevi.com.tr\/index.php\/urun\/kapsayici-orgutler\/","title":{"rendered":"Kapsay\u0131c\u0131 \u00d6rg\u00fctler"},"content":{"rendered":"<p>\u0130\u00e7indekiler       B\u0130R\u0130NC\u0130 B\u00d6L\u00dcM KAVRAMSAL VE KURAMSAL \u00c7ER\u00c7EVE   \u0130K\u0130NC\u0130 B\u00d6L\u00dcM KAPSAYICI \u00d6RG\u00dcTLER   \u00dc\u00c7\u00dcNC\u00dc B\u00d6L\u00dcM KAPSAYICI \u00d6RG\u00dcTLER: ENGELL\u0130 KAMU \u00c7ALI\u015eANLARININ BAKI\u015e A\u00c7ISIYLA \u00d6RG\u00dcTLERDE KAPSAYICILIK \u00dcZER\u0130NE N\u0130TEL B\u0130R ARA\u015eTIRMA <\/p>\n","protected":false},"excerpt":{"rendered":"<p>\u0130\u00e7indekiler B\u0130R\u0130NC\u0130 B\u00d6L\u00dcM KAVRAMSAL VE KURAMSAL \u00c7ER\u00c7EVE \u0130K\u0130NC\u0130 B\u00d6L\u00dcM KAPSAYICI \u00d6RG\u00dcTLER \u00dc\u00c7\u00dcNC\u00dc B\u00d6L\u00dcM KAPSAYICI \u00d6RG\u00dcTLER: ENGELL\u0130 KAMU \u00c7ALI\u015eANLARININ BAKI\u015e A\u00c7ISIYLA \u00d6RG\u00dcTLERDE KAPSAYICILIK \u00dcZER\u0130NE N\u0130TEL B\u0130R ARA\u015eTIRMA<\/p>\n","protected":false},"featured_media":0,"template":"","meta":{"_monsterinsights_skip_tracking":false,"_monsterinsights_sitenote_active":false,"_monsterinsights_sitenote_note":"","_monsterinsights_sitenote_category":0},"product_brand":[],"product_cat":[13043,14381],"product_tag":[],"class_list":{"0":"post-755743","1":"product","2":"type-product","3":"status-publish","5":"product_cat-ekonomi","6":"product_cat-isletme-muhasebe-maliye","7":"pa_cilt-ciltsiz","8":"pa_tur-kitap","9":"pa_yayinevi-gazi-kitabevi","10":"pa_yazar-pinar-erkal","12":"first","13":"instock","14":"sale","15":"shipping-taxable","16":"purchasable","17":"product-type-simple"},"_links":{"self":[{"href":"https:\/\/roveyayinevi.com.tr\/index.php\/wp-json\/wp\/v2\/product\/755743","targetHints":{"allow":["GET"]}}],"collection":[{"href":"https:\/\/roveyayinevi.com.tr\/index.php\/wp-json\/wp\/v2\/product"}],"about":[{"href":"https:\/\/roveyayinevi.com.tr\/index.php\/wp-json\/wp\/v2\/types\/product"}],"wp:attachment":[{"href":"https:\/\/roveyayinevi.com.tr\/index.php\/wp-json\/wp\/v2\/media?parent=755743"}],"wp:term":[{"taxonomy":"product_brand","embeddable":true,"href":"https:\/\/roveyayinevi.com.tr\/index.php\/wp-json\/wp\/v2\/product_brand?post=755743"},{"taxonomy":"product_cat","embeddable":true,"href":"https:\/\/roveyayinevi.com.tr\/index.php\/wp-json\/wp\/v2\/product_cat?post=755743"},{"taxonomy":"product_tag","embeddable":true,"href":"https:\/\/roveyayinevi.com.tr\/index.php\/wp-json\/wp\/v2\/product_tag?post=755743"}],"curies":[{"name":"wp","href":"https:\/\/api.w.org\/{rel}","templated":true}]}}