{"id":755741,"date":"2025-08-28T06:47:43","date_gmt":"2025-08-28T03:47:43","guid":{"rendered":"https:\/\/roveyayinevi.com.tr\/index.php\/urun\/spor-yonetimi-ve-rekreasyon-uygulamalari\/"},"modified":"2026-04-16T03:08:51","modified_gmt":"2026-04-16T00:08:51","slug":"spor-yonetimi-ve-rekreasyon-uygulamalari","status":"publish","type":"product","link":"https:\/\/roveyayinevi.com.tr\/index.php\/urun\/spor-yonetimi-ve-rekreasyon-uygulamalari\/","title":{"rendered":"Spor Y\u00f6netimi Ve Rekreasyon Uygulamalari"},"content":{"rendered":"<p>\u0130\u00e7indekiler   B\u00d6L\u00dcM 1 SPOR Y\u00d6NET\u0130M\u0130NDE REKREASYON POL\u0130T\u0130KALARI VE UYGULAMALARI B\u00d6L\u00dcM 2 REKREASYON VE DO\u011eAL \u00c7EVRE : B\u0130R ARADA YA\u015eAMIN HARMON\u0130S\u0130 B\u00d6L\u00dcM 3 REKREASYON VE PAZARLAMA B\u00d6L\u00dcM 4 SPOR ORTAMINDA \u00d6RG\u00dcTSEL SOSYAL SERMAYE B\u00d6L\u00dcM 5 DEST\u0130NASYON TERC\u0130HLER\u0130NDE SPORT\u0130F REKREAT\u0130F ETK\u0130NL\u0130KLER\u0130N \u00d6NEM\u0130 B\u00d6L\u00dcM 6 REKREASYONDA D\u0130J\u0130TALLE\u015eME : S\u00dcRE\u00c7 VE UYGULAMALAR B\u00d6L\u00dcM 7 A\u00c7IK ALAN REKREASYON UYGULAMALARINDA EKONOM\u0130 (ARZ VE TALEP UYGULAMALARI) <\/p>\n","protected":false},"excerpt":{"rendered":"<p>\u0130\u00e7indekiler B\u00d6L\u00dcM 1 SPOR Y\u00d6NET\u0130M\u0130NDE REKREASYON POL\u0130T\u0130KALARI VE UYGULAMALARI B\u00d6L\u00dcM 2 REKREASYON VE DO\u011eAL \u00c7EVRE : B\u0130R ARADA YA\u015eAMIN HARMON\u0130S\u0130 B\u00d6L\u00dcM 3 REKREASYON VE PAZARLAMA B\u00d6L\u00dcM<span class=\"excerpt-hellip\"> [\u2026]<\/span><\/p>\n","protected":false},"featured_media":0,"template":"","meta":{"_monsterinsights_skip_tracking":false,"_monsterinsights_sitenote_active":false,"_monsterinsights_sitenote_note":"","_monsterinsights_sitenote_category":0},"product_brand":[],"product_cat":[15563,15564],"product_tag":[],"class_list":{"0":"post-755741","1":"product","2":"type-product","3":"status-publish","5":"product_cat-hobi","6":"product_cat-spor","7":"pa_cilt-ciltsiz","8":"pa_tur-kitap","9":"pa_yayinevi-gazi-kitabevi","10":"pa_yazar-kolektif","12":"first","13":"instock","14":"sale","15":"shipping-taxable","16":"purchasable","17":"product-type-simple"},"_links":{"self":[{"href":"https:\/\/roveyayinevi.com.tr\/index.php\/wp-json\/wp\/v2\/product\/755741","targetHints":{"allow":["GET"]}}],"collection":[{"href":"https:\/\/roveyayinevi.com.tr\/index.php\/wp-json\/wp\/v2\/product"}],"about":[{"href":"https:\/\/roveyayinevi.com.tr\/index.php\/wp-json\/wp\/v2\/types\/product"}],"wp:attachment":[{"href":"https:\/\/roveyayinevi.com.tr\/index.php\/wp-json\/wp\/v2\/media?parent=755741"}],"wp:term":[{"taxonomy":"product_brand","embeddable":true,"href":"https:\/\/roveyayinevi.com.tr\/index.php\/wp-json\/wp\/v2\/product_brand?post=755741"},{"taxonomy":"product_cat","embeddable":true,"href":"https:\/\/roveyayinevi.com.tr\/index.php\/wp-json\/wp\/v2\/product_cat?post=755741"},{"taxonomy":"product_tag","embeddable":true,"href":"https:\/\/roveyayinevi.com.tr\/index.php\/wp-json\/wp\/v2\/product_tag?post=755741"}],"curies":[{"name":"wp","href":"https:\/\/api.w.org\/{rel}","templated":true}]}}