{"id":755738,"date":"2025-08-28T06:47:38","date_gmt":"2025-08-28T03:47:38","guid":{"rendered":"https:\/\/roveyayinevi.com.tr\/index.php\/urun\/atinin-deprem-kitabi\/"},"modified":"2026-04-16T03:08:51","modified_gmt":"2026-04-16T00:08:51","slug":"atinin-deprem-kitabi","status":"publish","type":"product","link":"https:\/\/roveyayinevi.com.tr\/index.php\/urun\/atinin-deprem-kitabi\/","title":{"rendered":"Ati&#8217;nin Deprem Kitab\u0131"},"content":{"rendered":"<p>Ati&#8217;nin Deprem Kitab\u0131\u2019n\u0131 \u00e7ocuklar\u0131 deprem konusunda bilin\u00e7lendirmek i\u00e7in \u00f6zel olarak haz\u0131rlad\u0131k. Madalyon Psikiyatri Merkezi taraf\u0131ndan onaylanan kitap, \u00f6\u011fretmenler ve ebeveynler i\u00e7in de \u00e7ocuklar\u0131 deprem konusunda e\u011fitirken yararlanabilecekleri bir ba\u015fvuru kayna\u011f\u0131 olarak tasarland\u0131.   \u00c7ocuklar bu kitapla, okulda ve evde depreme haz\u0131rl\u0131k i\u00e7in neler yapabileceklerini, olas\u0131 bir deprem durumunda nas\u0131l davranmalar\u0131 gerekti\u011fini g\u00f6rseller e\u015fli\u011finde \u00f6\u011freniyorlar.   Kitapta \u00f6nce kahraman\u0131m\u0131z Ati&#8217;nin okulda arkada\u015flar\u0131 ve \u00f6\u011fretmeniyle, evde ailesiyle deprem i\u00e7in nas\u0131l haz\u0131rl\u0131klar yapt\u0131klar\u0131n\u0131 g\u00f6steren bir hik\u00e2ye, sonunda da \u00e7ocuklar, anne-babalar ve \u00f6\u011fretmenler i\u00e7in deprem \u00f6ncesinde, deprem s\u0131ras\u0131nda ve deprem sonras\u0131nda yap\u0131lacaklar i\u00e7in detayl\u0131 \u00f6neriler yer al\u0131yor. Ya\u011fmur Artukma\u00e7 ile uzman psikolog Ay\u015fenur G\u00fcng\u00f6r&#8217;\u00fcn birlikte yazd\u0131\u011f\u0131 bu kitapta, depremle ilgili teknik bilgiler i\u00e7in Bo\u011fazi\u00e7i \u00dcniversitesi, Kandilli Rasathanesi ve Deprem Ara\u015ft\u0131rma Enstit\u00fcs\u00fc, Deprem M\u00fchendisli\u011fi Ana Bilim Dal\u0131 \u00f6\u011fretim \u00fcyesi Do\u00e7. Dr. G\u00fcl\u00fcm Tan\u0131rcan destek verdi. Efecan Sezer resimledi.<\/p>\n","protected":false},"excerpt":{"rendered":"<p>Ati&#8217;nin Deprem Kitab\u0131\u2019n\u0131 \u00e7ocuklar\u0131 deprem konusunda bilin\u00e7lendirmek i\u00e7in \u00f6zel olarak haz\u0131rlad\u0131k. Madalyon Psikiyatri Merkezi taraf\u0131ndan onaylanan kitap, \u00f6\u011fretmenler ve ebeveynler i\u00e7in de \u00e7ocuklar\u0131 deprem konusunda e\u011fitirken<span class=\"excerpt-hellip\"> [\u2026]<\/span><\/p>\n","protected":false},"featured_media":0,"template":"","meta":{"_monsterinsights_skip_tracking":false,"_monsterinsights_sitenote_active":false,"_monsterinsights_sitenote_note":"","_monsterinsights_sitenote_category":0},"product_brand":[],"product_cat":[12274,12284],"product_tag":[],"class_list":{"0":"post-755738","1":"product","2":"type-product","3":"status-publish","5":"product_cat-cocuk-ve-genclik-kitaplari","6":"product_cat-hikayeler","7":"pa_cilt-ciltsiz","8":"pa_tur-kitap","9":"pa_yayinevi-bilgi-yayinevi","10":"pa_yazar-yagmur-artukmac-aysenur-gungor","12":"first","13":"instock","14":"sale","15":"shipping-taxable","16":"purchasable","17":"product-type-simple"},"_links":{"self":[{"href":"https:\/\/roveyayinevi.com.tr\/index.php\/wp-json\/wp\/v2\/product\/755738","targetHints":{"allow":["GET"]}}],"collection":[{"href":"https:\/\/roveyayinevi.com.tr\/index.php\/wp-json\/wp\/v2\/product"}],"about":[{"href":"https:\/\/roveyayinevi.com.tr\/index.php\/wp-json\/wp\/v2\/types\/product"}],"wp:attachment":[{"href":"https:\/\/roveyayinevi.com.tr\/index.php\/wp-json\/wp\/v2\/media?parent=755738"}],"wp:term":[{"taxonomy":"product_brand","embeddable":true,"href":"https:\/\/roveyayinevi.com.tr\/index.php\/wp-json\/wp\/v2\/product_brand?post=755738"},{"taxonomy":"product_cat","embeddable":true,"href":"https:\/\/roveyayinevi.com.tr\/index.php\/wp-json\/wp\/v2\/product_cat?post=755738"},{"taxonomy":"product_tag","embeddable":true,"href":"https:\/\/roveyayinevi.com.tr\/index.php\/wp-json\/wp\/v2\/product_tag?post=755738"}],"curies":[{"name":"wp","href":"https:\/\/api.w.org\/{rel}","templated":true}]}}