{"id":755732,"date":"2025-08-28T06:47:29","date_gmt":"2025-08-28T03:47:29","guid":{"rendered":"https:\/\/roveyayinevi.com.tr\/index.php\/urun\/beni-anlarlar-mi-lunapark-serisi-sihirli-aynalar\/"},"modified":"2026-04-16T03:08:51","modified_gmt":"2026-04-16T00:08:51","slug":"beni-anlarlar-mi-lunapark-serisi-sihirli-aynalar","status":"publish","type":"product","link":"https:\/\/roveyayinevi.com.tr\/index.php\/urun\/beni-anlarlar-mi-lunapark-serisi-sihirli-aynalar\/","title":{"rendered":"Beni Anlarlar m\u0131? &#8211; Lunapark Serisi-Sihirli Aynalar"},"content":{"rendered":"<p>Siyah beyaz \u00e7ocuk kitab\u0131 olur mu hi\u00e7! Cevab\u0131, bu kitapta! Seni, \u0131\u015f\u0131l \u0131\u015f\u0131l bir lunaparkta \u201cS\u0130H\u0130RL\u0130 AYNALAR\u201da davet ediyorum. Gel, renklerin bo\u015flu\u011funu reng\u00e2renk bir hayal g\u00fcc\u00fc ile birlikte doldural\u0131m! *** S\u0131ra tam Ay\u015fe\u2019ye gelmi\u015fti ki, \u00f6\u011fretmeninin sesi duyuldu: \u201cZaman bitti \u00e7ocuklar! Haydi s\u0131raya!\u201d Ay\u015fe, haks\u0131zl\u0131\u011fa u\u011framas\u0131na ra\u011fmen hi\u00e7 sesini \u00e7\u0131karamam\u0131\u015ft\u0131. Sihirli aynalar, bir \u015feyler yapmal\u0131yd\u0131! \u201cPi\u015ft! Pi\u015ft! Ay\u015fe!\u201d *** Mine C\u0130VAN, haks\u0131zl\u0131\u011fa u\u011framas\u0131na ra\u011fmen itiraz edemeyen, sesini duyuramayan Ay\u015fe\u2019nin hik\u00e2yesini konu al\u0131yor. Kendini ifade edebilmek, hak ve sorumluluklar\u0131m\u0131z\u0131 bilmek ve sahip \u00e7\u0131kmak \u00fczerine reng\u00e2renk ve siyah beyaz bir hik\u00e2ye\u2026<\/p>\n","protected":false},"excerpt":{"rendered":"<p>Siyah beyaz \u00e7ocuk kitab\u0131 olur mu hi\u00e7! Cevab\u0131, bu kitapta! Seni, \u0131\u015f\u0131l \u0131\u015f\u0131l bir lunaparkta \u201cS\u0130H\u0130RL\u0130 AYNALAR\u201da davet ediyorum. Gel, renklerin bo\u015flu\u011funu reng\u00e2renk bir hayal g\u00fcc\u00fc<span class=\"excerpt-hellip\"> [\u2026]<\/span><\/p>\n","protected":false},"featured_media":0,"template":"","meta":{"_monsterinsights_skip_tracking":false,"_monsterinsights_sitenote_active":false,"_monsterinsights_sitenote_note":"","_monsterinsights_sitenote_category":0},"product_brand":[],"product_cat":[12274,12284],"product_tag":[],"class_list":{"0":"post-755732","1":"product","2":"type-product","3":"status-publish","5":"product_cat-cocuk-ve-genclik-kitaplari","6":"product_cat-hikayeler","7":"pa_cilt-ciltsiz","8":"pa_tur-kitap","9":"pa_yayinevi-luna-cocuk-yayinlari","10":"pa_yazar-mine-civan","12":"first","13":"instock","14":"sale","15":"shipping-taxable","16":"purchasable","17":"product-type-simple"},"_links":{"self":[{"href":"https:\/\/roveyayinevi.com.tr\/index.php\/wp-json\/wp\/v2\/product\/755732","targetHints":{"allow":["GET"]}}],"collection":[{"href":"https:\/\/roveyayinevi.com.tr\/index.php\/wp-json\/wp\/v2\/product"}],"about":[{"href":"https:\/\/roveyayinevi.com.tr\/index.php\/wp-json\/wp\/v2\/types\/product"}],"wp:attachment":[{"href":"https:\/\/roveyayinevi.com.tr\/index.php\/wp-json\/wp\/v2\/media?parent=755732"}],"wp:term":[{"taxonomy":"product_brand","embeddable":true,"href":"https:\/\/roveyayinevi.com.tr\/index.php\/wp-json\/wp\/v2\/product_brand?post=755732"},{"taxonomy":"product_cat","embeddable":true,"href":"https:\/\/roveyayinevi.com.tr\/index.php\/wp-json\/wp\/v2\/product_cat?post=755732"},{"taxonomy":"product_tag","embeddable":true,"href":"https:\/\/roveyayinevi.com.tr\/index.php\/wp-json\/wp\/v2\/product_tag?post=755732"}],"curies":[{"name":"wp","href":"https:\/\/api.w.org\/{rel}","templated":true}]}}