{"id":755727,"date":"2025-08-28T06:47:22","date_gmt":"2025-08-28T03:47:22","guid":{"rendered":"https:\/\/roveyayinevi.com.tr\/index.php\/urun\/ama-nasil\/"},"modified":"2026-04-16T03:08:51","modified_gmt":"2026-04-16T00:08:51","slug":"ama-nasil","status":"publish","type":"product","link":"https:\/\/roveyayinevi.com.tr\/index.php\/urun\/ama-nasil\/","title":{"rendered":"Ama Nas\u0131l?"},"content":{"rendered":"<p>D\u00f6rt k\u00fc\u00e7\u00fck sincap, bir a\u011fa\u00e7 kovu\u011funda s\u0131k\u0131\u015f\u0131rsa ne olur? Elbette kurtulmaya \u00e7al\u0131\u015f\u0131rlar. AMA NASIL?   K\u00fcbra FARSAK AKINCI, herkesin bireysel olarak kendini d\u00fc\u015f\u00fcnmesi yerine, i\u015f birli\u011fi i\u00e7inde hareket etmek, plan yapmak ve sonuca ili\u015fkin somut \u00e7\u00f6z\u00fcmler \u00fcretebilmek ad\u0131na harika bir hik\u00e2ye ile kar\u015f\u0131n\u0131zda. \u00dcstelik e\u011flenceli bir dille\u2026   \u201cBazen B\u0130RL\u0130KTE HAREKET ETMEK en g\u00fczel yoldur!\u201d<\/p>\n","protected":false},"excerpt":{"rendered":"<p>D\u00f6rt k\u00fc\u00e7\u00fck sincap, bir a\u011fa\u00e7 kovu\u011funda s\u0131k\u0131\u015f\u0131rsa ne olur? Elbette kurtulmaya \u00e7al\u0131\u015f\u0131rlar. AMA NASIL? K\u00fcbra FARSAK AKINCI, herkesin bireysel olarak kendini d\u00fc\u015f\u00fcnmesi yerine, i\u015f birli\u011fi i\u00e7inde<span class=\"excerpt-hellip\"> [\u2026]<\/span><\/p>\n","protected":false},"featured_media":0,"template":"","meta":{"_monsterinsights_skip_tracking":false,"_monsterinsights_sitenote_active":false,"_monsterinsights_sitenote_note":"","_monsterinsights_sitenote_category":0},"product_brand":[],"product_cat":[12274,12284],"product_tag":[],"class_list":{"0":"post-755727","1":"product","2":"type-product","3":"status-publish","5":"product_cat-cocuk-ve-genclik-kitaplari","6":"product_cat-hikayeler","7":"pa_cilt-ciltsiz","8":"pa_tur-kitap","9":"pa_yayinevi-luna-cocuk-yayinlari","10":"pa_yazar-kubra-farsak-akinci","12":"first","13":"instock","14":"sale","15":"shipping-taxable","16":"purchasable","17":"product-type-simple"},"_links":{"self":[{"href":"https:\/\/roveyayinevi.com.tr\/index.php\/wp-json\/wp\/v2\/product\/755727","targetHints":{"allow":["GET"]}}],"collection":[{"href":"https:\/\/roveyayinevi.com.tr\/index.php\/wp-json\/wp\/v2\/product"}],"about":[{"href":"https:\/\/roveyayinevi.com.tr\/index.php\/wp-json\/wp\/v2\/types\/product"}],"wp:attachment":[{"href":"https:\/\/roveyayinevi.com.tr\/index.php\/wp-json\/wp\/v2\/media?parent=755727"}],"wp:term":[{"taxonomy":"product_brand","embeddable":true,"href":"https:\/\/roveyayinevi.com.tr\/index.php\/wp-json\/wp\/v2\/product_brand?post=755727"},{"taxonomy":"product_cat","embeddable":true,"href":"https:\/\/roveyayinevi.com.tr\/index.php\/wp-json\/wp\/v2\/product_cat?post=755727"},{"taxonomy":"product_tag","embeddable":true,"href":"https:\/\/roveyayinevi.com.tr\/index.php\/wp-json\/wp\/v2\/product_tag?post=755727"}],"curies":[{"name":"wp","href":"https:\/\/api.w.org\/{rel}","templated":true}]}}