{"id":755725,"date":"2025-08-28T06:47:18","date_gmt":"2025-08-28T03:47:18","guid":{"rendered":"https:\/\/roveyayinevi.com.tr\/index.php\/urun\/benim-hayalim-benim-masalim\/"},"modified":"2026-04-16T03:08:51","modified_gmt":"2026-04-16T00:08:51","slug":"benim-hayalim-benim-masalim","status":"publish","type":"product","link":"https:\/\/roveyayinevi.com.tr\/index.php\/urun\/benim-hayalim-benim-masalim\/","title":{"rendered":"Benim Hayalim Benim Masal\u0131m"},"content":{"rendered":"<p>\u00c7ocuklu\u011fumuzdan kalan masals\u0131 tad\u0131, bug\u00fcn\u00fcn \u00e7ocuklar\u0131 da ya\u015fas\u0131n diye yola \u00e7\u0131kan G\u00f6khan Ayaz; \u00e7ocuklar\u0131 kimi zaman Nasrettin Hoca ile tan\u0131\u015fmaya, kimi zaman ormanda bir se\u00e7ime, davet ediyor. Kimi zaman ise her \u015feyden s\u0131k\u0131l\u0131p bir do\u011fa ile ba\u015f ba\u015fa ya\u015famak isteyen padi\u015fah\u0131n pe\u015fine tak\u0131yor. \u0130yilerin kazand\u0131\u011f\u0131, rekabetin dost\u00e7a ya\u015fand\u0131\u011f\u0131, hak edene hakk\u0131n\u0131n teslim edildi\u011fi birbirinden s\u0131cak hik\u00e2yelerin sonunda, bir de \u00e7ocuklara b\u0131rak\u0131yor s\u00f6z\u00fc. Daha ne olsun!<\/p>\n","protected":false},"excerpt":{"rendered":"<p>\u00c7ocuklu\u011fumuzdan kalan masals\u0131 tad\u0131, bug\u00fcn\u00fcn \u00e7ocuklar\u0131 da ya\u015fas\u0131n diye yola \u00e7\u0131kan G\u00f6khan Ayaz; \u00e7ocuklar\u0131 kimi zaman Nasrettin Hoca ile tan\u0131\u015fmaya, kimi zaman ormanda bir se\u00e7ime, davet<span class=\"excerpt-hellip\"> [\u2026]<\/span><\/p>\n","protected":false},"featured_media":0,"template":"","meta":{"_monsterinsights_skip_tracking":false,"_monsterinsights_sitenote_active":false,"_monsterinsights_sitenote_note":"","_monsterinsights_sitenote_category":0},"product_brand":[],"product_cat":[12274,12284],"product_tag":[],"class_list":{"0":"post-755725","1":"product","2":"type-product","3":"status-publish","5":"product_cat-cocuk-ve-genclik-kitaplari","6":"product_cat-hikayeler","7":"pa_cilt-ciltsiz","8":"pa_tur-kitap","9":"pa_yayinevi-luna-cocuk-yayinlari","10":"pa_yazar-gokhan-ayaz","12":"first","13":"instock","14":"sale","15":"shipping-taxable","16":"purchasable","17":"product-type-simple"},"_links":{"self":[{"href":"https:\/\/roveyayinevi.com.tr\/index.php\/wp-json\/wp\/v2\/product\/755725","targetHints":{"allow":["GET"]}}],"collection":[{"href":"https:\/\/roveyayinevi.com.tr\/index.php\/wp-json\/wp\/v2\/product"}],"about":[{"href":"https:\/\/roveyayinevi.com.tr\/index.php\/wp-json\/wp\/v2\/types\/product"}],"wp:attachment":[{"href":"https:\/\/roveyayinevi.com.tr\/index.php\/wp-json\/wp\/v2\/media?parent=755725"}],"wp:term":[{"taxonomy":"product_brand","embeddable":true,"href":"https:\/\/roveyayinevi.com.tr\/index.php\/wp-json\/wp\/v2\/product_brand?post=755725"},{"taxonomy":"product_cat","embeddable":true,"href":"https:\/\/roveyayinevi.com.tr\/index.php\/wp-json\/wp\/v2\/product_cat?post=755725"},{"taxonomy":"product_tag","embeddable":true,"href":"https:\/\/roveyayinevi.com.tr\/index.php\/wp-json\/wp\/v2\/product_tag?post=755725"}],"curies":[{"name":"wp","href":"https:\/\/api.w.org\/{rel}","templated":true}]}}