{"id":755724,"date":"2025-08-28T06:47:16","date_gmt":"2025-08-28T03:47:16","guid":{"rendered":"https:\/\/roveyayinevi.com.tr\/index.php\/urun\/anne-sesimi-dinle-lunapark-serisi-hiz-treni\/"},"modified":"2026-04-16T03:08:51","modified_gmt":"2026-04-16T00:08:51","slug":"anne-sesimi-dinle-lunapark-serisi-hiz-treni","status":"publish","type":"product","link":"https:\/\/roveyayinevi.com.tr\/index.php\/urun\/anne-sesimi-dinle-lunapark-serisi-hiz-treni\/","title":{"rendered":"Anne! Sesimi Dinle &#8211; Lunapark Serisi-H\u0131z Treni"},"content":{"rendered":"<p>Siyah beyaz \u00e7ocuk kitab\u0131 olur mu hi\u00e7! Cevab\u0131, bu kitapta! Seni, \u0131\u015f\u0131l \u0131\u015f\u0131l bir lunaparkta \u201cHIZ TREN\u0130\u201dne davet ediyorum. Gel, renklerin bo\u015flu\u011funu reng\u00e2renk bir hayal g\u00fcc\u00fc ile birlikte doldural\u0131m! *** Lunaparkta bir \u00e7ocuk. \u00dcstelik h\u0131z treninde. S\u0131rt\u0131na yap\u0131\u015f\u0131yor kalbi, yukar\u0131 \u00e7\u0131karken. Ve inerken bulutlar\u0131n aras\u0131ndan a\u015fa\u011f\u0131ya do\u011fru, elinden geldi\u011fince y\u00fcksek sesle ba\u011f\u0131r\u0131yor. Di\u011fer \u00e7ocuklar gibi. \u201cNefes al-ver!\u201d diyor annesi. \u201cNefes al-ver iyi gelecek.\u201d \u00c7ocuk ise sadece annesinin onun sesini duyup duymad\u0131\u011f\u0131n\u0131 merak ediyor. Her \u00e7ocuk gibi\u2026 *** Yasemen EKMEKC\u0130, \u00e7ocuklar\u0131n i\u00e7 d\u00fcnyalar\u0131n\u0131n sesi olmaya devam ediyor bu kitab\u0131nda da. Bir \u00e7ocu\u011fun, h\u0131z trenine bindi\u011fi s\u0131rada hissettiklerini, heyecan\u0131n\u0131, mutlulu\u011funu ama en \u00e7ok da annesine nas\u0131l ihtiya\u00e7 duydu\u011funu, empatik bir \u00fcslupla anlat\u0131yor. G\u00fcl\u00fcmseten ve d\u00fc\u015f\u00fcnd\u00fcren reng\u00e2renk ve siyah beyaz bir hik\u00e2ye\u2026<\/p>\n","protected":false},"excerpt":{"rendered":"<p>Siyah beyaz \u00e7ocuk kitab\u0131 olur mu hi\u00e7! Cevab\u0131, bu kitapta! Seni, \u0131\u015f\u0131l \u0131\u015f\u0131l bir lunaparkta \u201cHIZ TREN\u0130\u201dne davet ediyorum. Gel, renklerin bo\u015flu\u011funu reng\u00e2renk bir hayal g\u00fcc\u00fc<span class=\"excerpt-hellip\"> [\u2026]<\/span><\/p>\n","protected":false},"featured_media":0,"template":"","meta":{"_monsterinsights_skip_tracking":false,"_monsterinsights_sitenote_active":false,"_monsterinsights_sitenote_note":"","_monsterinsights_sitenote_category":0},"product_brand":[],"product_cat":[12274,12284],"product_tag":[],"class_list":{"0":"post-755724","1":"product","2":"type-product","3":"status-publish","5":"product_cat-cocuk-ve-genclik-kitaplari","6":"product_cat-hikayeler","7":"pa_cilt-ciltsiz","8":"pa_tur-kitap","9":"pa_yayinevi-luna-cocuk-yayinlari","10":"pa_yazar-yasemen-ekmekci","12":"first","13":"instock","14":"sale","15":"shipping-taxable","16":"purchasable","17":"product-type-simple"},"_links":{"self":[{"href":"https:\/\/roveyayinevi.com.tr\/index.php\/wp-json\/wp\/v2\/product\/755724","targetHints":{"allow":["GET"]}}],"collection":[{"href":"https:\/\/roveyayinevi.com.tr\/index.php\/wp-json\/wp\/v2\/product"}],"about":[{"href":"https:\/\/roveyayinevi.com.tr\/index.php\/wp-json\/wp\/v2\/types\/product"}],"wp:attachment":[{"href":"https:\/\/roveyayinevi.com.tr\/index.php\/wp-json\/wp\/v2\/media?parent=755724"}],"wp:term":[{"taxonomy":"product_brand","embeddable":true,"href":"https:\/\/roveyayinevi.com.tr\/index.php\/wp-json\/wp\/v2\/product_brand?post=755724"},{"taxonomy":"product_cat","embeddable":true,"href":"https:\/\/roveyayinevi.com.tr\/index.php\/wp-json\/wp\/v2\/product_cat?post=755724"},{"taxonomy":"product_tag","embeddable":true,"href":"https:\/\/roveyayinevi.com.tr\/index.php\/wp-json\/wp\/v2\/product_tag?post=755724"}],"curies":[{"name":"wp","href":"https:\/\/api.w.org\/{rel}","templated":true}]}}