{"id":755723,"date":"2025-08-28T06:47:14","date_gmt":"2025-08-28T03:47:14","guid":{"rendered":"https:\/\/roveyayinevi.com.tr\/index.php\/urun\/entel-ektuel\/"},"modified":"2026-04-16T03:08:51","modified_gmt":"2026-04-16T00:08:51","slug":"entel-ektuel","status":"publish","type":"product","link":"https:\/\/roveyayinevi.com.tr\/index.php\/urun\/entel-ektuel\/","title":{"rendered":"Entel Ekt\u00fcel"},"content":{"rendered":"<p>B\u00f6yle ya\u015famay\u0131, ya\u015famak sanan bu insanlar, acaba baz\u0131 kitaplar\u0131 okusayd\u0131 b\u00f6yle kalabilirler miydi? O kitaplar\u0131 okumu\u015f olsalard\u0131, bug\u00fcn b\u00f6yle davranabilirler miydi? Yine \u00fcmit besleyen i\u00e7 sesi bu c\u00fcmleleri tekrarl\u0131yordu. \u201cKes sesini, kes, sen bir aptals\u0131n\u2026\u201d diye usulca m\u0131r\u0131ldand\u0131. Bu s\u00f6zleri, d\u00fc\u015f\u00fcnd\u00fc\u011f\u00fc kadar sessiz de\u011fildi. Bu usulca m\u0131r\u0131ldanma bile, bu kadar kalabal\u0131k bir ortamda herkes taraf\u0131ndan duyulmu\u015ftu. Bu basit \u015feye bile tepki verme f\u0131rsat\u0131n\u0131 ka\u00e7\u0131rmamaya al\u0131\u015fan toplum, defalarca y\u00fcz\u00fcne tuhaf bak\u0131\u015flar atarak tepkilerini g\u00f6stermi\u015fti. \u0130\u00e7 sesi ile konu\u015fmas\u0131na devam etti: \u201cNe yapabilirsin ki? Fark\u0131nda bile de\u011filler\u2026\u201d   Entelekt\u00fcel, beyefendi bir yazar; bir \u015fehir i\u00e7i otob\u00fcs\u00fc ile evine varabilme sava\u015f\u0131 verdi\u011fi s\u0131radan bir ak\u015famda, hi\u00e7 de s\u0131radan olmayan bir kriz ile hayat\u0131n\u0131n de\u011fi\u015fece\u011finden habersizdi. Hastalar\u0131n\u0131 m\u00fc\u015fteri olarak g\u00f6ren profesyonel bir psikiyatrist, evinde verdi\u011fi partisini b\u00f6lmemek i\u00e7in kahraman\u0131m\u0131z\u0131 ald\u0131\u011f\u0131 bekleme odas\u0131nda i\u015fler \u00e7\u0131\u011fr\u0131ndan \u00e7\u0131k\u0131nca, \u00f6zel bir hastanenin acil servisine kald\u0131r\u0131l\u0131r. Nobel \u00f6d\u00fcll\u00fc bir doktor haberdar olur olmaz, \u00f6zel u\u00e7a\u011f\u0131na atlay\u0131p bu krize neden olan hastal\u0131\u011f\u0131 incelemek i\u00e7in Amerika\u2019dan gelince olaylar h\u0131zlan\u0131r. Helikopter yolculuklar\u0131, g\u00f6kdelenlerdeki hastanelerde ileri teknolojiye sahip medikal cihazlar ve akademik \u00f6d\u00fcllere sahip profes\u00f6rlerin yeni ila\u00e7 form\u00fclleri geli\u015ftirme \u00e7abas\u0131 da tedavi s\u00fcrecine kat\u0131l\u0131r. Ne olaca\u011f\u0131n\u0131 tahmin etmenin imk\u00e2ns\u0131z oldu\u011fu, olaylar\u0131n d\u00fc\u015fmeyen bir tempo ile akt\u0131\u011f\u0131 \u201cEntel Ekt\u00fcel\u201d kitab\u0131n\u0131 elinizden b\u0131rakamayacaks\u0131n\u0131z. Mizah ile yo\u011frulmu\u015f, macera dolu \u00f6zg\u00fcn kurgusu ile unutamad\u0131\u011f\u0131n\u0131z k\u00fclt romanlar\u0131n\u0131z aras\u0131na girmeye aday, iddial\u0131 bir roman&#8230;<\/p>\n","protected":false},"excerpt":{"rendered":"<p>B\u00f6yle ya\u015famay\u0131, ya\u015famak sanan bu insanlar, acaba baz\u0131 kitaplar\u0131 okusayd\u0131 b\u00f6yle kalabilirler miydi? O kitaplar\u0131 okumu\u015f olsalard\u0131, bug\u00fcn b\u00f6yle davranabilirler miydi? Yine \u00fcmit besleyen i\u00e7 sesi<span class=\"excerpt-hellip\"> [\u2026]<\/span><\/p>\n","protected":false},"featured_media":0,"template":"","meta":{"_monsterinsights_skip_tracking":false,"_monsterinsights_sitenote_active":false,"_monsterinsights_sitenote_note":"","_monsterinsights_sitenote_category":0},"product_brand":[],"product_cat":[12291,12711],"product_tag":[],"class_list":{"0":"post-755723","1":"product","2":"type-product","3":"status-publish","5":"product_cat-edebiyat","6":"product_cat-roman-oyku","7":"pa_cilt-ciltsiz","8":"pa_tur-kitap","9":"pa_yayinevi-luna-yayinlari","10":"pa_yazar-arman-berra","12":"first","13":"instock","14":"sale","15":"shipping-taxable","16":"purchasable","17":"product-type-simple"},"_links":{"self":[{"href":"https:\/\/roveyayinevi.com.tr\/index.php\/wp-json\/wp\/v2\/product\/755723","targetHints":{"allow":["GET"]}}],"collection":[{"href":"https:\/\/roveyayinevi.com.tr\/index.php\/wp-json\/wp\/v2\/product"}],"about":[{"href":"https:\/\/roveyayinevi.com.tr\/index.php\/wp-json\/wp\/v2\/types\/product"}],"wp:attachment":[{"href":"https:\/\/roveyayinevi.com.tr\/index.php\/wp-json\/wp\/v2\/media?parent=755723"}],"wp:term":[{"taxonomy":"product_brand","embeddable":true,"href":"https:\/\/roveyayinevi.com.tr\/index.php\/wp-json\/wp\/v2\/product_brand?post=755723"},{"taxonomy":"product_cat","embeddable":true,"href":"https:\/\/roveyayinevi.com.tr\/index.php\/wp-json\/wp\/v2\/product_cat?post=755723"},{"taxonomy":"product_tag","embeddable":true,"href":"https:\/\/roveyayinevi.com.tr\/index.php\/wp-json\/wp\/v2\/product_tag?post=755723"}],"curies":[{"name":"wp","href":"https:\/\/api.w.org\/{rel}","templated":true}]}}