{"id":755722,"date":"2025-08-28T06:47:11","date_gmt":"2025-08-28T03:47:11","guid":{"rendered":"https:\/\/roveyayinevi.com.tr\/index.php\/urun\/akvaryumda-bir-kus-oldu\/"},"modified":"2026-04-16T03:08:51","modified_gmt":"2026-04-16T00:08:51","slug":"akvaryumda-bir-kus-oldu","status":"publish","type":"product","link":"https:\/\/roveyayinevi.com.tr\/index.php\/urun\/akvaryumda-bir-kus-oldu\/","title":{"rendered":"Akvaryumda Bir Ku\u015f \u00d6ld\u00fc"},"content":{"rendered":"<p>Yolun kar\u015f\u0131s\u0131nda bir kad\u0131n duruyordu. Ne kadar g\u00fczeldi sa\u00e7lar\u0131n\u0131 savururken, Delikanl\u0131lar da onu seyrediyordu, \u00d6\u011flen g\u00fcne\u015fi y\u00fczlerini kavururken.   Ah\u0131n\u0131 ald\u0131 b\u00fct\u00fcn delikanl\u0131lar\u0131n, Ecesiydi dik ba\u015f\u0131yla t\u00fcm ceylanlar\u0131n. Bir sevda r\u00fczg\u00e2r\u0131 esti, delirdi gen\u00e7ler, Yand\u0131 tutu\u015ftu, kor oldu taze y\u00fcrekler.   Bir bak\u0131\u015f f\u0131rlatt\u0131 arabas\u0131na binerken, Bir kur\u015fun h\u0131z\u0131yla vuruldu kar\u015f\u0131s\u0131ndaki gen\u00e7ler. Bitirdi i\u015fini, d\u00f6rt kalp, d\u00f6rt can, d\u00f6rt ceset&#8230; Ambulansa konuldu, \u00fcst \u00fcste ve tek tek.<\/p>\n","protected":false},"excerpt":{"rendered":"<p>Yolun kar\u015f\u0131s\u0131nda bir kad\u0131n duruyordu. Ne kadar g\u00fczeldi sa\u00e7lar\u0131n\u0131 savururken, Delikanl\u0131lar da onu seyrediyordu, \u00d6\u011flen g\u00fcne\u015fi y\u00fczlerini kavururken. Ah\u0131n\u0131 ald\u0131 b\u00fct\u00fcn delikanl\u0131lar\u0131n, Ecesiydi dik ba\u015f\u0131yla t\u00fcm<span class=\"excerpt-hellip\"> [\u2026]<\/span><\/p>\n","protected":false},"featured_media":0,"template":"","meta":{"_monsterinsights_skip_tracking":false,"_monsterinsights_sitenote_active":false,"_monsterinsights_sitenote_note":"","_monsterinsights_sitenote_category":0},"product_brand":[],"product_cat":[12291,12509],"product_tag":[],"class_list":{"0":"post-755722","1":"product","2":"type-product","3":"status-publish","5":"product_cat-edebiyat","6":"product_cat-siir","7":"pa_cilt-ciltsiz","8":"pa_tur-kitap","9":"pa_yayinevi-luna-yayinlari","10":"pa_yazar-adem-ali-komurcu","12":"first","13":"instock","14":"sale","15":"shipping-taxable","16":"purchasable","17":"product-type-simple"},"_links":{"self":[{"href":"https:\/\/roveyayinevi.com.tr\/index.php\/wp-json\/wp\/v2\/product\/755722","targetHints":{"allow":["GET"]}}],"collection":[{"href":"https:\/\/roveyayinevi.com.tr\/index.php\/wp-json\/wp\/v2\/product"}],"about":[{"href":"https:\/\/roveyayinevi.com.tr\/index.php\/wp-json\/wp\/v2\/types\/product"}],"wp:attachment":[{"href":"https:\/\/roveyayinevi.com.tr\/index.php\/wp-json\/wp\/v2\/media?parent=755722"}],"wp:term":[{"taxonomy":"product_brand","embeddable":true,"href":"https:\/\/roveyayinevi.com.tr\/index.php\/wp-json\/wp\/v2\/product_brand?post=755722"},{"taxonomy":"product_cat","embeddable":true,"href":"https:\/\/roveyayinevi.com.tr\/index.php\/wp-json\/wp\/v2\/product_cat?post=755722"},{"taxonomy":"product_tag","embeddable":true,"href":"https:\/\/roveyayinevi.com.tr\/index.php\/wp-json\/wp\/v2\/product_tag?post=755722"}],"curies":[{"name":"wp","href":"https:\/\/api.w.org\/{rel}","templated":true}]}}