{"id":755721,"date":"2025-08-28T06:47:09","date_gmt":"2025-08-28T03:47:09","guid":{"rendered":"https:\/\/roveyayinevi.com.tr\/index.php\/urun\/anthony-quinn\/"},"modified":"2026-04-16T03:08:51","modified_gmt":"2026-04-16T00:08:51","slug":"anthony-quinn","status":"publish","type":"product","link":"https:\/\/roveyayinevi.com.tr\/index.php\/urun\/anthony-quinn\/","title":{"rendered":"Anthony Quinn"},"content":{"rendered":"<p>Meksika k\u00f6kenli Amerikal\u0131 akt\u00f6r Anthony Quinn, 1950&#8217;li ve 1960&#8217;l\u0131 y\u0131llarda, d\u00fcnyan\u0131n en \u00f6nemli uluslararas\u0131 karakter oyuncular\u0131ndand\u0131. En \u00e7ok da ba\u015frol\u00fcnde oynad\u0131\u011f\u0131 &#8220;La Strada&#8221; (Sonsuz Sokaklar), &#8220;Alexis Zorbas\u201d (Zorba) ve Oscar \u00d6d\u00fcl\u00fc kazand\u0131\u011f\u0131 &#8220;VivaZapata&#8221; filmleri ile tan\u0131n\u0131r. Meksika devrimi ate\u015finde do\u011fan, a\u00e7l\u0131kla terbiye edilen, Hollywood\u2019un \u00e7amur deryas\u0131 kenar mahallelerinde b\u00fcy\u00fcyen ve daima hayallerinin pe\u015finden ko\u015fan k\u00fc\u00e7\u00fck Antonio\u2019yu, Anthony Quinn yapan olaylar, ki\u015filer ve tesad\u00fcfler, bu kitab\u0131n konusu.<\/p>\n","protected":false},"excerpt":{"rendered":"<p>Meksika k\u00f6kenli Amerikal\u0131 akt\u00f6r Anthony Quinn, 1950&#8217;li ve 1960&#8217;l\u0131 y\u0131llarda, d\u00fcnyan\u0131n en \u00f6nemli uluslararas\u0131 karakter oyuncular\u0131ndand\u0131. En \u00e7ok da ba\u015frol\u00fcnde oynad\u0131\u011f\u0131 &#8220;La Strada&#8221; (Sonsuz Sokaklar), &#8220;Alexis<span class=\"excerpt-hellip\"> [\u2026]<\/span><\/p>\n","protected":false},"featured_media":0,"template":"","meta":{"_monsterinsights_skip_tracking":false,"_monsterinsights_sitenote_active":false,"_monsterinsights_sitenote_note":"","_monsterinsights_sitenote_category":0},"product_brand":[],"product_cat":[13072,12291],"product_tag":[],"class_list":{"0":"post-755721","1":"product","2":"type-product","3":"status-publish","5":"product_cat-arastirma-inceleme-referans","6":"product_cat-edebiyat","7":"pa_cilt-ciltsiz","8":"pa_tur-kitap","9":"pa_yayinevi-luna-yayinlari","10":"pa_yazar-selcuk-salih-caydi","12":"first","13":"instock","14":"sale","15":"shipping-taxable","16":"purchasable","17":"product-type-simple"},"_links":{"self":[{"href":"https:\/\/roveyayinevi.com.tr\/index.php\/wp-json\/wp\/v2\/product\/755721","targetHints":{"allow":["GET"]}}],"collection":[{"href":"https:\/\/roveyayinevi.com.tr\/index.php\/wp-json\/wp\/v2\/product"}],"about":[{"href":"https:\/\/roveyayinevi.com.tr\/index.php\/wp-json\/wp\/v2\/types\/product"}],"wp:attachment":[{"href":"https:\/\/roveyayinevi.com.tr\/index.php\/wp-json\/wp\/v2\/media?parent=755721"}],"wp:term":[{"taxonomy":"product_brand","embeddable":true,"href":"https:\/\/roveyayinevi.com.tr\/index.php\/wp-json\/wp\/v2\/product_brand?post=755721"},{"taxonomy":"product_cat","embeddable":true,"href":"https:\/\/roveyayinevi.com.tr\/index.php\/wp-json\/wp\/v2\/product_cat?post=755721"},{"taxonomy":"product_tag","embeddable":true,"href":"https:\/\/roveyayinevi.com.tr\/index.php\/wp-json\/wp\/v2\/product_tag?post=755721"}],"curies":[{"name":"wp","href":"https:\/\/api.w.org\/{rel}","templated":true}]}}