{"id":755719,"date":"2025-08-28T06:47:05","date_gmt":"2025-08-28T03:47:05","guid":{"rendered":"https:\/\/roveyayinevi.com.tr\/index.php\/urun\/lena\/"},"modified":"2025-09-13T20:10:21","modified_gmt":"2025-09-13T17:10:21","slug":"lena","status":"publish","type":"product","link":"https:\/\/roveyayinevi.com.tr\/index.php\/urun\/lena\/","title":{"rendered":"Lena"},"content":{"rendered":"<p>&#8220;\u00d6l\u00fc diyorlar mesela sarar\u0131p d\u00fc\u015fen yapraklara, k\u0131y\u0131ya vuran yunuslara. Oysa onlar korktuklar\u0131 i\u00e7in ka\u00e7\u0131yorlar yaln\u0131zca ba\u015fka bir hayata. Ben de \u00f6lm\u00fc\u015f olabilirim. \u00c7\u00fcnk\u00fc ya\u015fam\u0131m\u0131 kendi tarz\u0131mda d\u0131\u015far\u0131 vurdum. \u0130\u00e7imde ya\u015fam kalmad\u0131. \u0130\u00e7ime ya\u015fam\u0131 geri sokan Lena\u2019yd\u0131. Onsuz olamazd\u0131m. Olamam.&#8221;   U\u00e7urumun k\u0131y\u0131s\u0131nda dola\u015fan bir adam\u0131n elinden tutan k\u00fc\u00e7\u00fck bir k\u0131z \u00e7ocu\u011funun hik\u00e2yesi Lena&#8230; Vazge\u00e7mek \u00fczereyken hayata tekrar bir \u015fans verenlerin&#8230; Kaybolmu\u015f bir adam\u0131n baba olarak kendini bulu\u015funun hik\u00e2yesi&#8230; Yaras\u0131 olanlara &#8220;Umut var,&#8221; diyor Nuri B\u00fclent Aytemiz, Lena ile&#8230; &#8220;Vazge\u00e7meyin&#8230;&#8221;<\/p>\n","protected":false},"excerpt":{"rendered":"<p>&#8220;\u00d6l\u00fc diyorlar mesela sarar\u0131p d\u00fc\u015fen yapraklara, k\u0131y\u0131ya vuran yunuslara. Oysa onlar korktuklar\u0131 i\u00e7in ka\u00e7\u0131yorlar yaln\u0131zca ba\u015fka bir hayata. Ben de \u00f6lm\u00fc\u015f olabilirim. \u00c7\u00fcnk\u00fc ya\u015fam\u0131m\u0131 kendi tarz\u0131mda<span class=\"excerpt-hellip\"> [\u2026]<\/span><\/p>\n","protected":false},"featured_media":0,"template":"","meta":{"_monsterinsights_skip_tracking":false,"_monsterinsights_sitenote_active":false,"_monsterinsights_sitenote_note":"","_monsterinsights_sitenote_category":0},"product_brand":[],"product_cat":[12291,12711],"product_tag":[],"class_list":{"0":"post-755719","1":"product","2":"type-product","3":"status-publish","5":"product_cat-edebiyat","6":"product_cat-roman-oyku","7":"pa_cilt-ciltsiz","8":"pa_tur-kitap","9":"pa_yayinevi-luna-yayinlari","10":"pa_yazar-nuri-bulent-aytemiz","12":"first","13":"instock","14":"sale","15":"shipping-taxable","16":"purchasable","17":"product-type-simple"},"_links":{"self":[{"href":"https:\/\/roveyayinevi.com.tr\/index.php\/wp-json\/wp\/v2\/product\/755719","targetHints":{"allow":["GET"]}}],"collection":[{"href":"https:\/\/roveyayinevi.com.tr\/index.php\/wp-json\/wp\/v2\/product"}],"about":[{"href":"https:\/\/roveyayinevi.com.tr\/index.php\/wp-json\/wp\/v2\/types\/product"}],"wp:attachment":[{"href":"https:\/\/roveyayinevi.com.tr\/index.php\/wp-json\/wp\/v2\/media?parent=755719"}],"wp:term":[{"taxonomy":"product_brand","embeddable":true,"href":"https:\/\/roveyayinevi.com.tr\/index.php\/wp-json\/wp\/v2\/product_brand?post=755719"},{"taxonomy":"product_cat","embeddable":true,"href":"https:\/\/roveyayinevi.com.tr\/index.php\/wp-json\/wp\/v2\/product_cat?post=755719"},{"taxonomy":"product_tag","embeddable":true,"href":"https:\/\/roveyayinevi.com.tr\/index.php\/wp-json\/wp\/v2\/product_tag?post=755719"}],"curies":[{"name":"wp","href":"https:\/\/api.w.org\/{rel}","templated":true}]}}