{"id":755714,"date":"2025-08-28T06:46:57","date_gmt":"2025-08-28T03:46:57","guid":{"rendered":"https:\/\/roveyayinevi.com.tr\/index.php\/urun\/cinayet-alfabesi-agatha-christie-defteri-ciltli\/"},"modified":"2025-10-23T09:51:53","modified_gmt":"2025-10-23T06:51:53","slug":"cinayet-alfabesi-agatha-christie-defteri-ciltli","status":"publish","type":"product","link":"https:\/\/roveyayinevi.com.tr\/index.php\/urun\/cinayet-alfabesi-agatha-christie-defteri-ciltli\/","title":{"rendered":"Cinayet Alfabesi &#8211; Agatha Christie Defteri (Ciltli)"},"content":{"rendered":"<p>100&#8217;den fazla dile \u00e7evrilen kitaplar\u0131 t\u00fcm d\u00fcnyada 2 milyar\u0131n \u00fczerinde satan Agatha Christie, yaratt\u0131\u011f\u0131 karakterler ve romanlar\u0131nda olu\u015fturdu\u011fu atmosfer h\u00e2l\u00e2 pek \u00e7ok diziye ve filme ilham kayna\u011f\u0131 oluyor. Merakl\u0131 ve macerac\u0131 ki\u015fili\u011fi t\u00fcm d\u00fcnyada bir\u00e7ok kad\u0131na yol g\u00f6steriyor, \u00f6nc\u00fcl\u00fck ediyor.Elinizde tuttu\u011funuz Agatha Christie temal\u0131 defterin t\u0131pk\u0131 ona ilham verdi\u011fi gibi yarat\u0131c\u0131 t\u00fcm beyinlere ilham vermesi dile\u011fiyle\u2026<\/p>\n","protected":false},"excerpt":{"rendered":"<p>100&#8217;den fazla dile \u00e7evrilen kitaplar\u0131 t\u00fcm d\u00fcnyada 2 milyar\u0131n \u00fczerinde satan Agatha Christie, yaratt\u0131\u011f\u0131 karakterler ve romanlar\u0131nda olu\u015fturdu\u011fu atmosfer h\u00e2l\u00e2 pek \u00e7ok diziye ve filme ilham<span class=\"excerpt-hellip\"> [\u2026]<\/span><\/p>\n","protected":false},"featured_media":0,"template":"","meta":{"_monsterinsights_skip_tracking":false,"_monsterinsights_sitenote_active":false,"_monsterinsights_sitenote_note":"","_monsterinsights_sitenote_category":0},"product_brand":[],"product_cat":[28265,15563],"product_tag":[],"class_list":{"0":"post-755714","1":"product","2":"type-product","3":"status-publish","5":"product_cat-diger-hobi","6":"product_cat-hobi","7":"pa_cilt-ciltli","8":"pa_tur-defter","9":"pa_yayinevi-altin-kitaplar","10":"pa_yazar-agatha-christie","12":"first","13":"instock","14":"sale","15":"shipping-taxable","16":"purchasable","17":"product-type-simple"},"_links":{"self":[{"href":"https:\/\/roveyayinevi.com.tr\/index.php\/wp-json\/wp\/v2\/product\/755714","targetHints":{"allow":["GET"]}}],"collection":[{"href":"https:\/\/roveyayinevi.com.tr\/index.php\/wp-json\/wp\/v2\/product"}],"about":[{"href":"https:\/\/roveyayinevi.com.tr\/index.php\/wp-json\/wp\/v2\/types\/product"}],"wp:attachment":[{"href":"https:\/\/roveyayinevi.com.tr\/index.php\/wp-json\/wp\/v2\/media?parent=755714"}],"wp:term":[{"taxonomy":"product_brand","embeddable":true,"href":"https:\/\/roveyayinevi.com.tr\/index.php\/wp-json\/wp\/v2\/product_brand?post=755714"},{"taxonomy":"product_cat","embeddable":true,"href":"https:\/\/roveyayinevi.com.tr\/index.php\/wp-json\/wp\/v2\/product_cat?post=755714"},{"taxonomy":"product_tag","embeddable":true,"href":"https:\/\/roveyayinevi.com.tr\/index.php\/wp-json\/wp\/v2\/product_tag?post=755714"}],"curies":[{"name":"wp","href":"https:\/\/api.w.org\/{rel}","templated":true}]}}