{"id":755712,"date":"2025-08-28T06:46:54","date_gmt":"2025-08-28T03:46:54","guid":{"rendered":"https:\/\/roveyayinevi.com.tr\/index.php\/urun\/spor-bilimleri-alaninda-guncel-arastirmalar-v\/"},"modified":"2026-04-16T03:08:51","modified_gmt":"2026-04-16T00:08:51","slug":"spor-bilimleri-alaninda-guncel-arastirmalar-v","status":"publish","type":"product","link":"https:\/\/roveyayinevi.com.tr\/index.php\/urun\/spor-bilimleri-alaninda-guncel-arastirmalar-v\/","title":{"rendered":"Spor Bilimleri Alan\u0131nda G\u00fcncel Ara\u015ft\u0131rmalar -V"},"content":{"rendered":"<p>\u0130\u00e7indekiler   B\u00d6L\u00dcM 1 SPOR B\u0130L\u0130MLER\u0130 \u00d6\u011eRENC\u0130LER\u0130N\u0130N \u0130LET\u0130\u015e\u0130M BECER\u0130S\u0130 D\u00dcZEYLER\u0130N\u0130N DEMOGRAF\u0130K DE\u011e\u0130\u015eKENLER A\u00c7ISINDAN \u0130NCELENMES\u0130   B\u00d6L\u00dcM 2 T\u00dcRK\u0130YE VE IRAK&#8217;TAK\u0130 SPOR Y\u00d6NET\u0130M\u0130: BENZERL\u0130KLER VE FARKLILIKLAR   B\u00d6L\u00dcM 3 T\u00dcRK FUTBOL KUL\u00dcPLER\u0130N\u0130N BOR\u00c7 SORUNUNUN \u0130NCELENMES\u0130   B\u00d6L\u00dcM 4 ANTRENMAN MON\u0130T\u00d6R\u0130ZASYONUNDA \u0130\u00c7 Y\u00dcKLENMEN\u0130N PERFORMANS TAK\u0130B\u0130 A\u00c7ISINDAN \u0130NCELENMES\u0130: SUBJEKT\u0130F \u00d6L\u00c7\u00dcM Y\u00d6NTEMLER\u0130   B\u00d6L\u00dcM 5 ORTAOKUL \u00d6\u011eRENC\u0130LER\u0130N\u0130N BEDEN E\u011e\u0130T\u0130M\u0130 DERS\u0130NE \u0130L\u0130\u015eK\u0130N TUTUMLARININ \u0130NCELENMES\u0130     B\u00d6L\u00dcM 6 PROFESYONEL FUTBOLCULARDA M\u00dcSABAKA \u00d6NCES\u0130 KAYGI D\u00dcZEYLER\u0130 \u0130LE \u00d6FKE \u0130FADE TARZLARININ \u0130NCELENMES\u0130   B\u00d6L\u00dcM 7 KADIN VE ERKEK RAGB\u0130 SPORCULARININ TAKIMA A\u0130D\u0130YET VE DUYGUSAL BA\u011eLILIK D\u00dcZEYLER\u0130   B\u00d6L\u00dcM 8 EMS (ELEKTROMYOST\u0130M\u00dcLASYON) ANTRENMANLARI VE ETK\u0130S\u0130   B\u00d6L\u00dcM 9 SPORCULARIN HAYAL ETME VE KAYGI D\u00dcZEYLER\u0130   B\u00d6L\u00dcM 10 Y\u00dcZ\u00dcC\u00dcLERDE CORE ANTRENMANLARI   B\u00d6L\u00dcM 11 T\u00dcRK\u0130YE S\u00dcPER L\u0130G\u0130NDE M\u00dcCADELE EDEN 10 FUTBOL KUL\u00dcB\u00dcN\u00dcN LOGOLARININ TAR\u0130HSEL VE K\u00dcLT\u00dcREL A\u00c7IDAN \u0130NCELENMES\u0130   B\u00d6L\u00dcM 12 BEDEN E\u011e\u0130T\u0130M\u0130 VE SPOR \u00d6\u011eRETMEN\u0130 OLAN VE OLMAYAN OKULLARDA, \u00d6\u011eRENC\u0130LER\u0130N F\u0130Z\u0130KSEL UYGUNLUK D\u00dcZEYLER\u0130 ARASINDAK\u0130 FARKLARIN \u0130NCELENMES\u0130   B\u00d6L\u00dcM 13 FUTBOLDA \u015e\u0130DDET\u0130N KAYNA\u011eINA \u0130L\u0130\u015eK\u0130N TARAFTAR G\u00d6R\u00dc\u015eLER\u0130N\u0130N \u0130NCELENMES\u0130   B\u00d6L\u00dcM 14 SPORCULARDA SOSYAL G\u00dcVENL\u0130K <\/p>\n","protected":false},"excerpt":{"rendered":"<p>\u0130\u00e7indekiler B\u00d6L\u00dcM 1 SPOR B\u0130L\u0130MLER\u0130 \u00d6\u011eRENC\u0130LER\u0130N\u0130N \u0130LET\u0130\u015e\u0130M BECER\u0130S\u0130 D\u00dcZEYLER\u0130N\u0130N DEMOGRAF\u0130K DE\u011e\u0130\u015eKENLER A\u00c7ISINDAN \u0130NCELENMES\u0130 B\u00d6L\u00dcM 2 T\u00dcRK\u0130YE VE IRAK&#8217;TAK\u0130 SPOR Y\u00d6NET\u0130M\u0130: BENZERL\u0130KLER VE FARKLILIKLAR B\u00d6L\u00dcM 3 T\u00dcRK<span class=\"excerpt-hellip\"> [\u2026]<\/span><\/p>\n","protected":false},"featured_media":0,"template":"","meta":{"_monsterinsights_skip_tracking":false,"_monsterinsights_sitenote_active":false,"_monsterinsights_sitenote_note":"","_monsterinsights_sitenote_category":0},"product_brand":[],"product_cat":[15563,15564],"product_tag":[],"class_list":{"0":"post-755712","1":"product","2":"type-product","3":"status-publish","5":"product_cat-hobi","6":"product_cat-spor","7":"pa_cilt-ciltsiz","8":"pa_tur-kitap","9":"pa_yayinevi-gazi-kitabevi","10":"pa_yazar-kolektif","12":"first","13":"instock","14":"sale","15":"shipping-taxable","16":"purchasable","17":"product-type-simple"},"_links":{"self":[{"href":"https:\/\/roveyayinevi.com.tr\/index.php\/wp-json\/wp\/v2\/product\/755712","targetHints":{"allow":["GET"]}}],"collection":[{"href":"https:\/\/roveyayinevi.com.tr\/index.php\/wp-json\/wp\/v2\/product"}],"about":[{"href":"https:\/\/roveyayinevi.com.tr\/index.php\/wp-json\/wp\/v2\/types\/product"}],"wp:attachment":[{"href":"https:\/\/roveyayinevi.com.tr\/index.php\/wp-json\/wp\/v2\/media?parent=755712"}],"wp:term":[{"taxonomy":"product_brand","embeddable":true,"href":"https:\/\/roveyayinevi.com.tr\/index.php\/wp-json\/wp\/v2\/product_brand?post=755712"},{"taxonomy":"product_cat","embeddable":true,"href":"https:\/\/roveyayinevi.com.tr\/index.php\/wp-json\/wp\/v2\/product_cat?post=755712"},{"taxonomy":"product_tag","embeddable":true,"href":"https:\/\/roveyayinevi.com.tr\/index.php\/wp-json\/wp\/v2\/product_tag?post=755712"}],"curies":[{"name":"wp","href":"https:\/\/api.w.org\/{rel}","templated":true}]}}