{"id":755709,"date":"2025-08-28T06:46:51","date_gmt":"2025-08-28T03:46:51","guid":{"rendered":"https:\/\/roveyayinevi.com.tr\/index.php\/urun\/laboratuvar-gunlukleri\/"},"modified":"2026-04-16T03:08:51","modified_gmt":"2026-04-16T00:08:51","slug":"laboratuvar-gunlukleri","status":"publish","type":"product","link":"https:\/\/roveyayinevi.com.tr\/index.php\/urun\/laboratuvar-gunlukleri\/","title":{"rendered":"Laboratuvar G\u00fcnl\u00fckleri"},"content":{"rendered":"<p>Laboratuvar G\u00fcnl\u00fckleri yazar\u0131n 1975 y\u0131l\u0131 ilkbahar\u0131nda lise 2. s\u0131n\u0131ftayken Felsefenin Ba\u015flang\u0131\u00e7 \u0130lkeleri adl\u0131 bir kitab\u0131n ilgisini \u00e7ekmesiyle ba\u015flay\u0131p ulusal, toplumsal ve bireysel kurtulu\u015fun ger\u00e7ekle\u015fece\u011fi d\u00fc\u015f\u00fcn\u00fclen \u2018D\u00fcnya Sosyalist Sistemi\u2019nin 1990\u2019lar\u0131n ba\u015f\u0131nda iflas ederek \u00e7\u00f6kmesiyle sona eren bir d\u00f6neme ait ki\u015fisel tan\u0131kl\u0131klar\u0131 ve deneyimleri i\u00e7eriyor. Gerek d\u00fcnya gerekse T\u00fcrkiye i\u00e7in \u00f6nem ta\u015f\u0131yan bu tarihsel d\u00f6nemece yazar bu \u015fekilde farkl\u0131 bir a\u00e7\u0131dan \u0131\u015f\u0131k tutarken, ayn\u0131 zamanda hayaller ile ac\u0131 ger\u00e7eklerin \u00e7at\u0131\u015fmas\u0131ndan do\u011fan hayal k\u0131r\u0131kl\u0131klar\u0131n\u0131n, \u00fctopya ile distopyan\u0131n yer ald\u0131\u011f\u0131 zihinsel yolculu\u011funu aktar\u0131yor.   ____________________________________________   Moskova \u00dcniversitesi\u2019nde bir \u00f6\u011fretim \u00fcyesi, \u00f6\u011frencilere Marksizmin fen bilimlerindeki son geli\u015fmelerden yararlanarak sosyalist d\u00fc\u015f\u00fcnce ak\u0131m\u0131n\u0131n \u2018\u00fctopik sosyalizm\u2019 evresinden \u2018bilimsel sosyalizm\u2019 evresine ge\u00e7mesini nas\u0131l sa\u011flad\u0131\u011f\u0131n\u0131 ve dolay\u0131s\u0131yla Marksizmin \u2018bilimsel sosyalizm\u2019 oldu\u011funu anlat\u0131rken \u00f6\u011frencilerden biri elini kald\u0131r\u0131p sorar:   \u2013 Hocam, madem Marksizme \u2018bilimsel sosyalizm\u2019 deniyor, \u00f6yleyse neden \u00f6nce hayvanlar \u00fczerinde test edilmedi??? <\/p>\n","protected":false},"excerpt":{"rendered":"<p>Laboratuvar G\u00fcnl\u00fckleri yazar\u0131n 1975 y\u0131l\u0131 ilkbahar\u0131nda lise 2. s\u0131n\u0131ftayken Felsefenin Ba\u015flang\u0131\u00e7 \u0130lkeleri adl\u0131 bir kitab\u0131n ilgisini \u00e7ekmesiyle ba\u015flay\u0131p ulusal, toplumsal ve bireysel kurtulu\u015fun ger\u00e7ekle\u015fece\u011fi d\u00fc\u015f\u00fcn\u00fclen \u2018D\u00fcnya<span class=\"excerpt-hellip\"> [\u2026]<\/span><\/p>\n","protected":false},"featured_media":0,"template":"","meta":{"_monsterinsights_skip_tracking":false,"_monsterinsights_sitenote_active":false,"_monsterinsights_sitenote_note":"","_monsterinsights_sitenote_category":0},"product_brand":[],"product_cat":[13005],"product_tag":[],"class_list":{"0":"post-755709","1":"product","2":"type-product","3":"status-publish","5":"product_cat-bilim-muhendislik","6":"pa_cilt-ciltsiz","7":"pa_tur-kitap","8":"pa_yayinevi-liberte-yayinlari","9":"pa_yazar-sadi-yumusak","11":"first","12":"instock","13":"sale","14":"shipping-taxable","15":"purchasable","16":"product-type-simple"},"_links":{"self":[{"href":"https:\/\/roveyayinevi.com.tr\/index.php\/wp-json\/wp\/v2\/product\/755709","targetHints":{"allow":["GET"]}}],"collection":[{"href":"https:\/\/roveyayinevi.com.tr\/index.php\/wp-json\/wp\/v2\/product"}],"about":[{"href":"https:\/\/roveyayinevi.com.tr\/index.php\/wp-json\/wp\/v2\/types\/product"}],"wp:attachment":[{"href":"https:\/\/roveyayinevi.com.tr\/index.php\/wp-json\/wp\/v2\/media?parent=755709"}],"wp:term":[{"taxonomy":"product_brand","embeddable":true,"href":"https:\/\/roveyayinevi.com.tr\/index.php\/wp-json\/wp\/v2\/product_brand?post=755709"},{"taxonomy":"product_cat","embeddable":true,"href":"https:\/\/roveyayinevi.com.tr\/index.php\/wp-json\/wp\/v2\/product_cat?post=755709"},{"taxonomy":"product_tag","embeddable":true,"href":"https:\/\/roveyayinevi.com.tr\/index.php\/wp-json\/wp\/v2\/product_tag?post=755709"}],"curies":[{"name":"wp","href":"https:\/\/api.w.org\/{rel}","templated":true}]}}