{"id":755704,"date":"2025-08-28T06:46:44","date_gmt":"2025-08-28T03:46:44","guid":{"rendered":"https:\/\/roveyayinevi.com.tr\/index.php\/urun\/kaybolan-zamanin-ruhu\/"},"modified":"2026-04-16T03:08:51","modified_gmt":"2026-04-16T00:08:51","slug":"kaybolan-zamanin-ruhu","status":"publish","type":"product","link":"https:\/\/roveyayinevi.com.tr\/index.php\/urun\/kaybolan-zamanin-ruhu\/","title":{"rendered":"Kaybolan Zaman\u0131n Ruhu"},"content":{"rendered":"<p>Tenkidin ilk sebebi sevgi ve ilgidir. Sevilmeyen, varl\u0131\u011f\u0131 ile mutlu olunmayanlar, genel gidi\u015fattan daha \u00e7ok kendi ki\u015fisel \u00e7\u0131karlar\u0131n\u0131 \u00f6n planda tutabilir. Onun d\u00fcnyas\u0131 kendi fanusu ile s\u0131n\u0131rl\u0131d\u0131r. Bu t\u00fcr anlay\u0131\u015flar ger\u00e7e\u011fi ara\u015ft\u0131rma ve \u00f6\u011frenme ihtiyac\u0131 duymayan \u00e7evrelerin mahsul\u00fcd\u00fcr ve devlet organlar\u0131n\u0131n, bu t\u00fcr anlay\u0131\u015flara tedavi ama\u00e7l\u0131 \u00e7\u00f6z\u00fcmler \u00fcretmesi, zorunlu e\u011fitimde baz\u0131 d\u00fczeltmeler yapmaya kadar i\u015fi g\u00f6t\u00fcrmesi gereken belirtilerdir.   B\u00fcy\u00fck ko\u015fuya kat\u0131lan sadece devletler de\u011fildir, yurt i\u00e7inde de ben merkezli \u00f6yle b\u00fcy\u00fck ko\u015fular vard\u0131r ki, d\u0131\u015far\u0131dan seyredenler her an kaza yapmas\u0131 muhtemel bir oto yar\u0131\u015f\u0131n\u0131 seyreder gibi heyecanla takip ederler. Yar\u0131\u015f\u0131 d\u00fczenleyen kurallar\u0131 seyircilerin de\u011fi\u015ftirmesi ancak uzun m\u00fccadeleler sonucu belki m\u00fcmk\u00fcn olabilir, seyrederken duydu\u011fu korkulu heyecan\u0131n, gidi\u015fat\u0131n i\u00e7inde saklad\u0131\u011f\u0131 bilinmezliklerin bir araya gelmemesi icin duadan ba\u015fka yapaca\u011f\u0131 bir \u015fey kalmad\u0131\u011f\u0131na h\u00fckmeder. <\/p>\n","protected":false},"excerpt":{"rendered":"<p>Tenkidin ilk sebebi sevgi ve ilgidir. Sevilmeyen, varl\u0131\u011f\u0131 ile mutlu olunmayanlar, genel gidi\u015fattan daha \u00e7ok kendi ki\u015fisel \u00e7\u0131karlar\u0131n\u0131 \u00f6n planda tutabilir. Onun d\u00fcnyas\u0131 kendi fanusu ile<span class=\"excerpt-hellip\"> [\u2026]<\/span><\/p>\n","protected":false},"featured_media":0,"template":"","meta":{"_monsterinsights_skip_tracking":false,"_monsterinsights_sitenote_active":false,"_monsterinsights_sitenote_note":"","_monsterinsights_sitenote_category":0},"product_brand":[],"product_cat":[52477],"product_tag":[],"class_list":{"0":"post-755704","1":"product","2":"type-product","3":"status-publish","5":"product_cat-arastirma","6":"pa_cilt-ciltsiz","7":"pa_tur-kitap","8":"pa_yayinevi-korkut-yayinlari","9":"pa_yazar-ismail-ozmel","11":"first","12":"instock","13":"sale","14":"shipping-taxable","15":"purchasable","16":"product-type-simple"},"_links":{"self":[{"href":"https:\/\/roveyayinevi.com.tr\/index.php\/wp-json\/wp\/v2\/product\/755704","targetHints":{"allow":["GET"]}}],"collection":[{"href":"https:\/\/roveyayinevi.com.tr\/index.php\/wp-json\/wp\/v2\/product"}],"about":[{"href":"https:\/\/roveyayinevi.com.tr\/index.php\/wp-json\/wp\/v2\/types\/product"}],"wp:attachment":[{"href":"https:\/\/roveyayinevi.com.tr\/index.php\/wp-json\/wp\/v2\/media?parent=755704"}],"wp:term":[{"taxonomy":"product_brand","embeddable":true,"href":"https:\/\/roveyayinevi.com.tr\/index.php\/wp-json\/wp\/v2\/product_brand?post=755704"},{"taxonomy":"product_cat","embeddable":true,"href":"https:\/\/roveyayinevi.com.tr\/index.php\/wp-json\/wp\/v2\/product_cat?post=755704"},{"taxonomy":"product_tag","embeddable":true,"href":"https:\/\/roveyayinevi.com.tr\/index.php\/wp-json\/wp\/v2\/product_tag?post=755704"}],"curies":[{"name":"wp","href":"https:\/\/api.w.org\/{rel}","templated":true}]}}