{"id":755703,"date":"2025-08-28T06:46:43","date_gmt":"2025-08-28T03:46:43","guid":{"rendered":"https:\/\/roveyayinevi.com.tr\/index.php\/urun\/cinsellik-ve-basarisiz-mutlak\/"},"modified":"2026-04-16T03:08:51","modified_gmt":"2026-04-16T00:08:51","slug":"cinsellik-ve-basarisiz-mutlak","status":"publish","type":"product","link":"https:\/\/roveyayinevi.com.tr\/index.php\/urun\/cinsellik-ve-basarisiz-mutlak\/","title":{"rendered":"Cinsellik ve Ba\u015far\u0131s\u0131z Mutlak"},"content":{"rendered":"<p>Slavoj \u017di\u017eek, felsefi sisteminin bug\u00fcne kadarki en titiz \u00e7al\u0131\u015fmas\u0131nda, diyalektik materyalizmin yeni bir tan\u0131m\u0131n\u0131 sunuyor.   Bu kitab\u0131nda, Alain Badiou, Robert Brandom, Joan Copjec, Quentin Meillassoux ve Julia Kristeva gibi isimlerin eserlerini yorumlamakla s\u0131n\u0131rl\u0131 kalm\u0131yor; pop\u00fcler bilimden kuantum mekani\u011fine, cinsel farktan analitik felsefeye uzanan bir macera vadediyor. \u017di\u017eek M\u00f6bius \u015feridini, \u00e7apraz-kapa\u011f\u0131 ve Klein \u015fi\u015fesini g\u00f6z\u00fcm\u00fczde canland\u0131rarak varl\u0131k, \u00f6z ve kavramdan olu\u015fan Hegel mant\u0131\u011f\u0131n\u0131n temel \u00fc\u00e7l\u00fcs\u00fcne hareket kazand\u0131r\u0131yor. Yeni Hegel ve Kant okumalar\u0131 ise film, politika ve k\u00fclt\u00fcr \u00fczerine yorumlarla birlikte sahneleniyor. <\/p>\n","protected":false},"excerpt":{"rendered":"<p>Slavoj \u017di\u017eek, felsefi sisteminin bug\u00fcne kadarki en titiz \u00e7al\u0131\u015fmas\u0131nda, diyalektik materyalizmin yeni bir tan\u0131m\u0131n\u0131 sunuyor. Bu kitab\u0131nda, Alain Badiou, Robert Brandom, Joan Copjec, Quentin Meillassoux ve<span class=\"excerpt-hellip\"> [\u2026]<\/span><\/p>\n","protected":false},"featured_media":0,"template":"","meta":{"_monsterinsights_skip_tracking":false,"_monsterinsights_sitenote_active":false,"_monsterinsights_sitenote_note":"","_monsterinsights_sitenote_category":0},"product_brand":[],"product_cat":[12388],"product_tag":[],"class_list":{"0":"post-755703","1":"product","2":"type-product","3":"status-publish","5":"product_cat-felsefe","6":"pa_cilt-ciltsiz","7":"pa_tur-kitap","8":"pa_yayinevi-kolektif-kitap","9":"pa_yazar-slavoj-zizek","11":"first","12":"instock","13":"sale","14":"shipping-taxable","15":"purchasable","16":"product-type-simple"},"_links":{"self":[{"href":"https:\/\/roveyayinevi.com.tr\/index.php\/wp-json\/wp\/v2\/product\/755703","targetHints":{"allow":["GET"]}}],"collection":[{"href":"https:\/\/roveyayinevi.com.tr\/index.php\/wp-json\/wp\/v2\/product"}],"about":[{"href":"https:\/\/roveyayinevi.com.tr\/index.php\/wp-json\/wp\/v2\/types\/product"}],"wp:attachment":[{"href":"https:\/\/roveyayinevi.com.tr\/index.php\/wp-json\/wp\/v2\/media?parent=755703"}],"wp:term":[{"taxonomy":"product_brand","embeddable":true,"href":"https:\/\/roveyayinevi.com.tr\/index.php\/wp-json\/wp\/v2\/product_brand?post=755703"},{"taxonomy":"product_cat","embeddable":true,"href":"https:\/\/roveyayinevi.com.tr\/index.php\/wp-json\/wp\/v2\/product_cat?post=755703"},{"taxonomy":"product_tag","embeddable":true,"href":"https:\/\/roveyayinevi.com.tr\/index.php\/wp-json\/wp\/v2\/product_tag?post=755703"}],"curies":[{"name":"wp","href":"https:\/\/api.w.org\/{rel}","templated":true}]}}