{"id":755702,"date":"2025-08-28T06:46:42","date_gmt":"2025-08-28T03:46:42","guid":{"rendered":"https:\/\/roveyayinevi.com.tr\/index.php\/urun\/derinin-fisiltilari\/"},"modified":"2026-04-16T03:08:51","modified_gmt":"2026-04-16T00:08:51","slug":"derinin-fisiltilari","status":"publish","type":"product","link":"https:\/\/roveyayinevi.com.tr\/index.php\/urun\/derinin-fisiltilari\/","title":{"rendered":"Derin&#8217;in F\u0131s\u0131lt\u0131lar\u0131"},"content":{"rendered":"<p>Derin\u2019in s\u00f6zleri f\u0131s\u0131lt\u0131 halinde \u00e7\u0131k\u0131yordu.Duymak i\u00e7in \u00e7ok k\u00fc\u00e7\u00fcklerdi.   Derin\u2019in bir s\u0131r gibi yumu\u015fak ve utanga\u00e7 olan sesi okuldakiler taraf\u0131ndan duyulmuyor ve ba\u015f\u0131na olmad\u0131k dertler a\u00e7\u0131yor. (At\u0131\u015ft\u0131rmal\u0131k saatinde \u00e7ok nazik bir \u015fekilde elma suyu istemi\u015fken, portakal suyu i\u00e7mek zorunda kalmak sadece bir hayal k\u0131r\u0131kl\u0131\u011f\u0131d\u0131r.) Daha y\u00fcksek sesle konu\u015fman\u0131n bir yolunu bulmak i\u00e7in dilek diledi\u011fi, d\u00fc\u015f\u00fcnd\u00fc\u011f\u00fc ve plan yapt\u0131\u011f\u0131 bir gecenin ard\u0131ndan, Derin ertesi sabah m\u00fckemmel bir fikirle uyan\u0131r: Sihirli bir mikrofon! Ancak en sa\u011flam geri d\u00f6n\u00fc\u015ft\u00fcr\u00fclebilir malzemelerden yapmas\u0131na ra\u011fmen, bu uyduruk icad\u0131 okulun son saatine kadar dayanamaz. Derin, sesini duyurmak i\u00e7in ba\u015fka bir yol bulabilecek mi?B\u00fcy\u00fcleyici bir \u015fekilde anlat\u0131lan ve resimlenen Derin\u2019in F\u0131s\u0131lt\u0131lar\u0131, okurlar\u0131n ne\u015feyle okuyacaklar\u0131 bir hikaye! \u201cMecazi anlamda bile olsa sesini duyurmak i\u00e7in m\u00fccadele veren her okuyucu i\u00e7in bir zafer.\u201d \u2014 Kirkus Reviews\u201cK\u0131sa bir metin ve basit c\u00fcmleler, kendi sorunlar\u0131n\u0131 \u00e7\u00f6zen g\u00fc\u00e7l\u00fc bir karakterle birle\u015fince ortaya ba\u015far\u0131l\u0131 bir se\u00e7im \u00e7\u0131k\u0131yor.\u201d  \u2014 School Library Journal\u201cAnla\u015f\u0131l\u0131r ve e\u011flenceli anlat\u0131m\u0131na e\u015flik eden basit, parlak ve renkli \u00e7izimler; bu kitab\u0131n tatl\u0131l\u0131\u011f\u0131 konusunda \u015f\u00fcphe uyand\u0131ran hi\u00e7bir \u015fey olmad\u0131\u011f\u0131n\u0131 okuyuculara ispatl\u0131yor.\u201d \u2014 The Globe and Mail\u201cDerin\u2019in k\u00fc\u00e7\u00fck zaferleri, utanga\u00e7, sessiz \u00e7ocuklar\u0131n kalbini fethedecek.\u201d \u2014 Quill &amp; Quire   DER\u0130N\u2019\u0130N FISILTILARI\u2019NIN ALDI\u011eI \u00d6D\u00dcLLER 2011 &#8211; Best Books for Kids &amp; Teens, Canadian Children\u2019s Book Centre, Winner2011 &#8211; Best Children&#8217;s Books of the Year, Bank Street Children&#8217;s Book Committee, Winner2011 &#8211; Blue Spruce Award, Ontario Library Association, Commended2011 &#8211; Shining Willow Award, Saskatchewan Young Readers&#8217; Choice Award, Commended2010 &#8211; Outstanding Books for Young People with Disabilities, IBBY, Winner<\/p>\n","protected":false},"excerpt":{"rendered":"<p>Derin\u2019in s\u00f6zleri f\u0131s\u0131lt\u0131 halinde \u00e7\u0131k\u0131yordu.Duymak i\u00e7in \u00e7ok k\u00fc\u00e7\u00fcklerdi. Derin\u2019in bir s\u0131r gibi yumu\u015fak ve utanga\u00e7 olan sesi okuldakiler taraf\u0131ndan duyulmuyor ve ba\u015f\u0131na olmad\u0131k dertler a\u00e7\u0131yor. (At\u0131\u015ft\u0131rmal\u0131k<span class=\"excerpt-hellip\"> [\u2026]<\/span><\/p>\n","protected":false},"featured_media":0,"template":"","meta":{"_monsterinsights_skip_tracking":false,"_monsterinsights_sitenote_active":false,"_monsterinsights_sitenote_note":"","_monsterinsights_sitenote_category":0},"product_brand":[],"product_cat":[12274,12284],"product_tag":[],"class_list":{"0":"post-755702","1":"product","2":"type-product","3":"status-publish","5":"product_cat-cocuk-ve-genclik-kitaplari","6":"product_cat-hikayeler","7":"pa_cilt-ciltsiz","8":"pa_tur-kitap","9":"pa_yayinevi-okuyan-koala","10":"pa_yazar-lana-button","12":"first","13":"instock","14":"sale","15":"shipping-taxable","16":"purchasable","17":"product-type-simple"},"_links":{"self":[{"href":"https:\/\/roveyayinevi.com.tr\/index.php\/wp-json\/wp\/v2\/product\/755702","targetHints":{"allow":["GET"]}}],"collection":[{"href":"https:\/\/roveyayinevi.com.tr\/index.php\/wp-json\/wp\/v2\/product"}],"about":[{"href":"https:\/\/roveyayinevi.com.tr\/index.php\/wp-json\/wp\/v2\/types\/product"}],"wp:attachment":[{"href":"https:\/\/roveyayinevi.com.tr\/index.php\/wp-json\/wp\/v2\/media?parent=755702"}],"wp:term":[{"taxonomy":"product_brand","embeddable":true,"href":"https:\/\/roveyayinevi.com.tr\/index.php\/wp-json\/wp\/v2\/product_brand?post=755702"},{"taxonomy":"product_cat","embeddable":true,"href":"https:\/\/roveyayinevi.com.tr\/index.php\/wp-json\/wp\/v2\/product_cat?post=755702"},{"taxonomy":"product_tag","embeddable":true,"href":"https:\/\/roveyayinevi.com.tr\/index.php\/wp-json\/wp\/v2\/product_tag?post=755702"}],"curies":[{"name":"wp","href":"https:\/\/api.w.org\/{rel}","templated":true}]}}