{"id":755699,"date":"2025-08-28T06:46:36","date_gmt":"2025-08-28T03:46:36","guid":{"rendered":"https:\/\/roveyayinevi.com.tr\/index.php\/urun\/3-kaciyor-harfler-ucuyor\/"},"modified":"2026-04-16T03:08:51","modified_gmt":"2026-04-16T00:08:51","slug":"3-kaciyor-harfler-ucuyor","status":"publish","type":"product","link":"https:\/\/roveyayinevi.com.tr\/index.php\/urun\/3-kaciyor-harfler-ucuyor\/","title":{"rendered":"3 Ka\u00e7\u0131yor Harfler U\u00e7uyor"},"content":{"rendered":"<p>Umut \u00e7ok h\u0131zl\u0131 i\u015flem yapabiliyor ve harika resim \u00e7iziyordu. Ancak ne zaman 3 yazmak istese rakam h\u0131zla akl\u0131ndan ka\u00e7\u0131p E oluyor, harfleri okurken sat\u0131rlara darmada- \u011f\u0131n yerle\u015fiyordu. Hele bir g\u00fcn resim dersinde \u00e7izdi\u011fi \u00e7\u00fcr\u00fck di\u015fli k\u00f6pek bal\u0131\u011f\u0131 barda\u011f\u0131 ta\u015f\u0131ran son damla oldu. Umut art\u0131k matematik\u00e7i olmaktan da ressam olmaktan da vazge\u00e7ti. Oysa arkada\u015flar\u0131 onun kocaman ve renkli hayal d\u00fcnyas\u0131ndan habersizdiler. Fakat ertesi g\u00fcn \u00f6yle bir \u015fey oldu ki b\u00fct\u00fcn \u00e7ocuklar \u015fa\u015fk\u0131nl\u0131kla bakakald\u0131lar\u20263 Ka\u00e7\u0131yor Harfler U\u00e7uyor asl\u0131nda herkese kendinin \u00f6zel oldu\u011funu, insanlar\u0131 oldu\u011fu gibi kucaklayabilmenin de\u011ferini ve \u00f6nemini anlatan s\u0131cac\u0131k bir \u00f6yk\u00fc.<\/p>\n","protected":false},"excerpt":{"rendered":"<p>Umut \u00e7ok h\u0131zl\u0131 i\u015flem yapabiliyor ve harika resim \u00e7iziyordu. Ancak ne zaman 3 yazmak istese rakam h\u0131zla akl\u0131ndan ka\u00e7\u0131p E oluyor, harfleri okurken sat\u0131rlara darmada- \u011f\u0131n<span class=\"excerpt-hellip\"> [\u2026]<\/span><\/p>\n","protected":false},"featured_media":0,"template":"","meta":{"_monsterinsights_skip_tracking":false,"_monsterinsights_sitenote_active":false,"_monsterinsights_sitenote_note":"","_monsterinsights_sitenote_category":0},"product_brand":[],"product_cat":[12274,12284],"product_tag":[],"class_list":{"0":"post-755699","1":"product","2":"type-product","3":"status-publish","5":"product_cat-cocuk-ve-genclik-kitaplari","6":"product_cat-hikayeler","7":"pa_cilt-ciltsiz","8":"pa_tur-kitap","9":"pa_yayinevi-altin-kitaplar-ozel-urun","10":"pa_yazar-aysel-ertan","12":"first","13":"instock","14":"sale","15":"shipping-taxable","16":"purchasable","17":"product-type-simple"},"_links":{"self":[{"href":"https:\/\/roveyayinevi.com.tr\/index.php\/wp-json\/wp\/v2\/product\/755699","targetHints":{"allow":["GET"]}}],"collection":[{"href":"https:\/\/roveyayinevi.com.tr\/index.php\/wp-json\/wp\/v2\/product"}],"about":[{"href":"https:\/\/roveyayinevi.com.tr\/index.php\/wp-json\/wp\/v2\/types\/product"}],"wp:attachment":[{"href":"https:\/\/roveyayinevi.com.tr\/index.php\/wp-json\/wp\/v2\/media?parent=755699"}],"wp:term":[{"taxonomy":"product_brand","embeddable":true,"href":"https:\/\/roveyayinevi.com.tr\/index.php\/wp-json\/wp\/v2\/product_brand?post=755699"},{"taxonomy":"product_cat","embeddable":true,"href":"https:\/\/roveyayinevi.com.tr\/index.php\/wp-json\/wp\/v2\/product_cat?post=755699"},{"taxonomy":"product_tag","embeddable":true,"href":"https:\/\/roveyayinevi.com.tr\/index.php\/wp-json\/wp\/v2\/product_tag?post=755699"}],"curies":[{"name":"wp","href":"https:\/\/api.w.org\/{rel}","templated":true}]}}