{"id":755694,"date":"2025-08-28T06:46:29","date_gmt":"2025-08-28T03:46:29","guid":{"rendered":"https:\/\/roveyayinevi.com.tr\/index.php\/urun\/doymayan-tirnak-kurdu\/"},"modified":"2026-04-16T03:08:50","modified_gmt":"2026-04-16T00:08:50","slug":"doymayan-tirnak-kurdu","status":"publish","type":"product","link":"https:\/\/roveyayinevi.com.tr\/index.php\/urun\/doymayan-tirnak-kurdu\/","title":{"rendered":"Doymayan T\u0131rnak Kurdu"},"content":{"rendered":"<p>Ceren bir gece, hen\u00fcz hava ayd\u0131nlanmam\u0131\u015fken uyand\u0131. Evde tek ba\u015f\u0131na oldu\u011fu d\u00fc\u015f\u00fcncesiyle yorgan\u0131n alt\u0131na girdi. O anda odada bir ses duyuldu.&#8221;K\u0131rt, k\u0131rt, k\u0131rt, k\u0131rt!&#8221;Okula ge\u00e7 kalaca\u011f\u0131ndan endi\u015felendi\u011finde, servisinde yerine oturan iri yar\u0131 \u00e7ocu\u011fu g\u00f6rd\u00fc\u011f\u00fcnde ve babas\u0131n\u0131 \u00f6zledi\u011finde eli hep a\u011fz\u0131ndayd\u0131. Ak\u015fam oldu\u011funda t\u0131rnak dibi vanilyal\u0131 dondurma topu gibi \u015fi\u015fmi\u015fti.Ceren doymak bilmeyen t\u0131rnak kurduyla ba\u015f edebilecek miydi acaba?Doymayan T\u0131rnak Kurdu stresle ba\u015f etmenin y\u00f6ntemlerini \u00e7ocu\u011fa \u00f6zg\u00fc hatalar ve do\u011frularla anlatan sevgi dolu bir \u00f6yk\u00fc.<\/p>\n","protected":false},"excerpt":{"rendered":"<p>Ceren bir gece, hen\u00fcz hava ayd\u0131nlanmam\u0131\u015fken uyand\u0131. Evde tek ba\u015f\u0131na oldu\u011fu d\u00fc\u015f\u00fcncesiyle yorgan\u0131n alt\u0131na girdi. O anda odada bir ses duyuldu.&#8221;K\u0131rt, k\u0131rt, k\u0131rt, k\u0131rt!&#8221;Okula ge\u00e7 kalaca\u011f\u0131ndan<span class=\"excerpt-hellip\"> [\u2026]<\/span><\/p>\n","protected":false},"featured_media":0,"template":"","meta":{"_monsterinsights_skip_tracking":false,"_monsterinsights_sitenote_active":false,"_monsterinsights_sitenote_note":"","_monsterinsights_sitenote_category":0},"product_brand":[],"product_cat":[12274,12284],"product_tag":[],"class_list":{"0":"post-755694","1":"product","2":"type-product","3":"status-publish","5":"product_cat-cocuk-ve-genclik-kitaplari","6":"product_cat-hikayeler","7":"pa_cilt-ciltsiz","8":"pa_tur-kitap","9":"pa_yayinevi-altin-kitaplar","10":"pa_yazar-aysel-ertan","12":"first","13":"instock","14":"sale","15":"shipping-taxable","16":"purchasable","17":"product-type-simple"},"_links":{"self":[{"href":"https:\/\/roveyayinevi.com.tr\/index.php\/wp-json\/wp\/v2\/product\/755694","targetHints":{"allow":["GET"]}}],"collection":[{"href":"https:\/\/roveyayinevi.com.tr\/index.php\/wp-json\/wp\/v2\/product"}],"about":[{"href":"https:\/\/roveyayinevi.com.tr\/index.php\/wp-json\/wp\/v2\/types\/product"}],"wp:attachment":[{"href":"https:\/\/roveyayinevi.com.tr\/index.php\/wp-json\/wp\/v2\/media?parent=755694"}],"wp:term":[{"taxonomy":"product_brand","embeddable":true,"href":"https:\/\/roveyayinevi.com.tr\/index.php\/wp-json\/wp\/v2\/product_brand?post=755694"},{"taxonomy":"product_cat","embeddable":true,"href":"https:\/\/roveyayinevi.com.tr\/index.php\/wp-json\/wp\/v2\/product_cat?post=755694"},{"taxonomy":"product_tag","embeddable":true,"href":"https:\/\/roveyayinevi.com.tr\/index.php\/wp-json\/wp\/v2\/product_tag?post=755694"}],"curies":[{"name":"wp","href":"https:\/\/api.w.org\/{rel}","templated":true}]}}