{"id":755692,"date":"2025-08-28T06:46:26","date_gmt":"2025-08-28T03:46:26","guid":{"rendered":"https:\/\/roveyayinevi.com.tr\/index.php\/urun\/medalist-madalya-pesinde-1\/"},"modified":"2026-04-16T03:08:50","modified_gmt":"2026-04-16T00:08:50","slug":"medalist-madalya-pesinde-1","status":"publish","type":"product","link":"https:\/\/roveyayinevi.com.tr\/index.php\/urun\/medalist-madalya-pesinde-1\/","title":{"rendered":"Medalist \u2013 Madalya Pe\u015finde 1"},"content":{"rendered":"<p>Bir yanda hayat\u0131n\u0131 buz patenine adam\u0131\u015fken bir anda hayalleri y\u0131k\u0131lan Tsukasa, di\u011fer yanda birdenbire yapayaln\u0131z kal\u0131p kendi ba\u015f\u0131n\u0131n \u00e7aresine bakmak zorunda olan Inori. Bu ikilinin ortak bir hayali var&#8230; Sahip olduklar\u0131 azim ve kararl\u0131l\u0131k, onlar\u0131 ba\u015far\u0131ya ula\u015ft\u0131ran tek \u015fey olabilir. Hedefleri mi? Artistik buz pateninde d\u00fcnya \u015fampiyonlu\u011fu!<\/p>\n","protected":false},"excerpt":{"rendered":"<p>Bir yanda hayat\u0131n\u0131 buz patenine adam\u0131\u015fken bir anda hayalleri y\u0131k\u0131lan Tsukasa, di\u011fer yanda birdenbire yapayaln\u0131z kal\u0131p kendi ba\u015f\u0131n\u0131n \u00e7aresine bakmak zorunda olan Inori. Bu ikilinin ortak<span class=\"excerpt-hellip\"> [\u2026]<\/span><\/p>\n","protected":false},"featured_media":0,"template":"","meta":{"_monsterinsights_skip_tracking":false,"_monsterinsights_sitenote_active":false,"_monsterinsights_sitenote_note":"","_monsterinsights_sitenote_category":0},"product_brand":[],"product_cat":[12416,12291],"product_tag":[],"class_list":{"0":"post-755692","1":"product","2":"type-product","3":"status-publish","5":"product_cat-cizgi-roman","6":"product_cat-edebiyat","7":"pa_cilt-ciltsiz","8":"pa_tur-kitap","9":"pa_yayinevi-akil-celen-kitaplar","10":"pa_yazar-tsurumaikada","12":"first","13":"instock","14":"sale","15":"shipping-taxable","16":"purchasable","17":"product-type-simple"},"_links":{"self":[{"href":"https:\/\/roveyayinevi.com.tr\/index.php\/wp-json\/wp\/v2\/product\/755692","targetHints":{"allow":["GET"]}}],"collection":[{"href":"https:\/\/roveyayinevi.com.tr\/index.php\/wp-json\/wp\/v2\/product"}],"about":[{"href":"https:\/\/roveyayinevi.com.tr\/index.php\/wp-json\/wp\/v2\/types\/product"}],"wp:attachment":[{"href":"https:\/\/roveyayinevi.com.tr\/index.php\/wp-json\/wp\/v2\/media?parent=755692"}],"wp:term":[{"taxonomy":"product_brand","embeddable":true,"href":"https:\/\/roveyayinevi.com.tr\/index.php\/wp-json\/wp\/v2\/product_brand?post=755692"},{"taxonomy":"product_cat","embeddable":true,"href":"https:\/\/roveyayinevi.com.tr\/index.php\/wp-json\/wp\/v2\/product_cat?post=755692"},{"taxonomy":"product_tag","embeddable":true,"href":"https:\/\/roveyayinevi.com.tr\/index.php\/wp-json\/wp\/v2\/product_tag?post=755692"}],"curies":[{"name":"wp","href":"https:\/\/api.w.org\/{rel}","templated":true}]}}