{"id":755689,"date":"2025-08-28T06:46:22","date_gmt":"2025-08-28T03:46:22","guid":{"rendered":"https:\/\/roveyayinevi.com.tr\/index.php\/urun\/ayetlerle-dini-degerler-set-10-kitap\/"},"modified":"2026-04-16T03:08:50","modified_gmt":"2026-04-16T00:08:50","slug":"ayetlerle-dini-degerler-set-10-kitap","status":"publish","type":"product","link":"https:\/\/roveyayinevi.com.tr\/index.php\/urun\/ayetlerle-dini-degerler-set-10-kitap\/","title":{"rendered":"Ayetlerle Dini De\u011ferler Set (10 Kitap)"},"content":{"rendered":"<p>Haydi kar\u015f\u0131la\u015ft\u0131\u011f\u0131m\u0131z problemlere, ayetlerle \u00e7\u00f6z\u00fcm bulal\u0131m!Bu kitaplar\u0131n her birinde ayr\u0131 bir tema, ayr\u0131 bir mini hik\u00e2ye bulacaks\u0131n. Sorunlarla ba\u015f etme yollar\u0131n\u0131 \u00f6\u011freten, ahlaki de\u011ferleri benimseten, duygusal y\u00f6nden g\u00fc\u00e7lendiren farkl\u0131 temalar\u0131 Allah&#8217;\u0131n bizim i\u00e7in Kur&#8217;an-\u0131 Kerim&#8217;de s\u00f6yledikleriyle peki\u015ftiriyoruz. Bu sevimli hik\u00e2yelere sen de dahil ol!<\/p>\n","protected":false},"excerpt":{"rendered":"<p>Haydi kar\u015f\u0131la\u015ft\u0131\u011f\u0131m\u0131z problemlere, ayetlerle \u00e7\u00f6z\u00fcm bulal\u0131m!Bu kitaplar\u0131n her birinde ayr\u0131 bir tema, ayr\u0131 bir mini hik\u00e2ye bulacaks\u0131n. Sorunlarla ba\u015f etme yollar\u0131n\u0131 \u00f6\u011freten, ahlaki de\u011ferleri benimseten, duygusal<span class=\"excerpt-hellip\"> [\u2026]<\/span><\/p>\n","protected":false},"featured_media":0,"template":"","meta":{"_monsterinsights_skip_tracking":false,"_monsterinsights_sitenote_active":false,"_monsterinsights_sitenote_note":"","_monsterinsights_sitenote_category":0},"product_brand":[],"product_cat":[12274,12284],"product_tag":[],"class_list":{"0":"post-755689","1":"product","2":"type-product","3":"status-publish","5":"product_cat-cocuk-ve-genclik-kitaplari","6":"product_cat-hikayeler","7":"pa_cilt-ciltsiz","8":"pa_tur-kitap","9":"pa_yayinevi-gulce-kitap","10":"pa_yazar-asiye-asli-aslaner","12":"first","13":"instock","14":"sale","15":"shipping-taxable","16":"purchasable","17":"product-type-simple"},"_links":{"self":[{"href":"https:\/\/roveyayinevi.com.tr\/index.php\/wp-json\/wp\/v2\/product\/755689","targetHints":{"allow":["GET"]}}],"collection":[{"href":"https:\/\/roveyayinevi.com.tr\/index.php\/wp-json\/wp\/v2\/product"}],"about":[{"href":"https:\/\/roveyayinevi.com.tr\/index.php\/wp-json\/wp\/v2\/types\/product"}],"wp:attachment":[{"href":"https:\/\/roveyayinevi.com.tr\/index.php\/wp-json\/wp\/v2\/media?parent=755689"}],"wp:term":[{"taxonomy":"product_brand","embeddable":true,"href":"https:\/\/roveyayinevi.com.tr\/index.php\/wp-json\/wp\/v2\/product_brand?post=755689"},{"taxonomy":"product_cat","embeddable":true,"href":"https:\/\/roveyayinevi.com.tr\/index.php\/wp-json\/wp\/v2\/product_cat?post=755689"},{"taxonomy":"product_tag","embeddable":true,"href":"https:\/\/roveyayinevi.com.tr\/index.php\/wp-json\/wp\/v2\/product_tag?post=755689"}],"curies":[{"name":"wp","href":"https:\/\/api.w.org\/{rel}","templated":true}]}}