{"id":755687,"date":"2025-08-28T06:46:19","date_gmt":"2025-08-28T03:46:19","guid":{"rendered":"https:\/\/roveyayinevi.com.tr\/index.php\/urun\/fisiltili-taslar-diyari-gobeklitepe\/"},"modified":"2026-04-16T03:08:50","modified_gmt":"2026-04-16T00:08:50","slug":"fisiltili-taslar-diyari-gobeklitepe","status":"publish","type":"product","link":"https:\/\/roveyayinevi.com.tr\/index.php\/urun\/fisiltili-taslar-diyari-gobeklitepe\/","title":{"rendered":"F\u0131s\u0131lt\u0131l\u0131 Ta\u015flar Diyar\u0131 G\u00f6beklitepe"},"content":{"rendered":"<p>\u0130nsanl\u0131k tarihinin yeniden yaz\u0131ld\u0131\u011f\u0131 kadim topraklarda gizemlerle dolu bir d\u00f6ng\u00fc her \u015feyi de\u011fi\u015ftirebilir\u2026G\u00f6ky\u00fcz\u00fcne bakt\u0131\u011f\u0131m\u0131zda g\u00f6z\u00fcm\u00fcze \u00e7arpan gezegenler, galaksiler ve kuyruklu y\u0131ld\u0131zlar binlerce y\u0131l \u00f6ncesinin insanlar\u0131 taraf\u0131ndan k\u0131zd\u0131r\u0131lmamas\u0131 gereken ilahi g\u00fc\u00e7ler olarak g\u00f6r\u00fcl\u00fcrd\u00fc. \u0130nsano\u011flu onlar\u0131 k\u0131zd\u0131r\u0131rsa felaketler ya\u015fan\u0131r, sonra her \u015fey yeniden ba\u015flard\u0131. Bu, sanki d\u00fcnyan\u0131n d\u00f6ng\u00fcs\u00fc h\u00e2line gelmi\u015fti ve bu d\u00f6ng\u00fcde, iki t\u00fcrl\u00fc felaket vard\u0131. Biri tufanlarla gelen su kaynakl\u0131, di\u011feri de kuyruklu y\u0131ld\u0131zlarla gelen ate\u015f kaynakl\u0131\u2026Alman Arkeolog Bay Klauss&#8217;un Babil&#8217;de buldu\u011fu antik par\u015f\u00f6menlere g\u00f6re bu d\u00f6ng\u00fcde s\u0131rada, kuyruklu y\u0131ld\u0131zlarla gelecek olan bir felaket vard\u0131. Y\u00f6r\u00fcngelerine g\u00f6re bu felaketin en b\u00fcy\u00fck \u015f\u00fcphelileri ise 1997 Hale-Bopp ya da 2013 Panstars ve Lemmon kuyruklu y\u0131ld\u0131zlar\u0131yd\u0131&#8230; \u015eanl\u0131urfa&#8217;da yap\u0131lan kaz\u0131lar s\u0131ras\u0131nda bir heykel bulunur. Heykelin bulunu\u015fu, o gece ya\u015fanan garip olaylar ve o gece d\u00fcnyaya gelen bir \u00e7ocuk, b\u00fct\u00fcn bu kadim ger\u00e7eklerin odak noktas\u0131d\u0131r\u2026Asaf Ekin Ye\u015fil, d\u00fcnyan\u0131n bilinmezlerle dolu ge\u00e7mi\u015finden g\u00fcn\u00fc- m\u00fcze uzanan s\u0131rlara \u0131\u015f\u0131k tutan bir romanla gen\u00e7 okurlarla bulu\u015fuyor.<\/p>\n","protected":false},"excerpt":{"rendered":"<p>\u0130nsanl\u0131k tarihinin yeniden yaz\u0131ld\u0131\u011f\u0131 kadim topraklarda gizemlerle dolu bir d\u00f6ng\u00fc her \u015feyi de\u011fi\u015ftirebilir\u2026G\u00f6ky\u00fcz\u00fcne bakt\u0131\u011f\u0131m\u0131zda g\u00f6z\u00fcm\u00fcze \u00e7arpan gezegenler, galaksiler ve kuyruklu y\u0131ld\u0131zlar binlerce y\u0131l \u00f6ncesinin insanlar\u0131 taraf\u0131ndan<span class=\"excerpt-hellip\"> [\u2026]<\/span><\/p>\n","protected":false},"featured_media":0,"template":"","meta":{"_monsterinsights_skip_tracking":false,"_monsterinsights_sitenote_active":false,"_monsterinsights_sitenote_note":"","_monsterinsights_sitenote_category":0},"product_brand":[],"product_cat":[12274,12284],"product_tag":[],"class_list":{"0":"post-755687","1":"product","2":"type-product","3":"status-publish","5":"product_cat-cocuk-ve-genclik-kitaplari","6":"product_cat-hikayeler","7":"pa_cilt-ciltsiz","8":"pa_tur-kitap","9":"pa_yayinevi-altin-kitaplar-ozel-urun","10":"pa_yazar-asaf-ekin-yesil","12":"first","13":"instock","14":"sale","15":"shipping-taxable","16":"purchasable","17":"product-type-simple"},"_links":{"self":[{"href":"https:\/\/roveyayinevi.com.tr\/index.php\/wp-json\/wp\/v2\/product\/755687","targetHints":{"allow":["GET"]}}],"collection":[{"href":"https:\/\/roveyayinevi.com.tr\/index.php\/wp-json\/wp\/v2\/product"}],"about":[{"href":"https:\/\/roveyayinevi.com.tr\/index.php\/wp-json\/wp\/v2\/types\/product"}],"wp:attachment":[{"href":"https:\/\/roveyayinevi.com.tr\/index.php\/wp-json\/wp\/v2\/media?parent=755687"}],"wp:term":[{"taxonomy":"product_brand","embeddable":true,"href":"https:\/\/roveyayinevi.com.tr\/index.php\/wp-json\/wp\/v2\/product_brand?post=755687"},{"taxonomy":"product_cat","embeddable":true,"href":"https:\/\/roveyayinevi.com.tr\/index.php\/wp-json\/wp\/v2\/product_cat?post=755687"},{"taxonomy":"product_tag","embeddable":true,"href":"https:\/\/roveyayinevi.com.tr\/index.php\/wp-json\/wp\/v2\/product_tag?post=755687"}],"curies":[{"name":"wp","href":"https:\/\/api.w.org\/{rel}","templated":true}]}}