{"id":755683,"date":"2025-08-28T06:46:12","date_gmt":"2025-08-28T03:46:12","guid":{"rendered":"https:\/\/roveyayinevi.com.tr\/index.php\/urun\/gizemli-yeralti-kutuphanesi-4-kayip-hazine\/"},"modified":"2026-04-16T03:08:50","modified_gmt":"2026-04-16T00:08:50","slug":"gizemli-yeralti-kutuphanesi-4-kayip-hazine","status":"publish","type":"product","link":"https:\/\/roveyayinevi.com.tr\/index.php\/urun\/gizemli-yeralti-kutuphanesi-4-kayip-hazine\/","title":{"rendered":"Gizemli Yeralt\u0131 K\u00fct\u00fcphanesi 4 &#8211; Kay\u0131p Hazine"},"content":{"rendered":"<p>G\u00f6rkemli bir k\u00f6\u015fkte\u2026Dik kayal\u0131klar\u0131n en y\u00fcksek tepesinde\u2026Eski zamanlardan kalma bir ta\u015f\u0131n alt\u0131nda\u2026Yerin alt\u0131na a\u00e7\u0131lan bir kapa\u011f\u0131n ard\u0131nda\u2026B\u00fcy\u00fck bir s\u0131r yat\u0131yor. Gizli k\u00fct\u00fcphaneyi ve i\u00e7indeki s\u0131rl\u0131 kitaplar\u0131 bilen tek bir ki\u015fi var: K\u00fc\u00e7\u00fck hizmet\u00e7i Tally.K\u00f6\u015fk\u00fcn de\u011ferli e\u015fyalar\u0131 birer birer kayboldu\u011funda, Tally bu gizemi \u00e7\u00f6zmeye karar verir. K\u00fct\u00fcphanenins\u0131rlar\u0131 h\u0131rs\u0131zlar\u0131 alt edebilecek kadar g\u00fc\u00e7l\u00fc m\u00fc? Yoksa Tally kendini \u00e7ok daha zorlu ve fazlas\u0131ylayap\u0131\u015fkan bir g\u00f6revin i\u00e7inde mi bulacak?<\/p>\n","protected":false},"excerpt":{"rendered":"<p>G\u00f6rkemli bir k\u00f6\u015fkte\u2026Dik kayal\u0131klar\u0131n en y\u00fcksek tepesinde\u2026Eski zamanlardan kalma bir ta\u015f\u0131n alt\u0131nda\u2026Yerin alt\u0131na a\u00e7\u0131lan bir kapa\u011f\u0131n ard\u0131nda\u2026B\u00fcy\u00fck bir s\u0131r yat\u0131yor. Gizli k\u00fct\u00fcphaneyi ve i\u00e7indeki s\u0131rl\u0131 kitaplar\u0131<span class=\"excerpt-hellip\"> [\u2026]<\/span><\/p>\n","protected":false},"featured_media":0,"template":"","meta":{"_monsterinsights_skip_tracking":false,"_monsterinsights_sitenote_active":false,"_monsterinsights_sitenote_note":"","_monsterinsights_sitenote_category":0},"product_brand":[],"product_cat":[12291,12711],"product_tag":[],"class_list":{"0":"post-755683","1":"product","2":"type-product","3":"status-publish","5":"product_cat-edebiyat","6":"product_cat-roman-oyku","7":"pa_cilt-ciltsiz","8":"pa_tur-kitap","9":"pa_yayinevi-genc-timas","10":"pa_yazar-abie-longstaff","12":"first","13":"instock","14":"sale","15":"shipping-taxable","16":"purchasable","17":"product-type-simple"},"_links":{"self":[{"href":"https:\/\/roveyayinevi.com.tr\/index.php\/wp-json\/wp\/v2\/product\/755683","targetHints":{"allow":["GET"]}}],"collection":[{"href":"https:\/\/roveyayinevi.com.tr\/index.php\/wp-json\/wp\/v2\/product"}],"about":[{"href":"https:\/\/roveyayinevi.com.tr\/index.php\/wp-json\/wp\/v2\/types\/product"}],"wp:attachment":[{"href":"https:\/\/roveyayinevi.com.tr\/index.php\/wp-json\/wp\/v2\/media?parent=755683"}],"wp:term":[{"taxonomy":"product_brand","embeddable":true,"href":"https:\/\/roveyayinevi.com.tr\/index.php\/wp-json\/wp\/v2\/product_brand?post=755683"},{"taxonomy":"product_cat","embeddable":true,"href":"https:\/\/roveyayinevi.com.tr\/index.php\/wp-json\/wp\/v2\/product_cat?post=755683"},{"taxonomy":"product_tag","embeddable":true,"href":"https:\/\/roveyayinevi.com.tr\/index.php\/wp-json\/wp\/v2\/product_tag?post=755683"}],"curies":[{"name":"wp","href":"https:\/\/api.w.org\/{rel}","templated":true}]}}