{"id":755682,"date":"2025-08-28T06:46:10","date_gmt":"2025-08-28T03:46:10","guid":{"rendered":"https:\/\/roveyayinevi.com.tr\/index.php\/urun\/sapkacilar-ciltli-somizli\/"},"modified":"2025-11-12T09:46:11","modified_gmt":"2025-11-12T06:46:11","slug":"sapkacilar-ciltli-somizli","status":"publish","type":"product","link":"https:\/\/roveyayinevi.com.tr\/index.php\/urun\/sapkacilar-ciltli-somizli\/","title":{"rendered":"\u015eapkac\u0131lar (Ciltli \u015e\u00f6mizli)"},"content":{"rendered":"<p>Cordelia, \u015fapkalara sihir yapabilen bir ailenin soyundan gelir. Cordelia&#8217;n\u0131n d\u00fcnyas\u0131nda, sihirli malzemelerden \u015fapka, pelerin, saat, bot ve eldiven gibi e\u015fyalar yapmak olduk\u00e7a nadir ve eski bir beceridir. Ve geriye sadece birka\u00e7 \u00f6zel Zanaatk\u00e2r aile kalm\u0131\u015ft\u0131r.  Cordelia\u2019n\u0131n babas\u0131 kraliyet i\u00e7in \u00f6nemli bir sihirli \u015fapkan\u0131n yap\u0131m\u0131nda kullan\u0131lacak malzemeleri toplamaya gitti\u011fi bir g\u00f6rev s\u0131ras\u0131nda denizde kaybolur. Cordelia onu bulmak i\u00e7in maceraya at\u0131lmaya karar verir. Ancak Tiberius Amca ve Ariadne Hala&#8217;n\u0131n ailenin en k\u00fc\u00e7\u00fck \u015eapkac\u0131&#8217;s\u0131na yard\u0131m edecek zamanlar\u0131 yoktur, \u00e7\u00fcnk\u00fc Zanaatk\u00e2r aileler aras\u0131ndaki eski bir rekabet su y\u00fcz\u00fcne \u00e7\u0131kma tehlikesiyle kar\u015f\u0131 kar\u015f\u0131yad\u0131r. Daha da k\u00f6t\u00fcs\u00fc, birileri Zanaatkar b\u00fcy\u00fcs\u00fcn\u00fc sava\u015f ba\u015flatmak i\u00e7in kullan\u0131yor gibi g\u00f6r\u00fcnmektedir. Kim ve neden oldu\u011funu bulmak ise Cordelia&#8217;ya kalm\u0131\u015ft\u0131r.<\/p>\n","protected":false},"excerpt":{"rendered":"<p>Cordelia, \u015fapkalara sihir yapabilen bir ailenin soyundan gelir. Cordelia&#8217;n\u0131n d\u00fcnyas\u0131nda, sihirli malzemelerden \u015fapka, pelerin, saat, bot ve eldiven gibi e\u015fyalar yapmak olduk\u00e7a nadir ve eski bir<span class=\"excerpt-hellip\"> [\u2026]<\/span><\/p>\n","protected":false},"featured_media":0,"template":"","meta":{"_monsterinsights_skip_tracking":false,"_monsterinsights_sitenote_active":false,"_monsterinsights_sitenote_note":"","_monsterinsights_sitenote_category":0},"product_brand":[],"product_cat":[12291,14777],"product_tag":[],"class_list":{"0":"post-755682","1":"product","2":"type-product","3":"status-publish","5":"product_cat-edebiyat","6":"product_cat-fantastik","7":"pa_cilt-ciltli","8":"pa_tur-kitap","9":"pa_yayinevi-genc-timas","10":"pa_yazar-tamzin-merchant","12":"first","13":"instock","14":"sale","15":"shipping-taxable","16":"purchasable","17":"product-type-simple"},"_links":{"self":[{"href":"https:\/\/roveyayinevi.com.tr\/index.php\/wp-json\/wp\/v2\/product\/755682","targetHints":{"allow":["GET"]}}],"collection":[{"href":"https:\/\/roveyayinevi.com.tr\/index.php\/wp-json\/wp\/v2\/product"}],"about":[{"href":"https:\/\/roveyayinevi.com.tr\/index.php\/wp-json\/wp\/v2\/types\/product"}],"wp:attachment":[{"href":"https:\/\/roveyayinevi.com.tr\/index.php\/wp-json\/wp\/v2\/media?parent=755682"}],"wp:term":[{"taxonomy":"product_brand","embeddable":true,"href":"https:\/\/roveyayinevi.com.tr\/index.php\/wp-json\/wp\/v2\/product_brand?post=755682"},{"taxonomy":"product_cat","embeddable":true,"href":"https:\/\/roveyayinevi.com.tr\/index.php\/wp-json\/wp\/v2\/product_cat?post=755682"},{"taxonomy":"product_tag","embeddable":true,"href":"https:\/\/roveyayinevi.com.tr\/index.php\/wp-json\/wp\/v2\/product_tag?post=755682"}],"curies":[{"name":"wp","href":"https:\/\/api.w.org\/{rel}","templated":true}]}}