{"id":755679,"date":"2025-08-28T06:46:05","date_gmt":"2025-08-28T03:46:05","guid":{"rendered":"https:\/\/roveyayinevi.com.tr\/index.php\/urun\/duse-kalka-buyumek\/"},"modified":"2026-04-16T03:08:50","modified_gmt":"2026-04-16T00:08:50","slug":"duse-kalka-buyumek","status":"publish","type":"product","link":"https:\/\/roveyayinevi.com.tr\/index.php\/urun\/duse-kalka-buyumek\/","title":{"rendered":"D\u00fc\u015fe Kalka B\u00fcy\u00fcmek"},"content":{"rendered":"<p>\u00c7ocuklar\u0131n d\u00fcnyas\u0131na ak\u0131l erdirmek istiyorsak, beyin ile ruhsal d\u00fcnyan\u0131n geli\u015fimi aras\u0131ndaki karma\u015f\u0131k ili\u015fkiyi anlamak gerekir. Bu da yetmez, ba\u015fkalar\u0131yla kurulan uzak-yak\u0131n her t\u00fcrl\u00fc ili\u015fkinin ve toplumsal hayat\u0131n \u00e7ocuklar\u0131n geli\u015fimine etkilerini de g\u00f6z \u00f6n\u00fcne almal\u0131y\u0131z. Bu karma\u015f\u0131k geli\u015fim hi\u00e7 kimsede d\u00fcmd\u00fcz bir \u00e7izgi izlemez. \u00c7ocuklar\u0131n hayat\u0131ndaki geli\u015ftirici rol\u00fcm\u00fcz nedir ve bu rol\u00fc en iyi \u015fekilde nas\u0131l oynayabiliriz? D\u00fc\u015fe Kalka B\u00fcy\u00fcmek, bu sorular\u0131 soran okurlara d\u00fc\u015f\u00fcnme f\u0131rsat\u0131 ve harekete ge\u00e7me cesareti veriyor. Kitapta ele al\u0131nan konular aras\u0131nda neler var? \u00b7         Bebeklikteki ilk ili\u015fki nas\u0131l kurulur? Annemizin bizi sevdi\u011fi kadar kimi severiz? \u00b7         Babalar\u0131n \u00e7ocuklar\u0131yla ili\u015fkisinin oturmas\u0131 i\u00e7in ne kadar beklemek gerekir? \u00dc\u00e7 babal\u0131k t\u00fcr\u00fcnden hangisine yak\u0131n\u0131z? \u00b7         Genler beynimizi nas\u0131l bi\u00e7imlendirir? Anne-baba ile \u00e7ocu\u011fun ili\u015fkisi, genlerin \u00e7al\u0131\u015fmas\u0131n\u0131 nas\u0131l etkiler? \u00b7         \u00c7ocukken beynimiz nas\u0131l i\u015fler? \u00b7         Televizyon, bilgisayar, reklamlar ve kitaplar \u00e7ocuklar\u0131n hayat\u0131nda istedi\u011fimiz ve istemedi\u011fimiz ne t\u00fcr sonu\u00e7lar yarat\u0131rlar? \u00b7         \u00d6zg\u00fcven \u015fart m\u0131? Kendini iyi tan\u0131yan, kendiyle bar\u0131\u015f\u0131k \u00e7ocuklar yeti\u015ftirmek m\u00fcmk\u00fcn m\u00fc? \u00b7         Dikkat nedir? Da\u011f\u0131l\u0131r m\u0131, eksilir mi? \u00b7         Okullarda ne olur? Ne olmaz? \u00d6\u011frenmeyi kolayla\u015ft\u0131ran ve zorla\u015ft\u0131ran etkenler. \u00b7         \u0130\u015fler yolunda gitmedi\u011finde, \u00e7ocuklar\u0131n ruh sa\u011fl\u0131\u011f\u0131n\u0131 nas\u0131l koruyabiliriz? Nelerden koruyabiliriz? \u00b7         \u0130leti\u015fim ve empatiyi kolayla\u015ft\u0131ran ve zorla\u015ft\u0131ran etkenler nelerdir? \u00b7         \u00c7ocuklukta ruhsal sorun ne demektir? Sorunlar ni\u00e7in ele al\u0131nmal\u0131d\u0131r? Sorunlar\u0131 \u00e7\u00f6z\u00fcmlemek i\u00e7in hangi olanaklar vard\u0131r? <\/p>\n","protected":false},"excerpt":{"rendered":"<p>\u00c7ocuklar\u0131n d\u00fcnyas\u0131na ak\u0131l erdirmek istiyorsak, beyin ile ruhsal d\u00fcnyan\u0131n geli\u015fimi aras\u0131ndaki karma\u015f\u0131k ili\u015fkiyi anlamak gerekir. Bu da yetmez, ba\u015fkalar\u0131yla kurulan uzak-yak\u0131n her t\u00fcrl\u00fc ili\u015fkinin ve toplumsal<span class=\"excerpt-hellip\"> [\u2026]<\/span><\/p>\n","protected":false},"featured_media":0,"template":"","meta":{"_monsterinsights_skip_tracking":false,"_monsterinsights_sitenote_active":false,"_monsterinsights_sitenote_note":"","_monsterinsights_sitenote_category":0},"product_brand":[],"product_cat":[12357],"product_tag":[],"class_list":{"0":"post-755679","1":"product","2":"type-product","3":"status-publish","5":"product_cat-psikoloji","6":"pa_cilt-ciltsiz","7":"pa_tur-kitap","8":"pa_yayinevi-inkilap-kitabevi","9":"pa_yazar-yanki-yazgan","11":"first","12":"instock","13":"sale","14":"shipping-taxable","15":"purchasable","16":"product-type-simple"},"_links":{"self":[{"href":"https:\/\/roveyayinevi.com.tr\/index.php\/wp-json\/wp\/v2\/product\/755679","targetHints":{"allow":["GET"]}}],"collection":[{"href":"https:\/\/roveyayinevi.com.tr\/index.php\/wp-json\/wp\/v2\/product"}],"about":[{"href":"https:\/\/roveyayinevi.com.tr\/index.php\/wp-json\/wp\/v2\/types\/product"}],"wp:attachment":[{"href":"https:\/\/roveyayinevi.com.tr\/index.php\/wp-json\/wp\/v2\/media?parent=755679"}],"wp:term":[{"taxonomy":"product_brand","embeddable":true,"href":"https:\/\/roveyayinevi.com.tr\/index.php\/wp-json\/wp\/v2\/product_brand?post=755679"},{"taxonomy":"product_cat","embeddable":true,"href":"https:\/\/roveyayinevi.com.tr\/index.php\/wp-json\/wp\/v2\/product_cat?post=755679"},{"taxonomy":"product_tag","embeddable":true,"href":"https:\/\/roveyayinevi.com.tr\/index.php\/wp-json\/wp\/v2\/product_tag?post=755679"}],"curies":[{"name":"wp","href":"https:\/\/api.w.org\/{rel}","templated":true}]}}