{"id":755676,"date":"2025-08-28T06:46:00","date_gmt":"2025-08-28T03:46:00","guid":{"rendered":"https:\/\/roveyayinevi.com.tr\/index.php\/urun\/kardan-kiz\/"},"modified":"2026-04-16T03:08:50","modified_gmt":"2026-04-16T00:08:50","slug":"kardan-kiz","status":"publish","type":"product","link":"https:\/\/roveyayinevi.com.tr\/index.php\/urun\/kardan-kiz\/","title":{"rendered":"Kardan K\u0131z"},"content":{"rendered":"<p>\u201cKardan k\u0131z\u0131n canlanmas\u0131n\u0131 diliyorum. B\u00f6ylece bir arkada\u015f\u0131m, g\u00fcvenebilece\u011fim ger\u00e7ek bir arkada\u015f\u0131m olacak ve kendimi o kadar da yaln\u0131z hissetmeyece\u011fim.\u201dTasha dedesiyle bir kardan k\u0131z yapt\u0131\u011f\u0131nda tek istedi\u011fi onun ger\u00e7ek olmas\u0131d\u0131r. Ancak bu dile\u011fin ger\u00e7ekle\u015febilmesi karlar\u0131n hi\u00e7 erimemesi kadar imk\u00e2ns\u0131z\u2026 Ta ki Tasha dileklerden, y\u0131ld\u0131zlardan, kar tanelerinden ve sihirden yap\u0131lm\u0131\u015f bir arkada\u015f olan Alyana ile tan\u0131\u015fana dek. E\u011fer en iyi arkada\u015f\u0131n\u0131z k\u0131\u015ftan yap\u0131lm\u0131\u015fsa, bahar geldi\u011finde arkada\u015f\u0131n\u0131za ne olacak?Tavuk Bacakl\u0131 Ev ve Ay\u0131yla Konu\u015fan K\u0131z\u2019\u0131n \u00f6d\u00fcll\u00fc ve \u00e7ok satan yazar\u0131 Sophie Anderson\u2019dan so\u011fuk k\u0131\u015f g\u00fcnlerinde yorgan\u0131n\u0131z\u0131n alt\u0131na \u00e7ekilip okuyabilece\u011finiz masals\u0131 bir hik\u00e2ye.<\/p>\n","protected":false},"excerpt":{"rendered":"<p>\u201cKardan k\u0131z\u0131n canlanmas\u0131n\u0131 diliyorum. B\u00f6ylece bir arkada\u015f\u0131m, g\u00fcvenebilece\u011fim ger\u00e7ek bir arkada\u015f\u0131m olacak ve kendimi o kadar da yaln\u0131z hissetmeyece\u011fim.\u201dTasha dedesiyle bir kardan k\u0131z yapt\u0131\u011f\u0131nda tek istedi\u011fi<span class=\"excerpt-hellip\"> [\u2026]<\/span><\/p>\n","protected":false},"featured_media":0,"template":"","meta":{"_monsterinsights_skip_tracking":false,"_monsterinsights_sitenote_active":false,"_monsterinsights_sitenote_note":"","_monsterinsights_sitenote_category":0},"product_brand":[],"product_cat":[12291,14777],"product_tag":[],"class_list":{"0":"post-755676","1":"product","2":"type-product","3":"status-publish","5":"product_cat-edebiyat","6":"product_cat-fantastik","7":"pa_cilt-ciltsiz","8":"pa_tur-kitap","9":"pa_yayinevi-genc-timas","10":"pa_yazar-sophie-anderson","12":"first","13":"instock","14":"sale","15":"shipping-taxable","16":"purchasable","17":"product-type-simple"},"_links":{"self":[{"href":"https:\/\/roveyayinevi.com.tr\/index.php\/wp-json\/wp\/v2\/product\/755676","targetHints":{"allow":["GET"]}}],"collection":[{"href":"https:\/\/roveyayinevi.com.tr\/index.php\/wp-json\/wp\/v2\/product"}],"about":[{"href":"https:\/\/roveyayinevi.com.tr\/index.php\/wp-json\/wp\/v2\/types\/product"}],"wp:attachment":[{"href":"https:\/\/roveyayinevi.com.tr\/index.php\/wp-json\/wp\/v2\/media?parent=755676"}],"wp:term":[{"taxonomy":"product_brand","embeddable":true,"href":"https:\/\/roveyayinevi.com.tr\/index.php\/wp-json\/wp\/v2\/product_brand?post=755676"},{"taxonomy":"product_cat","embeddable":true,"href":"https:\/\/roveyayinevi.com.tr\/index.php\/wp-json\/wp\/v2\/product_cat?post=755676"},{"taxonomy":"product_tag","embeddable":true,"href":"https:\/\/roveyayinevi.com.tr\/index.php\/wp-json\/wp\/v2\/product_tag?post=755676"}],"curies":[{"name":"wp","href":"https:\/\/api.w.org\/{rel}","templated":true}]}}