{"id":755674,"date":"2025-08-28T06:45:56","date_gmt":"2025-08-28T03:45:56","guid":{"rendered":"https:\/\/roveyayinevi.com.tr\/index.php\/urun\/gerceklesen-ruya-mavinin-kizi-emily\/"},"modified":"2026-04-16T03:08:50","modified_gmt":"2026-04-16T00:08:50","slug":"gerceklesen-ruya-mavinin-kizi-emily","status":"publish","type":"product","link":"https:\/\/roveyayinevi.com.tr\/index.php\/urun\/gerceklesen-ruya-mavinin-kizi-emily\/","title":{"rendered":"Ger\u00e7ekle\u015fen R\u00fcya &#8211; Mavinin K\u0131z\u0131 Emily"},"content":{"rendered":"<p>Art\u0131k yeti\u015fkin bir gen\u00e7 olan Emily, yazarl\u0131k kariyeri i\u00e7in hayat\u0131n\u0131 New Moon\u2019da ge\u00e7irmeyi tercih eder. Giderek g\u00fc\u00e7lenen kalemiyle, dergi ve gazetelerde yaz\u0131lar kaleme almaya ba\u015flar. Ger\u00e7ek ve tan\u0131nan bir yazar olmak onun en b\u00fcy\u00fck hayalidir. \u201cAlp Da\u011flar\u0131\u2019n\u0131n zirvesi\u201dni hedefleyen Emily, bu ideallerini ger\u00e7ekle\u015ftirebilecek mi? \u00c7ocukluk y\u0131llar\u0131ndaki arkada\u015fl\u0131klar\u0131n\u0131n \u00f6zlemini \u00e7ekti\u011fi s\u0131rada, k\u00fc\u00e7\u00fckken hep arad\u0131klar\u0131 Kay\u0131p Elmas\u2019\u0131 bulur. Kalbindeki sevgiyle ne yapaca\u011f\u0131n\u0131 bilemeyen Emily, duygular\u0131yla s\u0131nand\u0131\u011f\u0131 bir s\u00fcrece girecektir.<\/p>\n","protected":false},"excerpt":{"rendered":"<p>Art\u0131k yeti\u015fkin bir gen\u00e7 olan Emily, yazarl\u0131k kariyeri i\u00e7in hayat\u0131n\u0131 New Moon\u2019da ge\u00e7irmeyi tercih eder. Giderek g\u00fc\u00e7lenen kalemiyle, dergi ve gazetelerde yaz\u0131lar kaleme almaya ba\u015flar. Ger\u00e7ek<span class=\"excerpt-hellip\"> [\u2026]<\/span><\/p>\n","protected":false},"featured_media":0,"template":"","meta":{"_monsterinsights_skip_tracking":false,"_monsterinsights_sitenote_active":false,"_monsterinsights_sitenote_note":"","_monsterinsights_sitenote_category":0},"product_brand":[],"product_cat":[12291,12711],"product_tag":[],"class_list":{"0":"post-755674","1":"product","2":"type-product","3":"status-publish","5":"product_cat-edebiyat","6":"product_cat-roman-oyku","7":"pa_cilt-ciltsiz","8":"pa_tur-kitap","9":"pa_yayinevi-carpe-diem-kitaplari","10":"pa_yazar-lucy-maud-montgomery","12":"first","13":"instock","14":"sale","15":"shipping-taxable","16":"purchasable","17":"product-type-simple"},"_links":{"self":[{"href":"https:\/\/roveyayinevi.com.tr\/index.php\/wp-json\/wp\/v2\/product\/755674","targetHints":{"allow":["GET"]}}],"collection":[{"href":"https:\/\/roveyayinevi.com.tr\/index.php\/wp-json\/wp\/v2\/product"}],"about":[{"href":"https:\/\/roveyayinevi.com.tr\/index.php\/wp-json\/wp\/v2\/types\/product"}],"wp:attachment":[{"href":"https:\/\/roveyayinevi.com.tr\/index.php\/wp-json\/wp\/v2\/media?parent=755674"}],"wp:term":[{"taxonomy":"product_brand","embeddable":true,"href":"https:\/\/roveyayinevi.com.tr\/index.php\/wp-json\/wp\/v2\/product_brand?post=755674"},{"taxonomy":"product_cat","embeddable":true,"href":"https:\/\/roveyayinevi.com.tr\/index.php\/wp-json\/wp\/v2\/product_cat?post=755674"},{"taxonomy":"product_tag","embeddable":true,"href":"https:\/\/roveyayinevi.com.tr\/index.php\/wp-json\/wp\/v2\/product_tag?post=755674"}],"curies":[{"name":"wp","href":"https:\/\/api.w.org\/{rel}","templated":true}]}}