{"id":755673,"date":"2025-08-28T06:45:55","date_gmt":"2025-08-28T03:45:55","guid":{"rendered":"https:\/\/roveyayinevi.com.tr\/index.php\/urun\/mujdelerle-gelen-elci\/"},"modified":"2026-04-16T03:08:50","modified_gmt":"2026-04-16T00:08:50","slug":"mujdelerle-gelen-elci","status":"publish","type":"product","link":"https:\/\/roveyayinevi.com.tr\/index.php\/urun\/mujdelerle-gelen-elci\/","title":{"rendered":"M\u00fcjdelerle Gelen El\u00e7i"},"content":{"rendered":"<p>Bu g\u00fczide kitap; Celvet\u00ee \u015feyhi, \u00e2lim, \u015f\u00e2rih, m\u00fcfessir, \u015fair gibi vas\u0131flar\u0131yla \u201chez\u00e2rfen\u201d lakab\u0131n\u0131 hak eden \u0130smail Hakk\u0131 Bursev\u00ee hazretlerinin yazm\u0131\u015f oldu\u011fu tasavvuf ve \u00f6zellikle v\u00e2rid\u00e2t t\u00fcr\u00fc eserlerinden biridir. \u201cBir deste g\u00fcl\u201d kabilinden se\u00e7ilerek \u201c\u0130smail Hakk\u0131 Bursev\u00ee Kitapl\u0131\u011f\u0131\u201d ba\u015fl\u0131\u011f\u0131 ile arz-\u0131 endam edecek serinin ilk eseri, yay\u0131nevimizin ikinci kitab\u0131d\u0131r. Saff s\u00fbresi alt\u0131nc\u0131 \u00e2yetinin i\u015f\u00e2r\u00ee olarak tefsir edildi\u011fi Mec\u00ee\u00fc\u2019l-Be\u015f\u00eer adl\u0131 bu yazma eser, Bursev\u00ee hazretlerinin g\u00f6z nurunu ak\u0131tt\u0131\u011f\u0131 ve bereketli kaleminin m\u00fcrekkep izlerinin bulundu\u011fu m\u00fcellif hatt\u0131 n\u00fcshas\u0131ndan ilk kez T\u00fcrk\u00e7eye terc\u00fcme edildi ve matbu h\u00e2le getirildi. Son peygamberin gelece\u011fini mu\u015ftulayan rivayetlerin z\u00e2hir ve b\u00e2t\u0131n manalar\u0131n\u0131 ihtiva eden bu k\u0131ymetli kitap, \u0130bn-i Arab\u00ee\u2019nin baz\u0131 tespitlerini de m\u00fckemmel bir tarzda \u015ferh ve tevil etmektedir. K\u00fct\u00fcphanenize de\u011fer ve \u015feref katacak bu hazinenin ne\u015frinden Sufi Kitap olarak b\u00fcy\u00fck bir sevin\u00e7 duyuyoruz.\u201cHani, Meryem o\u011flu \u0130sa, &#8220;Ey \u0130srailo\u011fullar\u0131! \u015e\u00fcphesiz ben, Allah&#8217;\u0131n size, benden \u00f6nce gelen Tevrat&#8217;\u0131 do\u011frulay\u0131c\u0131 ve benden sonra gelecek, Ahmed ad\u0131nda bir peygamberi m\u00fcjdeleyici (olarak g\u00f6nderdi\u011fi) peygamberiyim&#8221; demi\u015fti. Fakat (\u0130sa) onlara apa\u00e7\u0131k mucizeleri getirince, &#8220;Bu, apa\u00e7\u0131k bir sihirdir&#8221; dediler.\u201d Saff 61\/6.<\/p>\n","protected":false},"excerpt":{"rendered":"<p>Bu g\u00fczide kitap; Celvet\u00ee \u015feyhi, \u00e2lim, \u015f\u00e2rih, m\u00fcfessir, \u015fair gibi vas\u0131flar\u0131yla \u201chez\u00e2rfen\u201d lakab\u0131n\u0131 hak eden \u0130smail Hakk\u0131 Bursev\u00ee hazretlerinin yazm\u0131\u015f oldu\u011fu tasavvuf ve \u00f6zellikle v\u00e2rid\u00e2t t\u00fcr\u00fc<span class=\"excerpt-hellip\"> [\u2026]<\/span><\/p>\n","protected":false},"featured_media":0,"template":"","meta":{"_monsterinsights_skip_tracking":false,"_monsterinsights_sitenote_active":false,"_monsterinsights_sitenote_note":"","_monsterinsights_sitenote_category":0},"product_brand":[],"product_cat":[12718,12719,15238],"product_tag":[],"class_list":{"0":"post-755673","1":"product","2":"type-product","3":"status-publish","5":"product_cat-din","6":"product_cat-islam","7":"product_cat-tasavvuf","8":"pa_cilt-ciltsiz","9":"pa_tur-kitap","10":"pa_yayinevi-sufi-kitap","11":"pa_yazar-ismail-hakki-bursevi","13":"first","14":"instock","15":"sale","16":"shipping-taxable","17":"purchasable","18":"product-type-simple"},"_links":{"self":[{"href":"https:\/\/roveyayinevi.com.tr\/index.php\/wp-json\/wp\/v2\/product\/755673","targetHints":{"allow":["GET"]}}],"collection":[{"href":"https:\/\/roveyayinevi.com.tr\/index.php\/wp-json\/wp\/v2\/product"}],"about":[{"href":"https:\/\/roveyayinevi.com.tr\/index.php\/wp-json\/wp\/v2\/types\/product"}],"wp:attachment":[{"href":"https:\/\/roveyayinevi.com.tr\/index.php\/wp-json\/wp\/v2\/media?parent=755673"}],"wp:term":[{"taxonomy":"product_brand","embeddable":true,"href":"https:\/\/roveyayinevi.com.tr\/index.php\/wp-json\/wp\/v2\/product_brand?post=755673"},{"taxonomy":"product_cat","embeddable":true,"href":"https:\/\/roveyayinevi.com.tr\/index.php\/wp-json\/wp\/v2\/product_cat?post=755673"},{"taxonomy":"product_tag","embeddable":true,"href":"https:\/\/roveyayinevi.com.tr\/index.php\/wp-json\/wp\/v2\/product_tag?post=755673"}],"curies":[{"name":"wp","href":"https:\/\/api.w.org\/{rel}","templated":true}]}}