{"id":755671,"date":"2025-08-28T06:45:53","date_gmt":"2025-08-28T03:45:53","guid":{"rendered":"https:\/\/roveyayinevi.com.tr\/index.php\/urun\/milli-mucadele-yukselirken\/"},"modified":"2026-04-16T03:08:50","modified_gmt":"2026-04-16T00:08:50","slug":"milli-mucadele-yukselirken","status":"publish","type":"product","link":"https:\/\/roveyayinevi.com.tr\/index.php\/urun\/milli-mucadele-yukselirken\/","title":{"rendered":"Milli M\u00fccadele Y\u00fckselirken"},"content":{"rendered":"<p>1918 y\u0131l\u0131nda imzalanan Mondros M\u00fctarekesi\u2019nin maddelerini dayanak kabul eden Bat\u0131l\u0131 devletler, Osmanl\u0131 \u0130mparatorlu\u011fu\u2019nun topraklar\u0131n\u0131 i\u015fgal etmi\u015flerdir. \u201cM\u00fctareke D\u00f6nemi\u201d olarak adland\u0131r\u0131lan 1918-1922 y\u0131llar\u0131 aras\u0131, T\u00fcrkiye tarihindeki en kritik ve en \u00f6nemli d\u00f6nemlerden biri olarak kaydedilmi\u015ftir. \u0130tilaf Devletleri\u2019nin i\u015fgallerine ve ayr\u0131ca \u00fclke i\u00e7indeki siyasi karga\u015faya ra\u011fmen bu d\u00f6nemin sonunda T\u00fcrk milleti, giri\u015fti\u011fi varolu\u015f m\u00fccadelesinden zaferle \u00e7\u0131kmay\u0131 ba\u015farm\u0131\u015ft\u0131r. Ancak bu s\u00fcre\u00e7 hi\u00e7 de kolay olmam\u0131\u015ft\u0131r.Elinizdeki \u00e7al\u0131\u015fma, siyasi karma\u015falarla dolu M\u00fctareke D\u00f6nemi\u2019nde ya\u015fanan geli\u015fmeleri \u201c1919 milletvekili se\u00e7imleri\u201d \u00e7er\u00e7evesinde de\u011ferlendiriyor. Yirmiye yak\u0131n d\u00f6nem gazetesini ve di\u011fer t\u00fcm ar\u015fiv belgelerini inceleyip de\u011ferlendiren Taha Niyazi Karaca, Milli M\u00fccadele hareketinin perde arkas\u0131n\u0131 ve i\u015fgal g\u00fcnlerinde y\u00fckselen milli egemenlik m\u00fccadelesini b\u00fct\u00fcn detaylar\u0131yla okuyucusuna aktar\u0131yor.B\u00fcy\u00fck Millet Meclisi\u2019nin a\u00e7\u0131l\u0131\u015f\u0131na giden yolda 1919 se\u00e7imleri ile Osmanl\u0131 parlamentosunun toplanmas\u0131n\u0131n nas\u0131l bir rol\u00fc vard\u0131? Milli M\u00fccadele hareketi nas\u0131l do\u011fdu ve lider kadronun talepleri nelerdi? Osmanl\u0131 h\u00fck\u00fcmetleri, M\u00fcdafaa-i Hukuk Cemiyeti ile hangi alanlarda uzla\u015ft\u0131, hangi alanlarda \u00e7at\u0131\u015ft\u0131? Milli M\u00fccadele Y\u00fckselirken: \u0130\u015fgal D\u00f6nemi Politikalar\u0131 ve 1919 Se\u00e7imleri adl\u0131 bu eser, t\u00fcm bu sorular\u0131n cevaplar\u0131n\u0131; M\u00fctareke D\u00f6nemi\u2019ne damga vurmu\u015f olan girift ili\u015fkileri; \u0130tilaf Devletleri\u2019nin, siyasi te\u015fekk\u00fcllerin ve Heyet-i Temsiliye\u2019nin bir \u00e7at\u0131\u015f\u0131p bir uzla\u015fan kar\u015f\u0131l\u0131kl\u0131 beklentilerini en ince ayr\u0131nt\u0131s\u0131na kadar inceleyen nitelikli ve bilimsel bir ba\u015fucu kitab\u0131.<\/p>\n","protected":false},"excerpt":{"rendered":"<p>1918 y\u0131l\u0131nda imzalanan Mondros M\u00fctarekesi\u2019nin maddelerini dayanak kabul eden Bat\u0131l\u0131 devletler, Osmanl\u0131 \u0130mparatorlu\u011fu\u2019nun topraklar\u0131n\u0131 i\u015fgal etmi\u015flerdir. \u201cM\u00fctareke D\u00f6nemi\u201d olarak adland\u0131r\u0131lan 1918-1922 y\u0131llar\u0131 aras\u0131, T\u00fcrkiye tarihindeki en<span class=\"excerpt-hellip\"> [\u2026]<\/span><\/p>\n","protected":false},"featured_media":0,"template":"","meta":{"_monsterinsights_skip_tracking":false,"_monsterinsights_sitenote_active":false,"_monsterinsights_sitenote_note":"","_monsterinsights_sitenote_category":0},"product_brand":[],"product_cat":[12370,12304],"product_tag":[],"class_list":{"0":"post-755671","1":"product","2":"type-product","3":"status-publish","5":"product_cat-arastirma-inceleme","6":"product_cat-tarih","7":"pa_cilt-ciltsiz","8":"pa_tur-kitap","9":"pa_yayinevi-timas-yayinlari","10":"pa_yazar-taha-niyazi-karaca","12":"first","13":"instock","14":"sale","15":"shipping-taxable","16":"purchasable","17":"product-type-simple"},"_links":{"self":[{"href":"https:\/\/roveyayinevi.com.tr\/index.php\/wp-json\/wp\/v2\/product\/755671","targetHints":{"allow":["GET"]}}],"collection":[{"href":"https:\/\/roveyayinevi.com.tr\/index.php\/wp-json\/wp\/v2\/product"}],"about":[{"href":"https:\/\/roveyayinevi.com.tr\/index.php\/wp-json\/wp\/v2\/types\/product"}],"wp:attachment":[{"href":"https:\/\/roveyayinevi.com.tr\/index.php\/wp-json\/wp\/v2\/media?parent=755671"}],"wp:term":[{"taxonomy":"product_brand","embeddable":true,"href":"https:\/\/roveyayinevi.com.tr\/index.php\/wp-json\/wp\/v2\/product_brand?post=755671"},{"taxonomy":"product_cat","embeddable":true,"href":"https:\/\/roveyayinevi.com.tr\/index.php\/wp-json\/wp\/v2\/product_cat?post=755671"},{"taxonomy":"product_tag","embeddable":true,"href":"https:\/\/roveyayinevi.com.tr\/index.php\/wp-json\/wp\/v2\/product_tag?post=755671"}],"curies":[{"name":"wp","href":"https:\/\/api.w.org\/{rel}","templated":true}]}}