{"id":755669,"date":"2025-08-28T06:45:49","date_gmt":"2025-08-28T03:45:49","guid":{"rendered":"https:\/\/roveyayinevi.com.tr\/index.php\/urun\/konusan-hayvanlar\/"},"modified":"2026-04-16T03:08:50","modified_gmt":"2026-04-16T00:08:50","slug":"konusan-hayvanlar","status":"publish","type":"product","link":"https:\/\/roveyayinevi.com.tr\/index.php\/urun\/konusan-hayvanlar\/","title":{"rendered":"Konu\u015fan Hayvanlar"},"content":{"rendered":"<p>S\u00fcrekli bir yere yeti\u015fmeye \u00e7al\u0131\u015fan kalabal\u0131klar\u0131n eksik olmad\u0131\u011f\u0131, sakinleri hayvanlardan olu\u015fan bir \u015fehir\u2026 Burada lemurlar espresso haz\u0131rl\u0131yor, ku\u015flar posta ta\u015f\u0131yor. Ay\u0131lar Wall Street\u2019i mesken tutmu\u015f, belediye ba\u015fkan\u0131ysa milyarder bir yar\u0131\u015f at\u0131. Deniz canl\u0131lar\u0131na korku ve tiksintiyle bak\u0131l\u0131yor; onlar\u0131 d\u0131\u015far\u0131da tutmak i\u00e7in \u015fehre bir duvar in\u015fa edilmesi konu\u015fuluyor. Buras\u0131 New York; refah\u0131n ve sefaletin, yaln\u0131zl\u0131\u011f\u0131n ve curcunan\u0131n, dayan\u0131\u015fman\u0131n ve \u00f6tekile\u015ftirmenin ba\u015fkenti.New York Belediyesi\u2019nin izbe kay\u0131t b\u00f6l\u00fcm\u00fcnde tek ba\u015f\u0131na \u00e7al\u0131\u015fan Alfonzo, kayg\u0131 bozuklu\u011fu ve depresyondan mustarip bir alpaka. Alfonzo\u2019yu evinin konforunda girdi\u011fi trajikomik bunal\u0131mlardan \u00e7ekip alabilen tek ki\u015fiyse lama dostu Mitchell. \u0130kili \u015fehrin alt\u0131n\u0131 oyan yozla\u015fm\u0131\u015f sistemi if\u015fa etme ihtimaliyle kar\u015f\u0131 kar\u015f\u0131ya kal\u0131nca Alfonzo hayat\u0131n\u0131n karar\u0131n\u0131 vermek zorunda kalacak: T\u00fcm g\u00f6rd\u00fcklerini sineye \u00e7ekip \u0131ss\u0131z ya\u015fam\u0131na m\u0131 d\u00f6necek, yoksa bu d\u00fczeni de\u011fi\u015ftirmek i\u00e7in elini ta\u015f\u0131n alt\u0131na m\u0131 koyacak? Joni Murphy\u2019nin k\u0131vrak zek\u00e2s\u0131 ve renkli hayal g\u00fcc\u00fcn\u00fcn eseri Konu\u015fan Hayvanlar modern zamana dair muzip bir fabl, g\u00f6z\u00fc kara bir hiciv&#8230;\u201cKafka\u2019n\u0131n hayvanlar \u00e2leminin v\u00e2risi Joni Murphy hepimizin ad\u0131na konu\u015fuyor.\u201d \u2013Patty Yumi Cottrell\u201cKonu\u015fan Hayvanlar, \u00e7oktan alt\u00fcst olmu\u015f bir d\u00fcnyay\u0131 tasvir eden muhte\u015fem bir kapitalizm ele\u015ftirisi.\u201d \u2013Kate Elizabeth Russell\u201cHayvan \u00c7iftli\u011fi ve Ezop Masallar\u0131\u2019n\u0131n yirmi birinci y\u00fczy\u0131l kombinasyonu&#8230; Murphy s\u0131n\u0131f, iklim de\u011fi\u015fikli\u011fi, vejetaryenlik ve \u00e7ok daha fazlas\u0131n\u0131 g\u00f6revini k\u00f6t\u00fcye kullanmaya dair bir hik\u00e2ye \u00fczerinden i\u015fliyor. \u015eiirsel d\u00fc\u015f\u00fcncelerini ve s\u00f6ylevlerini muzip kelime oyunlar\u0131yla harmanl\u0131yor. Tuhaf, s\u00fcr\u00fckleyici ve unutulmas\u0131 zor bir roman.\u201d \u2013Kirkus Review<\/p>\n","protected":false},"excerpt":{"rendered":"<p>S\u00fcrekli bir yere yeti\u015fmeye \u00e7al\u0131\u015fan kalabal\u0131klar\u0131n eksik olmad\u0131\u011f\u0131, sakinleri hayvanlardan olu\u015fan bir \u015fehir\u2026 Burada lemurlar espresso haz\u0131rl\u0131yor, ku\u015flar posta ta\u015f\u0131yor. Ay\u0131lar Wall Street\u2019i mesken tutmu\u015f, belediye<span class=\"excerpt-hellip\"> [\u2026]<\/span><\/p>\n","protected":false},"featured_media":0,"template":"","meta":{"_monsterinsights_skip_tracking":false,"_monsterinsights_sitenote_active":false,"_monsterinsights_sitenote_note":"","_monsterinsights_sitenote_category":0},"product_brand":[],"product_cat":[12291,12711],"product_tag":[],"class_list":{"0":"post-755669","1":"product","2":"type-product","3":"status-publish","5":"product_cat-edebiyat","6":"product_cat-roman-oyku","7":"pa_cilt-ciltsiz","8":"pa_tur-kitap","9":"pa_yayinevi-timas-yayinlari","10":"pa_yazar-joni-murphy","12":"first","13":"instock","14":"sale","15":"shipping-taxable","16":"purchasable","17":"product-type-simple"},"_links":{"self":[{"href":"https:\/\/roveyayinevi.com.tr\/index.php\/wp-json\/wp\/v2\/product\/755669","targetHints":{"allow":["GET"]}}],"collection":[{"href":"https:\/\/roveyayinevi.com.tr\/index.php\/wp-json\/wp\/v2\/product"}],"about":[{"href":"https:\/\/roveyayinevi.com.tr\/index.php\/wp-json\/wp\/v2\/types\/product"}],"wp:attachment":[{"href":"https:\/\/roveyayinevi.com.tr\/index.php\/wp-json\/wp\/v2\/media?parent=755669"}],"wp:term":[{"taxonomy":"product_brand","embeddable":true,"href":"https:\/\/roveyayinevi.com.tr\/index.php\/wp-json\/wp\/v2\/product_brand?post=755669"},{"taxonomy":"product_cat","embeddable":true,"href":"https:\/\/roveyayinevi.com.tr\/index.php\/wp-json\/wp\/v2\/product_cat?post=755669"},{"taxonomy":"product_tag","embeddable":true,"href":"https:\/\/roveyayinevi.com.tr\/index.php\/wp-json\/wp\/v2\/product_tag?post=755669"}],"curies":[{"name":"wp","href":"https:\/\/api.w.org\/{rel}","templated":true}]}}