{"id":755653,"date":"2025-08-28T06:45:23","date_gmt":"2025-08-28T03:45:23","guid":{"rendered":"https:\/\/roveyayinevi.com.tr\/index.php\/urun\/ebeveynin-yol-haritasi\/"},"modified":"2026-04-16T03:08:50","modified_gmt":"2026-04-16T00:08:50","slug":"ebeveynin-yol-haritasi","status":"publish","type":"product","link":"https:\/\/roveyayinevi.com.tr\/index.php\/urun\/ebeveynin-yol-haritasi\/","title":{"rendered":"Ebeveynin Yol Haritas\u0131"},"content":{"rendered":"<p>Her ebeveyn mutlu, sa\u011fl\u0131kl\u0131 ve duygusal a\u00e7\u0131dan g\u00fc\u00e7l\u00fc \u00e7ocuklar yeti\u015ftirebilir. Ancak bu yolculukta zorluk \u00e7eken ve sonu\u00e7ta maalesef ba\u015far\u0131s\u0131z olan \u00e7ok\u2026 Hemen her d\u00f6nem ebeveynler \u00e7ocuklar\u0131n\u0131n gelece\u011finden endi\u015fe ediyorlard\u0131 ama bug\u00fcn art\u0131k endi\u015feden de \u00f6te korkuyorlar ve sonu\u00e7ta \u00e7ocuklar\u0131ndan beklentilerini \u00e7ok y\u00fckseltiyorlar. M\u00fckemmel olmalar\u0131 i\u00e7in bask\u0131 alt\u0131nda kalan \u00e7ocuklar da \u00e7e\u015fitli sorunlar\u0131n i\u00e7ine s\u00fcr\u00fckleniyor ve ebeveyn-\u00e7ocuk ili\u015fkisi daha da k\u00f6t\u00fc hale geliyor.\u00c7ocuklar ebeveynlerinin k\u00fc\u00e7\u00fck versiyonlar\u0131 de\u011fildir. Onlar da ebeveynleri gibi insand\u0131r, bu do\u011fru, ama benzerlik burada sona eriyor. Ebeveynler ve \u00e7ocuklar her y\u00f6nden farkl\u0131d\u0131r. Ebeveynler bu farkl\u0131l\u0131klar\u0131 kavrayacak ve ba\u015f edecek bir bilin\u00e7 ve fark\u0131ndal\u0131k kazanmazlarsa sonu\u00e7lar hi\u00e7 de iyi olmuyor.Bilin\u00e7li ebeveynlik konusunda \u201cdevrim niteli\u011finde\u201d diye de\u011ferlendirilen kitaplar yazan Dr. Shefali Tsabary elinizdeki kitab\u0131 i\u00e7in \u015f\u00f6yle diyor: \u201c\u00d6nceki kitaplar\u0131m, bilin\u00e7li ebeveynli\u011fe dair ne ve neden sorular\u0131n\u0131 cevaplamaya odaklan\u0131yordu. Bu kitap ise nas\u0131l sorusuna cevap veriyor. Benden tekrar tekrar istenen \u015fey, ebeveynlere \u00e7ocuklar\u0131yla olan ili\u015fkilerini d\u00f6n\u00fc\u015ft\u00fcrmek \u00fczere ad\u0131m ad\u0131m uygulayabilecekleri bir harita vermem oluyordu. Bu kitap i\u015fte bunu sunuyor.\u201dBu kitap, her ebeveynin arad\u0131\u011f\u0131 bir rehberdir. Bilgelikle kaleme al\u0131nm\u0131\u015f, somut \u00f6rneklerle, ayd\u0131nlat\u0131c\u0131 hikayelerle zenginle\u015ftirilmi\u015f ve ayr\u0131nt\u0131l\u0131 uygulamalarla tamamlanm\u0131\u015f bu rehber ebeveynlere kendilerini d\u00f6n\u00fc\u015ft\u00fcr\u00fcrken \u00e7ocuklar\u0131yla en iyi ili\u015fkiyi kurman\u0131n ve g\u00fc\u00e7lendirmenin yollar\u0131n\u0131 g\u00f6steriyor.<\/p>\n","protected":false},"excerpt":{"rendered":"<p>Her ebeveyn mutlu, sa\u011fl\u0131kl\u0131 ve duygusal a\u00e7\u0131dan g\u00fc\u00e7l\u00fc \u00e7ocuklar yeti\u015ftirebilir. Ancak bu yolculukta zorluk \u00e7eken ve sonu\u00e7ta maalesef ba\u015far\u0131s\u0131z olan \u00e7ok\u2026 Hemen her d\u00f6nem ebeveynler \u00e7ocuklar\u0131n\u0131n<span class=\"excerpt-hellip\"> [\u2026]<\/span><\/p>\n","protected":false},"featured_media":0,"template":"","meta":{"_monsterinsights_skip_tracking":false,"_monsterinsights_sitenote_active":false,"_monsterinsights_sitenote_note":"","_monsterinsights_sitenote_category":0},"product_brand":[],"product_cat":[12831,12324],"product_tag":[],"class_list":{"0":"post-755653","1":"product","2":"type-product","3":"status-publish","5":"product_cat-aile-ve-cocuk","6":"product_cat-sosyoloji","7":"pa_cilt-ciltsiz","8":"pa_tur-kitap","9":"pa_yayinevi-kuraldisi-yayinevi","10":"pa_yazar-shefali-tsabary","12":"first","13":"instock","14":"sale","15":"shipping-taxable","16":"purchasable","17":"product-type-simple"},"_links":{"self":[{"href":"https:\/\/roveyayinevi.com.tr\/index.php\/wp-json\/wp\/v2\/product\/755653","targetHints":{"allow":["GET"]}}],"collection":[{"href":"https:\/\/roveyayinevi.com.tr\/index.php\/wp-json\/wp\/v2\/product"}],"about":[{"href":"https:\/\/roveyayinevi.com.tr\/index.php\/wp-json\/wp\/v2\/types\/product"}],"wp:attachment":[{"href":"https:\/\/roveyayinevi.com.tr\/index.php\/wp-json\/wp\/v2\/media?parent=755653"}],"wp:term":[{"taxonomy":"product_brand","embeddable":true,"href":"https:\/\/roveyayinevi.com.tr\/index.php\/wp-json\/wp\/v2\/product_brand?post=755653"},{"taxonomy":"product_cat","embeddable":true,"href":"https:\/\/roveyayinevi.com.tr\/index.php\/wp-json\/wp\/v2\/product_cat?post=755653"},{"taxonomy":"product_tag","embeddable":true,"href":"https:\/\/roveyayinevi.com.tr\/index.php\/wp-json\/wp\/v2\/product_tag?post=755653"}],"curies":[{"name":"wp","href":"https:\/\/api.w.org\/{rel}","templated":true}]}}