{"id":755652,"date":"2025-08-28T06:45:21","date_gmt":"2025-08-28T03:45:21","guid":{"rendered":"https:\/\/roveyayinevi.com.tr\/index.php\/urun\/hekatonla-son-tango\/"},"modified":"2026-04-16T03:08:49","modified_gmt":"2026-04-16T00:08:49","slug":"hekatonla-son-tango","status":"publish","type":"product","link":"https:\/\/roveyayinevi.com.tr\/index.php\/urun\/hekatonla-son-tango\/","title":{"rendered":"Hekaton\u2019la Son Tango"},"content":{"rendered":"<p>Hekatonkheires (Hekaton), Yunan mitolojisindeki titanlardan Gaia ile Uran\u00fcs\u2019\u00fcn elli ba\u015fl\u0131, y\u00fczkollu o\u011fullar\u0131 olan Kottos, Briareus ve Gyes\u2019in bir temsilidir. Uran\u00fcs, Hekatonkheires\u2019ten hemi\u011frenir hem de iktidar\u0131n\u0131 ona kapt\u0131rmaktan korkar. H\u00e2lbuki bu fig\u00fcr, \u00e7ok ba\u015fl\u0131 ve stabil olmayanyap\u0131s\u0131yla hem katildir hem de maktuld\u00fcr.\u201cSon tango\u201dnun Hekaton\u2019u ise k\u00fcresel \u00e7apta s\u00fcrd\u00fcr\u00fclen \u00e7e\u015fitli propaganda ve e\u015fik alt\u0131 mesajuygulamalar\u0131yla \u201cAileyi \u0130fsad Etme ve \u0130nsanl\u0131\u011f\u0131 Yeniden Yap\u0131land\u0131rma K\u00fcresel Proje Sava\u015f\u0131\u201dn\u0131nbir temsilidir. G\u00fcn\u00fcm\u00fcz\u00fcn Web 2.0 ve yeni medya d\u00fcnyas\u0131nda kadim terbiye sisteminin\u00e7\u00f6kertilmesi, kad\u0131n haklar\u0131 ad\u0131 alt\u0131nda bir \u201cerkek kad\u0131n\u201d fig\u00fcr\u00fc yarat\u0131lmas\u0131, baba otoritesininkas\u0131tl\u0131 olarak y\u0131kt\u0131r\u0131lmas\u0131, her t\u00fcrl\u00fc cinsel sapk\u0131nl\u0131\u011f\u0131n e\u015f zamanl\u0131 olarak artt\u0131r\u0131lmas\u0131 ve \u201ctoplumsalcinsiyet\u201d ad\u0131 alt\u0131nda kad\u0131n ve erkek fark\u0131n\u0131n ortadan kald\u0131r\u0131lmas\u0131 gibi be\u015f ana cephede s\u00fcren busava\u015fa ulusal ve global anlamda, aya\u011f\u0131 yere basan \u00e7\u00f6z\u00fcm \u00f6nerileriyle dur demenin vaktigelmi\u015ftir.Dokuz Y\u00fcz Katl\u0131 \u0130nsan ve Nefs Psikolojisi ve R\u00fcyalar\u0131n Dili kitaplar\u0131yla g\u00fcn\u00fcm\u00fcz psikiyatri vepsikoloji ekollerine gelenek merkezli yeni bir anlay\u0131\u015f getiren Psikiyatrist Dr. Mustafa Merter,Hekaton\u2019la Son Tango: Aileyi \u0130fsad Etme ve \u0130nsanl\u0131\u011f\u0131 Yeniden Yap\u0131land\u0131rma K\u00fcresel Projesi\u2019ninBir Meta-Analizi\u2019nde, k\u00fcresel boyutta ilerleyen ailenin ifsad\u0131 ve yeni bir insanl\u0131k in\u015fas\u0131\u00e7al\u0131\u015fmalar\u0131n\u0131 akademisyenler, filozoflar, psikoloji-psikiyatri uzmanlar\u0131 ve sosyologlar \u00fczerinden verileriyle inceleyip hem d\u00fcnya hem de \u00fclkemiz ad\u0131na geni\u015f \u00e7apl\u0131 bir ara\u015ft\u0131rman\u0131n sonu\u00e7lar\u0131n\u0131 aktar\u0131rken meseleye devlet ve toplum bazl\u0131 \u00e7\u00f6z\u00fcm \u00f6nerileri getiriyor. Bunu yaparken d\u00f6rt ba\u015f\u0131 mamur bir \u201cY\u00fcksek Sosyal Stratejik Ara\u015ft\u0131rmalar Enstit\u00fcs\u00fc\u201dn\u00fcn gereklili\u011fini t\u00fcm \u00e7\u0131plakl\u0131\u011f\u0131yla g\u00f6zler \u00f6n\u00fcne seriyor. Ketebe Yay\u0131nlar\u0131 olarak, yeni materyalizm, cinsel kimlik, nefret s\u00f6ylemi, akademik objektiflik ve insan haklar\u0131 gibi i\u00e7i bo\u015f\/bo\u015falt\u0131lan terimlere ve s\u00f6ylemlere dair, alan\u0131nda yetkin bir psikiyarist taraf\u0131ndan, bu zamana kadar yap\u0131lm\u0131\u015f en kapsaml\u0131 bilimsel ara\u015ft\u0131rmalardan biri olan bu \u00e7al\u0131\u015fmay\u0131 okurumuza sunmakla iftihar ediyoruz.<\/p>\n","protected":false},"excerpt":{"rendered":"<p>Hekatonkheires (Hekaton), Yunan mitolojisindeki titanlardan Gaia ile Uran\u00fcs\u2019\u00fcn elli ba\u015fl\u0131, y\u00fczkollu o\u011fullar\u0131 olan Kottos, Briareus ve Gyes\u2019in bir temsilidir. Uran\u00fcs, Hekatonkheires\u2019ten hemi\u011frenir hem de iktidar\u0131n\u0131 ona<span class=\"excerpt-hellip\"> [\u2026]<\/span><\/p>\n","protected":false},"featured_media":0,"template":"","meta":{"_monsterinsights_skip_tracking":false,"_monsterinsights_sitenote_active":false,"_monsterinsights_sitenote_note":"","_monsterinsights_sitenote_category":0},"product_brand":[],"product_cat":[12358,12357],"product_tag":[],"class_list":{"0":"post-755652","1":"product","2":"type-product","3":"status-publish","5":"product_cat-genel-psikoloji","6":"product_cat-psikoloji","7":"pa_cilt-ciltsiz","8":"pa_tur-kitap","9":"pa_yayinevi-ketebe-yayinlari","10":"pa_yazar-mustafa-merter","12":"first","13":"instock","14":"sale","15":"shipping-taxable","16":"purchasable","17":"product-type-simple"},"_links":{"self":[{"href":"https:\/\/roveyayinevi.com.tr\/index.php\/wp-json\/wp\/v2\/product\/755652","targetHints":{"allow":["GET"]}}],"collection":[{"href":"https:\/\/roveyayinevi.com.tr\/index.php\/wp-json\/wp\/v2\/product"}],"about":[{"href":"https:\/\/roveyayinevi.com.tr\/index.php\/wp-json\/wp\/v2\/types\/product"}],"wp:attachment":[{"href":"https:\/\/roveyayinevi.com.tr\/index.php\/wp-json\/wp\/v2\/media?parent=755652"}],"wp:term":[{"taxonomy":"product_brand","embeddable":true,"href":"https:\/\/roveyayinevi.com.tr\/index.php\/wp-json\/wp\/v2\/product_brand?post=755652"},{"taxonomy":"product_cat","embeddable":true,"href":"https:\/\/roveyayinevi.com.tr\/index.php\/wp-json\/wp\/v2\/product_cat?post=755652"},{"taxonomy":"product_tag","embeddable":true,"href":"https:\/\/roveyayinevi.com.tr\/index.php\/wp-json\/wp\/v2\/product_tag?post=755652"}],"curies":[{"name":"wp","href":"https:\/\/api.w.org\/{rel}","templated":true}]}}