{"id":755650,"date":"2025-08-28T06:45:18","date_gmt":"2025-08-28T03:45:18","guid":{"rendered":"https:\/\/roveyayinevi.com.tr\/index.php\/urun\/adim-adim-resim-ciziyorum-hayvanat-bahcesi\/"},"modified":"2026-04-16T03:08:49","modified_gmt":"2026-04-16T00:08:49","slug":"adim-adim-resim-ciziyorum-hayvanat-bahcesi","status":"publish","type":"product","link":"https:\/\/roveyayinevi.com.tr\/index.php\/urun\/adim-adim-resim-ciziyorum-hayvanat-bahcesi\/","title":{"rendered":"Ad\u0131m Ad\u0131m Resim \u00c7iziyorum: Hayvanat Bah\u00e7esi"},"content":{"rendered":"<p>Ad\u0131m ad\u0131m ilerleyen y\u00f6nergeleri takip ederek bir\u00e7ok hayvan resmini kolayca \u00e7izebileceksin! \u00dcstelik yapt\u0131\u011f\u0131n resimlerle yetene\u011fini sergileyebilmen i\u00e7in sana yeterince bo\u015f yer de b\u0131rakt\u0131k. Zamanla kendi tekni\u011fini geli\u015ftirecek, kendi tarz\u0131n\u0131 ortaya koyarak \u00e7evrendekileri b\u00fcy\u00fcleyeceksin.   O halde k\u00e2\u011f\u0131t, kalem ve boyalar\u0131n\u0131 haz\u0131rla! Resim yaparak e\u011flenme f\u0131rsat\u0131n\u0131 ka\u00e7\u0131rma. Aman dikkat! Kitab\u0131na g\u00f6z\u00fcn gibi bak\u0131p elinin alt\u0131ndan asla ay\u0131rma \u00e7\u00fcnk\u00fc onu b\u00fcy\u00fcklerle payla\u015fmak zorunda kalabilirsin!<\/p>\n","protected":false},"excerpt":{"rendered":"<p>Ad\u0131m ad\u0131m ilerleyen y\u00f6nergeleri takip ederek bir\u00e7ok hayvan resmini kolayca \u00e7izebileceksin! \u00dcstelik yapt\u0131\u011f\u0131n resimlerle yetene\u011fini sergileyebilmen i\u00e7in sana yeterince bo\u015f yer de b\u0131rakt\u0131k. Zamanla kendi tekni\u011fini<span class=\"excerpt-hellip\"> [\u2026]<\/span><\/p>\n","protected":false},"featured_media":0,"template":"","meta":{"_monsterinsights_skip_tracking":false,"_monsterinsights_sitenote_active":false,"_monsterinsights_sitenote_note":"","_monsterinsights_sitenote_category":0},"product_brand":[],"product_cat":[12274],"product_tag":[],"class_list":{"0":"post-755650","1":"product","2":"type-product","3":"status-publish","5":"product_cat-cocuk-ve-genclik-kitaplari","6":"pa_cilt-ciltsiz","7":"pa_tur-kitap","8":"pa_yayinevi-1001-cicek-kitaplar","9":"pa_yazar-fiona-watt-candice-whatmore","11":"first","12":"instock","13":"sale","14":"shipping-taxable","15":"purchasable","16":"product-type-simple"},"_links":{"self":[{"href":"https:\/\/roveyayinevi.com.tr\/index.php\/wp-json\/wp\/v2\/product\/755650","targetHints":{"allow":["GET"]}}],"collection":[{"href":"https:\/\/roveyayinevi.com.tr\/index.php\/wp-json\/wp\/v2\/product"}],"about":[{"href":"https:\/\/roveyayinevi.com.tr\/index.php\/wp-json\/wp\/v2\/types\/product"}],"wp:attachment":[{"href":"https:\/\/roveyayinevi.com.tr\/index.php\/wp-json\/wp\/v2\/media?parent=755650"}],"wp:term":[{"taxonomy":"product_brand","embeddable":true,"href":"https:\/\/roveyayinevi.com.tr\/index.php\/wp-json\/wp\/v2\/product_brand?post=755650"},{"taxonomy":"product_cat","embeddable":true,"href":"https:\/\/roveyayinevi.com.tr\/index.php\/wp-json\/wp\/v2\/product_cat?post=755650"},{"taxonomy":"product_tag","embeddable":true,"href":"https:\/\/roveyayinevi.com.tr\/index.php\/wp-json\/wp\/v2\/product_tag?post=755650"}],"curies":[{"name":"wp","href":"https:\/\/api.w.org\/{rel}","templated":true}]}}